{"id":66520,"date":"2026-02-12T11:52:22","date_gmt":"2026-02-12T10:52:22","guid":{"rendered":"https:\/\/arena-ticket.com\/?p=66520&#038;post_type=product&#038;preview_id=66520"},"modified":"2026-02-12T13:13:28","modified_gmt":"2026-02-12T12:13:28","slug":"szenische-lesung-mit-corinna-harfouch-die-nachtigall-des-zaren-leipzig-schauspielhaus-06-03-2026-1930-uhr","status":"publish","type":"product","link":"https:\/\/arena-ticket.com\/en\/product\/szenische-lesung-mit-corinna-harfouch-die-nachtigall-des-zaren-leipzig-schauspielhaus-06-03-2026-1930-uhr\/","title":{"rendered":"Szenische Lesung  - mit Corinna Harfouch Die Nachtigall des Zaren"},"content":{"rendered":"<p>Szenische Lesung mit Corinna Harfouch<\/p>\n<p>Die Nachtigall des Zaren aus dem Lebensbericht des Kastraten Filippo Balatri (1682\u20131756)<\/p>\n<p>Im Jahr 1700 schickt Zar Peter der Gro\u00dfe eine Gesandtschaft zu Ayuki- Khan, dem Herrscher der Kalm\u00fccken. Mit von der Partie ist ein halbw\u00fcchsiger Sopranist, Filippo Balatri, Leib-Eunuch des Zaren. Als der junge S\u00e4nger die Zeltstadt in der Steppe erreicht, ist der Gro\u00dfe Khan von seinem Belcanto hingerissen. Ayukis Abschiedsgeschenk f\u00fcr Filippo, ein kostbarer Goldstoff, wird sp\u00e4ter den Sonnenk\u00f6nig Ludwig XIV. vor Neid erblassen lassen - nur zwei Episoden aus Filippo Balatris bizarrem, grausamsch\u00f6nen Leben.<\/p>\n<p>Die Autorin Christine Wunnicke hat die wundersame und faszinierende Lebensgeschichte dieses Star-Kastraten auf Grundlage seiner umfangreichen \u00fcberlieferten Original-Handschriften in \u201eDie Nachtigall des Zaren\u201c detailgetreu und anekdotenreich rekonstruiert. Wir folgen dem S\u00e4nger in den h\u00f6fischen Alltag, in die europ\u00e4ische Kunstszene und auf die strapazi\u00f6sen Reisen im 18. Jahrhundert zwischen der kalm\u00fcckischen Steppe, Pisa und Moskau, Paris und D\u00fcsseldorf, M\u00fcnchen und Wien.<\/p>","protected":false},"excerpt":{"rendered":"<p>Get your tickets here now!<\/p>\n<p>Erm\u00e4\u00dfigte Karten f\u00fcr Sch\u00fcler- und Studierende, Azubis und Schwerbehinderte mit Ausweis.<\/p>","protected":false},"featured_media":66533,"template":"","meta":{"_acf_changed":false,"inline_featured_image":false},"product_brand":[],"product_cat":[31,922,86,35,535,6767,21,58],"product_tag":[941,951,943,7043,944,3158,309,2517,947,948],"class_list":{"0":"post-66520","1":"product","2":"type-product","3":"status-publish","4":"has-post-thumbnail","6":"product_cat-events","7":"product_cat-kultur","8":"product_cat-leipzig","9":"product_cat-orte","10":"product_cat-schauspielhaus-leipzig","11":"product_cat-theater","12":"product_cat-ticket","13":"product_cat-veranstaltung","14":"product_tag-events","15":"product_tag-kultur","16":"product_tag-leipzig","17":"product_tag-mit-corinna-harfouch-die-nachtigall-des-zaren","18":"product_tag-orte","19":"product_tag-schauspielhaus-leipzig","20":"product_tag-szenische-lesung","21":"product_tag-theater","22":"product_tag-ticket","23":"product_tag-veranstaltung","24":"product_shipping_class-nur_paketversand","25":"pa_discount-ermaessigt","26":"pa_discount-normalpreis","27":"pa_preiskategorie-pk-i","29":"first","30":"instock","31":"taxable","32":"shipping-taxable","33":"purchasable","34":"product-type-variable"},"group_of_quantity":0,"min_quantity":0,"max_quantity":"","exclude_order_quantity_value_rules":"no","exclude_category_quantity_rules":"no","combine_variations":"no","acf":[],"_links":{"self":[{"href":"https:\/\/arena-ticket.com\/en\/wp-json\/wp\/v2\/product\/66520","targetHints":{"allow":["GET"]}}],"collection":[{"href":"https:\/\/arena-ticket.com\/en\/wp-json\/wp\/v2\/product"}],"about":[{"href":"https:\/\/arena-ticket.com\/en\/wp-json\/wp\/v2\/types\/product"}],"wp:featuredmedia":[{"embeddable":true,"href":"https:\/\/arena-ticket.com\/en\/wp-json\/wp\/v2\/media\/66533"}],"wp:attachment":[{"href":"https:\/\/arena-ticket.com\/en\/wp-json\/wp\/v2\/media?parent=66520"}],"wp:term":[{"taxonomy":"product_brand","embeddable":true,"href":"https:\/\/arena-ticket.com\/en\/wp-json\/wp\/v2\/product_brand?post=66520"},{"taxonomy":"product_cat","embeddable":true,"href":"https:\/\/arena-ticket.com\/en\/wp-json\/wp\/v2\/product_cat?post=66520"},{"taxonomy":"product_tag","embeddable":true,"href":"https:\/\/arena-ticket.com\/en\/wp-json\/wp\/v2\/product_tag?post=66520"}],"curies":[{"name":"wp","href":"https:\/\/api.w.org\/{rel}","templated":true}]}}