{"id":66536,"date":"2026-02-12T12:39:07","date_gmt":"2026-02-12T11:39:07","guid":{"rendered":"https:\/\/arena-ticket.com\/?p=66536&#038;post_type=product&#038;preview_id=66536"},"modified":"2026-03-04T11:08:57","modified_gmt":"2026-03-04T10:08:57","slug":"lesung-lukas-rietzschel-sanditz-buchpremiere-leipzig-schauspielhaus-20-03-2026-1930-uhr","status":"publish","type":"product","link":"https:\/\/arena-ticket.com\/en\/product\/lesung-lukas-rietzschel-sanditz-buchpremiere-leipzig-schauspielhaus-20-03-2026-1930-uhr\/","title":{"rendered":"Lesung Lukas Rietzschel - Sanditz - Buchpremiere"},"content":{"rendered":"<p>Lesung: Lukas Rietzschel: Sanditz - Buchpremiere<\/p>\n<p>Gemeinsam pr\u00e4sentieren dtv und Schauspiel Leipzig die Buchpremiere von Lukas Rietzschels neuem Roman \u201eSanditz\u201c im Rahmen von \u201eLeipzig liest\u201c. Ensemblemitglieder des Schauspiel Leipzig lesen aus dem Roman, Cornelius Pollmer (DIE ZEIT) ist im Gespr\u00e4ch mit Lukas Rietzschel.<\/p>\n<p>Im Mittelpunkt des Romans steht Sanditz, eine fiktive Kleinstadt am Rande eines Braunkohle-Tagebaus. In Episoden folgt Lukas Rietzschel den Menschen und verschlungenen Lebenswegen in Sanditz (und dar\u00fcber hinaus) von der DDR der sp\u00e4ten 1970er Jahre bis ins Deutschland der Gegenwart. Rietzschel verwebt dabei die Erz\u00e4hlung einer Familie und ihres Lebens in Sanditz zu einem Panorama deutscher Geschichten \u2013 vom Ende der DDR bis in die j\u00fcngste Zeit, vom Besetzen der \u00f6rtlichen Stasi-Zentrale bis zum Kampf eines Freiwilligen in der Ukraine, vom Abrackern auf westdeutschen Baustellen bis zum isolierten Inseldasein w\u00e4hrend der Corona-Pandemie.<\/p>\n<p>Nachdem am Schauspiel Leipzig 2021 schon die Urauff\u00fchrung von Lukas Rietzschels erstem Theatertext \u201eWiderstand\u201c und im vergangenen November die Urauff\u00fchrung seines \u201eGirschkartens\u201c stattgefunden hat, ist das Haus nun auch der Ort der Buchpremiere des neuen Romans.<\/p>","protected":false},"excerpt":{"rendered":"<p>Get your tickets here now!<\/p>\n<p>Erm\u00e4\u00dfigte Karten f\u00fcr Sch\u00fcler- und Studierende, Azubis und Schwerbehinderte mit Ausweis.<\/p>","protected":false},"featured_media":66542,"template":"","meta":{"_acf_changed":false,"inline_featured_image":false},"product_brand":[],"product_cat":[31,922,86,35,535,6767,21,58],"product_tag":[941,951,943,7044,944,7045,3158,2517,947,948],"class_list":{"0":"post-66536","1":"product","2":"type-product","3":"status-publish","4":"has-post-thumbnail","6":"product_cat-events","7":"product_cat-kultur","8":"product_cat-leipzig","9":"product_cat-orte","10":"product_cat-schauspielhaus-leipzig","11":"product_cat-theater","12":"product_cat-ticket","13":"product_cat-veranstaltung","14":"product_tag-events","15":"product_tag-kultur","16":"product_tag-leipzig","17":"product_tag-lesung-lukas-rietzschel","18":"product_tag-orte","19":"product_tag-sanditz-buchpremiere","20":"product_tag-schauspielhaus-leipzig","21":"product_tag-theater","22":"product_tag-ticket","23":"product_tag-veranstaltung","24":"product_shipping_class-nur_paketversand","25":"pa_discount-ermaessigt","26":"pa_discount-normalpreis","27":"pa_preiskategorie-pk-i","29":"first","30":"instock","31":"taxable","32":"shipping-taxable","33":"purchasable","34":"product-type-variable"},"group_of_quantity":0,"min_quantity":0,"max_quantity":"","exclude_order_quantity_value_rules":"no","exclude_category_quantity_rules":"no","combine_variations":"no","acf":[],"_links":{"self":[{"href":"https:\/\/arena-ticket.com\/en\/wp-json\/wp\/v2\/product\/66536","targetHints":{"allow":["GET"]}}],"collection":[{"href":"https:\/\/arena-ticket.com\/en\/wp-json\/wp\/v2\/product"}],"about":[{"href":"https:\/\/arena-ticket.com\/en\/wp-json\/wp\/v2\/types\/product"}],"wp:featuredmedia":[{"embeddable":true,"href":"https:\/\/arena-ticket.com\/en\/wp-json\/wp\/v2\/media\/66542"}],"wp:attachment":[{"href":"https:\/\/arena-ticket.com\/en\/wp-json\/wp\/v2\/media?parent=66536"}],"wp:term":[{"taxonomy":"product_brand","embeddable":true,"href":"https:\/\/arena-ticket.com\/en\/wp-json\/wp\/v2\/product_brand?post=66536"},{"taxonomy":"product_cat","embeddable":true,"href":"https:\/\/arena-ticket.com\/en\/wp-json\/wp\/v2\/product_cat?post=66536"},{"taxonomy":"product_tag","embeddable":true,"href":"https:\/\/arena-ticket.com\/en\/wp-json\/wp\/v2\/product_tag?post=66536"}],"curies":[{"name":"wp","href":"https:\/\/api.w.org\/{rel}","templated":true}]}}