{"id":66543,"date":"2026-02-12T12:48:16","date_gmt":"2026-02-12T11:48:16","guid":{"rendered":"https:\/\/arena-ticket.com\/?p=66543&#038;post_type=product&#038;preview_id=66543"},"modified":"2026-02-19T15:39:27","modified_gmt":"2026-02-19T14:39:27","slug":"lesung-christian-von-aster-matinee-am-buchmessesonntag-leipzig-krystallpalast-variete-20-03-2026-1930-uhr-kopie","status":"publish","type":"product","link":"https:\/\/arena-ticket.com\/en\/product\/lesung-christian-von-aster-matinee-am-buchmessesonntag-leipzig-krystallpalast-variete-20-03-2026-1930-uhr-kopie\/","title":{"rendered":"Lesung: Christian von Aster - Matinee am Buchmessesonntag"},"content":{"rendered":"<p>Die au\u00dferordentlich unwahrscheinliche R\u00fcckkehr des j\u00fcdischen Meisterdetektivs Shylock Holmes und seines Assistenten Dr. Wa\u2019Tsun<\/p>\n<p>Werden Sie im wie daf\u00fcr geschaffenen Ambiente des Leipziger Krystallpalastes halbheimlicher Ohrenzeuge der au\u00dferordentlich unwahrscheinlichen R\u00fcckkehr des j\u00fcdischen Meisterdetektivs Shylock Holmes und seines Assistenten Dr. Wa\u2019Tsun. Dies ist der zweite Roman \u00fcber den 94-j\u00e4hrigen Ermittler, seinen akkupunktierkundigen Freund und die ungeheuerliche Wahrheit um die Entstehung der vermutlich ber\u00fchmtesten Detektivfigur der Literaturgeschichte.<\/p>\n<p>Nachdem bei einem Anschlag auf Shylock Holmes dessen Frau zu Tode gekommen ist, verl\u00e4sst der alternde Detektiv das Land. Seine Flucht vor geheimnisvollen, \u00fcberm\u00e4chtigen Gegnern f\u00fchrt ihn quer durch Europa, wobei Holmes unter anderem einen Zug voller Auftragsm\u00f6rder, einen lobotomisierungsfreudigen Irrenarzt und ein ehrgeiziges Enth\u00fcllungsjournalistenehepaar zu \u00fcberwinden hat.<\/p>\n<p>Und w\u00e4hrend die Beziehung von Shylock Holmes und Arthur Conan Doyle auf eine schwere Probe gestellt wird, l\u00fcftet der Detektiv ganz nebenbei auch noch das Geheimnis des wirklichen Hundes von Baskerville.<\/p>","protected":false},"excerpt":{"rendered":"<p>Get your tickets here now!<\/p>","protected":false},"featured_media":66548,"template":"","meta":{"_acf_changed":false,"inline_featured_image":false},"product_brand":[],"product_cat":[31,427,922,86,6764,35,21,58],"product_tag":[941,2740,3023,951,943,1691,4905,7046,944,947,948],"class_list":{"0":"post-66543","1":"product","2":"type-product","3":"status-publish","4":"has-post-thumbnail","6":"product_cat-events","7":"product_cat-krystallpalast-variete","8":"product_cat-kultur","9":"product_cat-leipzig","10":"product_cat-lesung","11":"product_cat-orte","12":"product_cat-ticket","13":"product_cat-veranstaltung","14":"product_tag-events","15":"product_tag-krystallpalast","16":"product_tag-krystallpalast-variete","17":"product_tag-kultur","18":"product_tag-leipzig","19":"product_tag-lesung","20":"product_tag-lesung-christian-von-aster","21":"product_tag-matinee-am-buchmessesonntag","22":"product_tag-orte","23":"product_tag-ticket","24":"product_tag-veranstaltung","25":"product_shipping_class-nur_paketversand","26":"pa_discount-ermaessigt","27":"pa_discount-normalpreis","28":"pa_preiskategorie-pk-i","30":"first","31":"instock","32":"taxable","33":"shipping-taxable","34":"purchasable","35":"product-type-variable"},"group_of_quantity":0,"min_quantity":0,"max_quantity":"","exclude_order_quantity_value_rules":"no","exclude_category_quantity_rules":"no","combine_variations":"no","acf":[],"_links":{"self":[{"href":"https:\/\/arena-ticket.com\/en\/wp-json\/wp\/v2\/product\/66543","targetHints":{"allow":["GET"]}}],"collection":[{"href":"https:\/\/arena-ticket.com\/en\/wp-json\/wp\/v2\/product"}],"about":[{"href":"https:\/\/arena-ticket.com\/en\/wp-json\/wp\/v2\/types\/product"}],"wp:featuredmedia":[{"embeddable":true,"href":"https:\/\/arena-ticket.com\/en\/wp-json\/wp\/v2\/media\/66548"}],"wp:attachment":[{"href":"https:\/\/arena-ticket.com\/en\/wp-json\/wp\/v2\/media?parent=66543"}],"wp:term":[{"taxonomy":"product_brand","embeddable":true,"href":"https:\/\/arena-ticket.com\/en\/wp-json\/wp\/v2\/product_brand?post=66543"},{"taxonomy":"product_cat","embeddable":true,"href":"https:\/\/arena-ticket.com\/en\/wp-json\/wp\/v2\/product_cat?post=66543"},{"taxonomy":"product_tag","embeddable":true,"href":"https:\/\/arena-ticket.com\/en\/wp-json\/wp\/v2\/product_tag?post=66543"}],"curies":[{"name":"wp","href":"https:\/\/api.w.org\/{rel}","templated":true}]}}