{"id":66555,"date":"2026-02-12T13:32:56","date_gmt":"2026-02-12T12:32:56","guid":{"rendered":"https:\/\/arena-ticket.com\/?p=66555&#038;post_type=product&#038;preview_id=66555"},"modified":"2026-04-07T11:05:21","modified_gmt":"2026-04-07T09:05:21","slug":"sie-waren-neun-der-weg-in-die-freiheit-szenische-lesung-leipzig-nikolaikirche-13-04-2026-1900-uhr","status":"publish","type":"product","link":"https:\/\/arena-ticket.com\/en\/product\/sie-waren-neun-der-weg-in-die-freiheit-szenische-lesung-leipzig-nikolaikirche-13-04-2026-1900-uhr\/","title":{"rendered":"Sie waren neun. Der Weg in die Freiheit  - szenische Lesung"},"content":{"rendered":"<p>Gwen Strauss SIE WAREN NEUN. Der Weg in die Freiheit. Eine szenische Lesung.                                                                                                     <\/p>\n<p>Wie erz\u00e4hlen wir die Dunkelheit unserer Geschichte, wenn Zeitzeug:innen nicht mehr sprechen k\u00f6nnen? SIE WAREN NEUN. Der Weg in die Freiheit., das preisgekr\u00f6nte Buch von Gwen Strauss, gibt ihnen ihre Stimmen zur\u00fcck. Es erz\u00e4hlt die wahre Geschichte von neun jungen Frauen aus der R\u00e9sistance, die Lager, Zwangsarbeit und einen Todesmarsch \u00fcberlebten. Eine szenische Lesung mit neun Schauspielerinnen bringt dieses Buch auf die B\u00fchne \u2013 als eindringliches Erinnern, das Mut macht. Gerade jetzt. Gerade hier.<br \/>\nMitwirkende: Andrea Kathrin Loewig, Marijam Agischewa, Claudia Wenzel, Julia J\u00e4ger, Christina Petersen, Rike Sch\u00e4ffer, Leslie-Vanilla Lill, Sarah Alles, Vanessa Rottenburg.<\/p>\n<p>Mit freundlicher Unterst\u00fctzung durch das F\u00f6rderprogramm \u201eSehnsucht nach Freiheit\u201c, das Zentrum f\u00fcr Kultur\/Geschichte, die Landeshauptstadt Dresden \u2013 Amt f\u00fcr Kultur und Denkmalschutz, die Saxonia Media Filmproduktionsgesellschaft mbH, das Theater am Rand sowie art revolution. Diese Ma\u00dfnahme wird mitfinanziert durch Steuermittel auf der Grundlage des vom S\u00e4chsischen Landtag beschlossenen Haushaltes.<\/p>","protected":false},"excerpt":{"rendered":"<p>Gwen Strauss<br \/>\nSIE WAREN NEUN. Der Weg in die Freiheit.<br \/>\nEine szenische Lesung <\/p>\n<p>Einlass: 18:30 Uhr \/ Beginn: 19.00 Uhr<\/p>\n<p>Erm\u00e4\u00dfigt: Studierende, Rentner:innen, BuFDis, Azubis, Sch\u00fcler:innen<\/p>","protected":false},"featured_media":66560,"template":"","meta":{"_acf_changed":false,"inline_featured_image":false},"product_brand":[],"product_cat":[31,922,86,6764,455,35,21,58,6581],"product_tag":[941,951,943,1691,2559,944,7049,309,947,948,2048],"class_list":{"0":"post-66555","1":"product","2":"type-product","3":"status-publish","4":"has-post-thumbnail","6":"product_cat-events","7":"product_cat-kultur","8":"product_cat-leipzig","9":"product_cat-lesung","10":"product_cat-nikolaikirche","11":"product_cat-orte","12":"product_cat-ticket","13":"product_cat-veranstaltung","14":"product_cat-weihnachten","15":"product_tag-events","16":"product_tag-kultur","17":"product_tag-leipzig","18":"product_tag-lesung","19":"product_tag-nikolaikirche","20":"product_tag-orte","21":"product_tag-sie-waren-neun-der-weg-in-die-freiheit","22":"product_tag-szenische-lesung","23":"product_tag-ticket","24":"product_tag-veranstaltung","25":"product_tag-weihnachten","26":"product_shipping_class-nur_paketversand","27":"pa_discount-ermaessigt","28":"pa_discount-normalpreis","29":"pa_discount-schueler","30":"pa_preiskategorie-freie-platzwahl","32":"first","33":"instock","34":"taxable","35":"shipping-taxable","36":"purchasable","37":"product-type-variable"},"group_of_quantity":0,"min_quantity":0,"max_quantity":"","exclude_order_quantity_value_rules":"no","exclude_category_quantity_rules":"no","combine_variations":"no","acf":[],"_links":{"self":[{"href":"https:\/\/arena-ticket.com\/en\/wp-json\/wp\/v2\/product\/66555","targetHints":{"allow":["GET"]}}],"collection":[{"href":"https:\/\/arena-ticket.com\/en\/wp-json\/wp\/v2\/product"}],"about":[{"href":"https:\/\/arena-ticket.com\/en\/wp-json\/wp\/v2\/types\/product"}],"wp:featuredmedia":[{"embeddable":true,"href":"https:\/\/arena-ticket.com\/en\/wp-json\/wp\/v2\/media\/66560"}],"wp:attachment":[{"href":"https:\/\/arena-ticket.com\/en\/wp-json\/wp\/v2\/media?parent=66555"}],"wp:term":[{"taxonomy":"product_brand","embeddable":true,"href":"https:\/\/arena-ticket.com\/en\/wp-json\/wp\/v2\/product_brand?post=66555"},{"taxonomy":"product_cat","embeddable":true,"href":"https:\/\/arena-ticket.com\/en\/wp-json\/wp\/v2\/product_cat?post=66555"},{"taxonomy":"product_tag","embeddable":true,"href":"https:\/\/arena-ticket.com\/en\/wp-json\/wp\/v2\/product_tag?post=66555"}],"curies":[{"name":"wp","href":"https:\/\/api.w.org\/{rel}","templated":true}]}}