{"id":66566,"date":"2026-02-12T14:09:39","date_gmt":"2026-02-12T13:09:39","guid":{"rendered":"https:\/\/arena-ticket.com\/?p=66566&#038;post_type=product&#038;preview_id=66566"},"modified":"2026-02-12T14:58:38","modified_gmt":"2026-02-12T13:58:38","slug":"die-jungfrau-von-orleans-leipzig-schauspielhaus-11-06-2026-1930-uhr","status":"publish","type":"product","link":"https:\/\/arena-ticket.com\/en\/product\/die-jungfrau-von-orleans-leipzig-schauspielhaus-11-06-2026-1930-uhr\/","title":{"rendered":"Die Jungfrau von Orleans"},"content":{"rendered":"<div class=\"headline --size-h1\">\n<div class=\"headline --size-h1\">\n<p class=\"headline__headline\">Die Jungfrau von Orleans von Friedrich Schiller<\/p>\n<p>&nbsp;<\/p>\n<\/div>\n<\/div>\n<p>Frankreich, 1429: Seit fast 100 Jahren ist das Land von kriegerischen Auseinandersetzungen zerrissen. Das englische K\u00f6nigshaus streitet sich mit der angestammten franz\u00f6sischen Herrscherdynastie der Valois um die legitime Herrschaft. Dank der Unterst\u00fctzung durch den innerfranz\u00f6sischen Rivalen der Valois, den Herzog von Burgund, ist es den Invasoren gelungen, Paris einzunehmen. Der schwache Kronprinz Karl scheint nicht in der Lage, sich in diesem Spiel um Macht und Einfluss durchzusetzen.<\/p>\n<p>Inmitten dieser Gemengelage w\u00e4chst eine junge Frau auf: Johanna. Zu ihrem eigenen Schutz vor den Kriegswirren, so der Vater, sollen die T\u00f6chter verheiratet werden\u2009\u2014\u2009aber Johanna macht nicht mit. Sie wei\u00df: Sie ist zu H\u00f6herem bestimmt\u2009\u2014\u2009das hat ihr die Muttergottes selbst in einer Vision verraten. Ihr Schicksal ist es, die franz\u00f6sische Nation zur Einheit zu f\u00fchren und dem Kronprinzen zur K\u00f6nigskr\u00f6nung zu verhelfen.<\/p>\n<p>Johanna ist den verzagten und mutlosen Heerf\u00fchrern zun\u00e4chst n\u00fctzlich, sie wird zur Propagandachefin des schwachen Kronpr\u00e4tendenten, und auch auf dem Schlachtfeld ist sie der Schrecken der Invasorenarmee.<br \/>\nDoch sie ist kompromisslos von ihrer Sendung \u00fcberzeugt, und: Sie ist eine Spielerin, die wie im Rausch bereit ist, immer h\u00f6here Eins\u00e4tze auf eine einzige Karte zu setzen.<br \/>\nIhr Fanatismus l\u00e4sst sie ihren vormaligen Bundesgenossen unheimlich werden. Sie, die gerade noch die Massen begeistert hat, soll durch Heirat g\u00e4ngigen Weiblichkeitsbildern angepasst und ins bestehende Gesellschaftssystem eingegliedert werden.<\/p>\n<p>Aber nur Johanna selbst kann Johanna aus der Bahn werfen. Eine Begegnung auf dem Schlachtfeld erinnert sie daran, dass sie ein Mensch mit Sehns\u00fcchten und Begehrensf\u00e4higkeit ist. In ihrem Selbstbild ersch\u00fcttert, wird sie zur leichten Zielscheibe f\u00fcr Anfeindungen von Freund und Feind, bis hin zum Vorwurf der Teufelsanbetung. Sie muss fliehen, ger\u00e4t schlie\u00dflich in englische Gefangenschaft. Das Schlimmste scheint bevorzustehen\u2009\u2014\u2009doch nur Johanna selbst kann Johanna wieder aufrichten \u2026<\/p>\n<p>Wie in vielen anderen seiner Dramen bedient sich Friedrich Schiller, der auch als Historiker t\u00e4tig war, in \u201eDie Jungfrau von Orleans\u201c bei realen Ereignissen. Die Lebensgeschichte von Jeanne d\u2019Arc, die von 1412 bis 1431 lebte und im Hundertj\u00e4hrigen Krieg entscheidende Wendungen mit ausgel\u00f6st hat, geh\u00f6rt fest zur franz\u00f6sischen Nationalmythologie und ist vielfach k\u00fcnstlerisch adaptiert worden.<\/p>\n<p>Nuran David Calis ist Regisseur, Autor und Filmemacher. Neben seinen Inszenierungen klassischer Theatertexte widmet er sich auch \u00dcberschreibungen wie \u201eFr\u00fchlings Erwachen! (LIVE FAST\u2009\u2014\u2009DIE YOUNG) oder \u201eNathan\u201c. Zudem gilt er als Experte f\u00fcr dokumentarische Theaterformate mit politischen Schwerpunkten. Er inszenierte u.\u2009a. \u201eDie L\u00fccke\u2009\u2014\u2009Ein St\u00fcck Keupstra\u00dfe\u201c, bei dem Zeugen des NSU-Nagelbombenanschlags von 2004 auf der B\u00fchne des Schauspiel K\u00f6ln zu Wort kamen, oder am Schauspiel Frankfurt \u201eNSU 2.0\u201c und \u201eLeaks\u201c.<br \/>\nAb der Spielzeit 2025\u2009\/\u200926 ist Calis Schauspieldirektor am Salzburger Landestheater. \u201eDie Jungfrau von Orleans\u201c ist seine mittlerweile sechste Arbeit am Schauspiel Leipzig.<\/p>\n<p>&nbsp;<\/p>","protected":false},"excerpt":{"rendered":"<div class=\"headline --size-h1\">\n<p class=\"headline__headline\">von Friedrich Schiller<\/p>\n<\/div>\n<div class=\"spacer spacer--size-medium\"><\/div>","protected":false},"featured_media":66585,"template":"","meta":{"_acf_changed":false,"inline_featured_image":false},"product_brand":[],"product_cat":[31,922,86,35,535,6767,21,58],"product_tag":[7052,941,951,943,944,3158,2517,947,948],"class_list":{"0":"post-66566","1":"product","2":"type-product","3":"status-publish","4":"has-post-thumbnail","6":"product_cat-events","7":"product_cat-kultur","8":"product_cat-leipzig","9":"product_cat-orte","10":"product_cat-schauspielhaus-leipzig","11":"product_cat-theater","12":"product_cat-ticket","13":"product_cat-veranstaltung","14":"product_tag-die-jungfrau-von-orleans","15":"product_tag-events","16":"product_tag-kultur","17":"product_tag-leipzig","18":"product_tag-orte","19":"product_tag-schauspielhaus-leipzig","20":"product_tag-theater","21":"product_tag-ticket","22":"product_tag-veranstaltung","23":"product_shipping_class-nur_paketversand","24":"pa_discount-ermaessigt","25":"pa_discount-normalpreis","26":"pa_discount-schueler-student","27":"pa_preiskategorie-pk-i","28":"pa_preiskategorie-pk-ii","29":"pa_preiskategorie-pk-iii","30":"pa_preiskategorie-pk-iv","32":"first","33":"instock","34":"taxable","35":"shipping-taxable","36":"purchasable","37":"product-type-variable"},"group_of_quantity":0,"min_quantity":0,"max_quantity":"","exclude_order_quantity_value_rules":"no","exclude_category_quantity_rules":"no","combine_variations":"no","acf":[],"_links":{"self":[{"href":"https:\/\/arena-ticket.com\/en\/wp-json\/wp\/v2\/product\/66566","targetHints":{"allow":["GET"]}}],"collection":[{"href":"https:\/\/arena-ticket.com\/en\/wp-json\/wp\/v2\/product"}],"about":[{"href":"https:\/\/arena-ticket.com\/en\/wp-json\/wp\/v2\/types\/product"}],"wp:featuredmedia":[{"embeddable":true,"href":"https:\/\/arena-ticket.com\/en\/wp-json\/wp\/v2\/media\/66585"}],"wp:attachment":[{"href":"https:\/\/arena-ticket.com\/en\/wp-json\/wp\/v2\/media?parent=66566"}],"wp:term":[{"taxonomy":"product_brand","embeddable":true,"href":"https:\/\/arena-ticket.com\/en\/wp-json\/wp\/v2\/product_brand?post=66566"},{"taxonomy":"product_cat","embeddable":true,"href":"https:\/\/arena-ticket.com\/en\/wp-json\/wp\/v2\/product_cat?post=66566"},{"taxonomy":"product_tag","embeddable":true,"href":"https:\/\/arena-ticket.com\/en\/wp-json\/wp\/v2\/product_tag?post=66566"}],"curies":[{"name":"wp","href":"https:\/\/api.w.org\/{rel}","templated":true}]}}