{"id":66579,"date":"2026-02-12T14:12:21","date_gmt":"2026-02-12T13:12:21","guid":{"rendered":"https:\/\/arena-ticket.com\/?p=66579&#038;post_type=product&#038;preview_id=66579"},"modified":"2026-02-21T13:34:25","modified_gmt":"2026-02-21T12:34:25","slug":"melrose-avenue-a-taste-of-summer-tour-leipzig-naumanns-im-felsenkeller-10-06-2026-2000-uhr","status":"publish","type":"product","link":"https:\/\/arena-ticket.com\/en\/product\/melrose-avenue-a-taste-of-summer-tour-leipzig-naumanns-im-felsenkeller-10-06-2026-2000-uhr\/","title":{"rendered":"MELROSE AVENUE  - A Taste Of Summer Tour"},"content":{"rendered":"<section class=\"c-full c-inner c-narrow\" data-c=\"stageteasertext\" data-qa=\"stageteasertext-component\">\n<div class=\"container\">\n<div class=\"external-content no-margin\">\n<div class=\"u-position-relative js-moretext-wrapper\">\n<div class=\"moretext js-moretext expanded\" data-qa=\"readMoreText\">\n<div class=\"moretext-teaser\">\n<div class=\"artwork-image-container\">\n<div class=\"artwork-image\">\n<p>Spricht man \u00fcber die aufstrebendsten Metalcore-Bands der Stunde, f\u00fchrt kaum ein Weg an Melrose Avenue vorbei. Mit ihrem Mix aus eing\u00e4ngigem Pop und druckvollem Metalcore hat sich die Band seit 2022 eine weltweite Fanbase erspielt und nach Supporttouren f\u00fcr Ice Nine Kills, The Word Alive und The Funeral Portrait l\u00e4ngst den Sprung zu weltweiten Touren als Headliner gemeistert \u2013 und das ohne bisher ein Album ver\u00f6ffentlicht zu haben. Dass Melrose Avenue zweifelsfrei zu den gehyptesten australischen Metalcore-Bands der Stunde geh\u00f6ren, bewies auch ihre erste Europa-Headlinetour im November 2025, die direkt nach Start des Vorverkaufs restlos ausverkauft war. Im Sommer kommt die Band f\u00fcr ihre A Taste Of Summer Tour 2026 f\u00fcr drei Shows erneut zu uns nach Deutschland. Dass die Tickets f\u00fcr die Shows in diesem Sommer ebenfalls schnell ausverkauft sein werden und den Hype um Melrose Avenue weiter best\u00e4tigen, bleibt zu erwarten. Chancen, die Band noch einmal in intimer Clubatmosph\u00e4re zu erleben, gibt es im Leipziger Naumanns.<\/p>\n<p>Als Melrose Avenue 2022 ihre Metalcover von Avril Lavignes \u201eComplicated\u201d sowie Nickelbacks \u201ePhotograph\u201c ver\u00f6ffentlichten, l\u00f6ste die Band um TikTok-Star Vlado Saric schnell eine Welle innerhalb der internationalen Metalcore-Szene aus. Auch in ihren eigenen Songs verschreiben sich Melrose Avenue einem poppigen Metalcore-Sound, der mit harten Riffs, Breakdowns und eing\u00e4ngigen Refrains auf Songs wie ihrem bisher meistgestreamten Song \u201eSuffering\u201c oder \u201eThrough Hell\u201c im Jahr 2023 schnell gro\u00dfen Anklang findet. In einem Interview mit MoreCore.de beschrieb die Band ihren Sound j\u00fcngst wie folgt: \u201eWenn es eine Party w\u00e4re, w\u00fcrde Nickelback am Grill stehen, w\u00e4hrend Justin Bieber kocht, Bullet For My Valentine die Drinks mitbringen und Sleep Token den Nachtisch servieren.\u201c Nach einem Signing bei Hopeless Records im Jahr 2024 erschien die Deb\u00fct-EP \u201eFool and the Beggar\u201c, deren Titletrack zum n\u00e4chsten Erfolgstrack der Band wurde. Seit 2025 ver\u00f6ffentlicht die Band weitere Singles, von denen \u201eReflections\u201c sich zum n\u00e4chsten Fanfavoriten erhebt. Auf ihrer aktuellen Single \u201eThis Is The End\u201c widmen sich Melrose Avenue ihrer sanften Seite und pr\u00e4sentieren eine ruhige Ballade. Mit Akustikgitarren und Sarics gef\u00fchlvollem Gesang wird der Track zu einer emotionalen Singer-Songwriter-Ballade und bildet damit einen spannenden Kontrast zum Metal-lastigen Sound der bisherigen Singles. Ein erstes Album der Band wird von ihren Fans bisweilen mit gro\u00dfer Spannung erwartet.<\/p>\n<\/div>\n<\/div>\n<\/div>\n<\/div>\n<\/div>\n<\/div>\n<\/div>\n<\/section>\n<section class=\"c container\" data-c=\"eviwidget\" data-qa=\"evi-widget\">\n<div class=\"js-evi-wrapper theme-element-border evi-wrapper\">\n<div class=\"js-evi-box\">\n<div id=\"evi-widget-rule-11e8fcb5-8a5e-aaee-e6eb-996adb054c48\" class=\"evi-widget evi-widget evi-widget-type-ticket-alarm-single\"><\/div>\n<\/div>\n<\/div>\n<\/section>\n<p>&nbsp;<\/p>","protected":false},"excerpt":{"rendered":"<p>Pop-Metalcore-Durchstarter aus Australien f\u00fcr drei Sommer-Shows zur\u00fcck in Deutschland<\/p>","protected":false},"featured_media":66582,"template":"","meta":{"_acf_changed":false,"inline_featured_image":false},"product_brand":[],"product_cat":[31,69,86,6736,451,35,21,58],"product_tag":[7051,941,942,943,7050,6819,990,944,947,948],"class_list":{"0":"post-66579","1":"product","2":"type-product","3":"status-publish","4":"has-post-thumbnail","6":"product_cat-events","7":"product_cat-konzert","8":"product_cat-leipzig","9":"product_cat-metal-metalcore","10":"product_cat-naumanns-im-felsenkeller","11":"product_cat-orte","12":"product_cat-ticket","13":"product_cat-veranstaltung","14":"product_tag-a-taste-of-summer-tour","15":"product_tag-events","16":"product_tag-konzert","17":"product_tag-leipzig","18":"product_tag-melrose-avenue","19":"product_tag-metal-metalcore","20":"product_tag-naumanns-im-felsenkeller","21":"product_tag-orte","22":"product_tag-ticket","23":"product_tag-veranstaltung","24":"product_shipping_class-nur_paketversand","25":"pa_discount-normalpreis","26":"pa_preiskategorie-stehplatz","28":"first","29":"outofstock","30":"taxable","31":"shipping-taxable","32":"purchasable","33":"product-type-variable","34":"has-default-attributes"},"group_of_quantity":0,"min_quantity":0,"max_quantity":"","exclude_order_quantity_value_rules":"no","exclude_category_quantity_rules":"no","combine_variations":"no","acf":[],"_links":{"self":[{"href":"https:\/\/arena-ticket.com\/en\/wp-json\/wp\/v2\/product\/66579","targetHints":{"allow":["GET"]}}],"collection":[{"href":"https:\/\/arena-ticket.com\/en\/wp-json\/wp\/v2\/product"}],"about":[{"href":"https:\/\/arena-ticket.com\/en\/wp-json\/wp\/v2\/types\/product"}],"wp:featuredmedia":[{"embeddable":true,"href":"https:\/\/arena-ticket.com\/en\/wp-json\/wp\/v2\/media\/66582"}],"wp:attachment":[{"href":"https:\/\/arena-ticket.com\/en\/wp-json\/wp\/v2\/media?parent=66579"}],"wp:term":[{"taxonomy":"product_brand","embeddable":true,"href":"https:\/\/arena-ticket.com\/en\/wp-json\/wp\/v2\/product_brand?post=66579"},{"taxonomy":"product_cat","embeddable":true,"href":"https:\/\/arena-ticket.com\/en\/wp-json\/wp\/v2\/product_cat?post=66579"},{"taxonomy":"product_tag","embeddable":true,"href":"https:\/\/arena-ticket.com\/en\/wp-json\/wp\/v2\/product_tag?post=66579"}],"curies":[{"name":"wp","href":"https:\/\/api.w.org\/{rel}","templated":true}]}}