{"id":66587,"date":"2026-02-12T14:39:50","date_gmt":"2026-02-12T13:39:50","guid":{"rendered":"https:\/\/arena-ticket.com\/?p=66587&#038;post_type=product&#038;preview_id=66587"},"modified":"2026-02-12T15:05:39","modified_gmt":"2026-02-12T14:05:39","slug":"creeper-the-sangui-tour-2026-dresden-club-puschkin-12-05-2026-1930-uhr","status":"publish","type":"product","link":"https:\/\/arena-ticket.com\/en\/product\/creeper-the-sangui-tour-2026-dresden-club-puschkin-12-05-2026-1930-uhr\/","title":{"rendered":"CREEPER  - The Sangui-Tour 2026"},"content":{"rendered":"<article class=\"vt:bg-black vt:text-white\">\n<section class=\"my-10 md:my-14\">\n<div class=\"relative max-h-full overflow-hidden transition-all duration-500\">\n<div class=\"space-y-8\">\n<div class=\"panel panel-grid\">\n<div class=\"col-span-full md:col-span-10 md:col-start-2 lg:col-span-8 lg:col-start-3\">\n<div class=\"prose xl:text-md text-black vt:text-white\">\n<p>Support: The Howling<\/p>\n<p>Vampir-Rocker f\u00fcr zwei Clubshows im Sommer in Deutschland<\/p>\n<p>Creeper aus dem englischen Southampton haben einen Kult kreiert, der Glam-Rock, Horrorpunk und Goth-Rock in einem schaurigen Image vereint. Bereits mit dem Release mehrerer EPs konnten Creeper 2016 den Kerrang! Award als beste britische Newcomer sowie den Metal Hammer Golden Gods Award als beste neue Band gewinnen. 2017 wurden sie mit dem Rock Sound Award in der Kategorie \u201eBest British Breakthrough\u201c ausgezeichnet. Ihre ersten beiden Alben \u201eEternity, In Your Arms\u201c (2017) und \u201eSex, Death &amp; the Infinite Void\u201c (2020) eroberten die Top 20 beziehungsweise Top 5 der britischen Album-Charts und machten das d\u00fcstere Image der Band nach anf\u00e4nglichem Hype in Gro\u00dfbritannien schnell auch international bekannt. Nach ihrer Vampires In Europe Tour im Sommer 2025 k\u00fcndigte die Band Ende letzten Jahres die<br \/>\nTHE SANGUI-TOUR 26 an, die sie nach etlichen Shows in Gro\u00dfbritannien im Fr\u00fchjahr auch nach Deutschland f\u00fchren wird. Auf der Tour widmen sich Creeper exklusiv ihren beiden \u201eSanguivore\u201c-Alben (2023-2025), wie S\u00e4nger und Zeremonienmeister Willam von Ghould erkl\u00e4rt. \u201eZum ersten Mal werden Creeper exklusiv Songs von \u201aSanguivore\u2018und \u201aSanguivore II: Mistress of Death\u2018 spielen. Die Shows werden unseren Fans eine seltene Gelegenheit geben, die Band in unglaublich intimen Venues und St\u00e4dten zu sehen, die wir selten besuchen.\u201c F\u00fcr Deutschland bedeutet das zwei exklusive Clubshows im Mai: im Dresdner Puschkin sowie im Hannoveraner Mephisto, wo Creeper gemeinsam mit ihren Fans zwei einzigartig intime Konzertabende zelebrieren werden.<\/p>\n<p>Innerhalb ihrer \u201eSanguivore\u201c-\u00c4ra haben sich Creeper abermals selbst neuerfunden. Diesmal mit einer dunklen, teuflischen Dekadenz, die die Exzesse des 80er-Jahre-Arena-Rocks mit dem schw\u00e4rzesten Herzen des Goths und einem Blitzschlag theatralischer Flamboyanz vereint. Das erste \u201eSanguivore\u201c-Album erz\u00e4hlt die Geschichte der beiden vampirischen Verliebten Spook und Merci. Diese Geschichte f\u00fchren Creeper auf \u201eSanguivore II: Mistress of Death\u201cweiter. Das Album versetzte die Band in die Rolle von 80er-Jahre-Rockikonen, deren \u00fcberdimensionale Shows mit einem mysteri\u00f6sen Schleier der Toten einhergingen. Beide Alben sind gespickt mit musikalischen Highlights wie die mitrei\u00dfenden Hymnen \u201eCry To Heaven\u201c, \u201eHeadstones\u201c und \u201eBlood Magick (It\u2019s A Ritual)\u201c sowie das epische \u201eFurther Than Forever\u201c. Aber auch der Fanfavorit \u201eRazor Wire\u201c z\u00e4hlt zu den H\u00f6hepunkten und stellt einen Song dar, den Creeper auf ihrer Tour erstmalig live spielen werden. Ein regelrechtes Fest aus Saxofon, Sleaze und Sinnlichkeit.<\/p>\n<\/div>\n<\/div>\n<\/div>\n<\/div>\n<\/div>\n<\/section>\n<\/article>\n<footer class=\"bg-black text-white py-12\">\n<div class=\"panel panel-grid\">\n<div class=\"mt-12 2md:mt-0 2md:col-start-7 col-span-full 2md:col-span-6\">\n<div><\/div>\n<\/div>\n<\/div>\n<\/footer>","protected":false},"excerpt":{"rendered":"<p>Get your tickets here now!<\/p>","protected":false},"featured_media":66589,"template":"","meta":{"_acf_changed":false,"inline_featured_image":false},"product_brand":[],"product_cat":[383,87,31,69,35,6745,21,58],"product_tag":[6245,7053,940,941,942,944,6801,7054,947,948],"class_list":{"0":"post-66587","1":"product","2":"type-product","3":"status-publish","4":"has-post-thumbnail","6":"product_cat-club-puschkin","7":"product_cat-dresden","8":"product_cat-events","9":"product_cat-konzert","10":"product_cat-orte","11":"product_cat-punk-punkrock","12":"product_cat-ticket","13":"product_cat-veranstaltung","14":"product_tag-club-puschkin","15":"product_tag-creeper","16":"product_tag-dresden","17":"product_tag-events","18":"product_tag-konzert","19":"product_tag-orte","20":"product_tag-punk-punkrock","21":"product_tag-the-sangui-tour-2026","22":"product_tag-ticket","23":"product_tag-veranstaltung","24":"product_shipping_class-nur_paketversand","25":"pa_discount-normalpreis","26":"pa_preiskategorie-stehplatz","28":"first","29":"instock","30":"taxable","31":"shipping-taxable","32":"purchasable","33":"product-type-variable","34":"has-default-attributes"},"group_of_quantity":0,"min_quantity":0,"max_quantity":"","exclude_order_quantity_value_rules":"no","exclude_category_quantity_rules":"no","combine_variations":"no","acf":[],"_links":{"self":[{"href":"https:\/\/arena-ticket.com\/en\/wp-json\/wp\/v2\/product\/66587","targetHints":{"allow":["GET"]}}],"collection":[{"href":"https:\/\/arena-ticket.com\/en\/wp-json\/wp\/v2\/product"}],"about":[{"href":"https:\/\/arena-ticket.com\/en\/wp-json\/wp\/v2\/types\/product"}],"wp:featuredmedia":[{"embeddable":true,"href":"https:\/\/arena-ticket.com\/en\/wp-json\/wp\/v2\/media\/66589"}],"wp:attachment":[{"href":"https:\/\/arena-ticket.com\/en\/wp-json\/wp\/v2\/media?parent=66587"}],"wp:term":[{"taxonomy":"product_brand","embeddable":true,"href":"https:\/\/arena-ticket.com\/en\/wp-json\/wp\/v2\/product_brand?post=66587"},{"taxonomy":"product_cat","embeddable":true,"href":"https:\/\/arena-ticket.com\/en\/wp-json\/wp\/v2\/product_cat?post=66587"},{"taxonomy":"product_tag","embeddable":true,"href":"https:\/\/arena-ticket.com\/en\/wp-json\/wp\/v2\/product_tag?post=66587"}],"curies":[{"name":"wp","href":"https:\/\/api.w.org\/{rel}","templated":true}]}}