{"id":66627,"date":"2026-02-12T15:19:22","date_gmt":"2026-02-12T14:19:22","guid":{"rendered":"https:\/\/arena-ticket.com\/?p=66627&#038;post_type=product&#038;preview_id=66627"},"modified":"2026-02-12T15:25:19","modified_gmt":"2026-02-12T14:25:19","slug":"frida-gold-tour-2026-der-anker-leipzig-19-11-2026-2000-uhr","status":"publish","type":"product","link":"https:\/\/arena-ticket.com\/en\/product\/frida-gold-tour-2026-der-anker-leipzig-19-11-2026-2000-uhr\/","title":{"rendered":"Frida Gold  - Tour 2026"},"content":{"rendered":"<p>Support: CARY<\/p>\n<p><strong>Frida Gold \u2013 ein Name, der Melodien weckt.<\/strong><br \/>\nKaum jemand, der bei \u201eWovon sollen wir tr\u00e4umen\u201c oder \u201eLiebe ist meine Rebellion\u201c nicht sofort mitsingt oder sich an das Lebensgef\u00fchl erinnert, das diesen Songs innewohnt. Seit \u00fcber einem Jahrzehnt pr\u00e4gen Frida Gold den deutschsprachigen Pop mit ihren Songs, die zu Hymnen einer ganzen Generation wurden. Platin-Auszeichnungen, ein Nummer-eins-Album, ausverkaufte Tourneen und Millionen von Streams \u2013 all das ist Teil ihrer Geschichte.<\/p>\n<p>Aber Frida Gold sind eben nicht nur ihre Erfolge \u2013 sie sind Haltung. Es ist der Mut, Gef\u00fchle auszuhalten, sich verletzlich zu zeigen und der Komplexit\u00e4t des Lebens eine Stimme zu geben.<\/p>\n<p>2025 beginnt ein neues Kapitel, das sie mit der Morgenrot Tour 2026 auf die B\u00fchne bringen. Dort feiern sie nicht nur ihre neue EP Morgenrot (V\u00d6: 19.09.2025), sondern auch einen neuen Abschnitt ihrer k\u00fcnstlerischen Unabh\u00e4ngigkeit \u2013 mit Klarheit und Tiefe.<\/p>\n<p>Die Songs der EP r\u00fccken die leisen, oft \u00fcbersehenen \u00dcberg\u00e4nge ins Licht: vom Zweifel zur Zuversicht, vom Dunkel ins Helle. Sie handeln von Themen, die uns alle bewegen \u2013 Heilung, Zugeh\u00f6rigkeit, Verantwortung. Musik, die nicht auf schnelle Antworten setzt, sondern echte Fragen stellt \u2013 und uns dabei zum Tanzen einl\u00e4dt.<\/p>\n<p>Frida Gold stehen f\u00fcr einen Pop, der ber\u00fchrt, statt gefallen zu wollen. Alina S\u00fcggelers unverwechselbare Stimme \u2013 verletzlich und klar \u2013 wird live zur Kraft, die uns durch all das tr\u00e4gt, was das Leben ausmacht.<\/p>\n<p><strong>Die Morgenrot Tour ist Einladung und Versprechen zugleich: <\/strong>Sie ist keine Show \u2013 sie ist ein Erlebnis.<\/p>","protected":false},"excerpt":{"rendered":"<p>Get your tickets here now!<\/p>","protected":false},"featured_media":66631,"template":"","meta":{"_acf_changed":false,"inline_featured_image":false},"product_brand":[],"product_cat":[388,31,69,86,35,6733,21,58],"product_tag":[971,2859,941,6236,942,943,944,2506,947,4188,948],"class_list":{"0":"post-66627","1":"product","2":"type-product","3":"status-publish","4":"has-post-thumbnail","6":"product_cat-anker","7":"product_cat-events","8":"product_cat-konzert","9":"product_cat-leipzig","10":"product_cat-orte","11":"product_cat-pop","12":"product_cat-ticket","13":"product_cat-veranstaltung","14":"product_tag-anker","15":"product_tag-der-anker","16":"product_tag-events","17":"product_tag-frida-gold","18":"product_tag-konzert","19":"product_tag-leipzig","20":"product_tag-orte","21":"product_tag-pop","22":"product_tag-ticket","23":"product_tag-tour-2026","24":"product_tag-veranstaltung","25":"product_shipping_class-nur_paketversand","26":"pa_discount-normalpreis","27":"pa_preiskategorie-freie-platzwahl","28":"pa_preiskategorie-stehplatz","30":"first","31":"instock","32":"taxable","33":"shipping-taxable","34":"purchasable","35":"product-type-variable"},"group_of_quantity":0,"min_quantity":0,"max_quantity":"","exclude_order_quantity_value_rules":"no","exclude_category_quantity_rules":"no","combine_variations":"no","acf":[],"_links":{"self":[{"href":"https:\/\/arena-ticket.com\/en\/wp-json\/wp\/v2\/product\/66627","targetHints":{"allow":["GET"]}}],"collection":[{"href":"https:\/\/arena-ticket.com\/en\/wp-json\/wp\/v2\/product"}],"about":[{"href":"https:\/\/arena-ticket.com\/en\/wp-json\/wp\/v2\/types\/product"}],"wp:featuredmedia":[{"embeddable":true,"href":"https:\/\/arena-ticket.com\/en\/wp-json\/wp\/v2\/media\/66631"}],"wp:attachment":[{"href":"https:\/\/arena-ticket.com\/en\/wp-json\/wp\/v2\/media?parent=66627"}],"wp:term":[{"taxonomy":"product_brand","embeddable":true,"href":"https:\/\/arena-ticket.com\/en\/wp-json\/wp\/v2\/product_brand?post=66627"},{"taxonomy":"product_cat","embeddable":true,"href":"https:\/\/arena-ticket.com\/en\/wp-json\/wp\/v2\/product_cat?post=66627"},{"taxonomy":"product_tag","embeddable":true,"href":"https:\/\/arena-ticket.com\/en\/wp-json\/wp\/v2\/product_tag?post=66627"}],"curies":[{"name":"wp","href":"https:\/\/api.w.org\/{rel}","templated":true}]}}