{"id":66715,"date":"2026-02-12T17:42:38","date_gmt":"2026-02-12T16:42:38","guid":{"rendered":"https:\/\/arena-ticket.com\/?p=66715&#038;post_type=product&#038;preview_id=66715"},"modified":"2026-02-12T17:45:04","modified_gmt":"2026-02-12T16:45:04","slug":"fack-ju-goehte-das-musical-messe-dresden-halle-1-22-12-2026-1830-uhr","status":"publish","type":"product","link":"https:\/\/arena-ticket.com\/en\/product\/fack-ju-goehte-das-musical-messe-dresden-halle-1-22-12-2026-1830-uhr\/","title":{"rendered":"Fack Ju G\u00f6hte  - Das Musical"},"content":{"rendered":"<section class=\"c-full c-inner c-narrow\" data-c=\"stageteasertext\" data-qa=\"stageteasertext-component\">\n<div class=\"container\">\n<div class=\"external-content no-margin\">\n<div class=\"u-position-relative js-moretext-wrapper\">\n<div class=\"moretext js-moretext expanded\" data-qa=\"readMoreText\">\n<div class=\"moretext-teaser\">\n<p>Fack, jetzt singen die auch noch! Oh nein, die Chaosklasse 10B st\u00fcrmt die B\u00fchne und hat daf\u00fcr sogar einen Preis gewonnen! Nach dem Mega-Erfolg geht das \u201cBeste Musical\u201d zum deutschen Kino-Hit mit Zeki, Lisi und allen kultigen Charakteren auf gro\u00dfe Klassenfahrt durch Deutschland und \u00d6sterreich. Jetzt noch wilder, dreister und musikalischer als je zuvor!<\/p>\n<p>Ganz normaler Schulalltag? Von wegen! Hier erlebst du die lustigste Doppelstunde deines Lebens, mit Chaos pur, garantiert inkorrekten Spr\u00fcchen \u2013 und dann fangen auch noch alle pl\u00f6tzlich an zu singen! Ob Chantal, Danger &amp; Co. den richtigen Ton treffen? Finde es heraus! Eins ist sicher: Du wirst lachen, mitsingen und eine Show erleben, die du so schnell nicht vergisst.<\/p>\n<h3>Chaos, Spr\u00fcche und Hit-Songs<\/h3>\n<p>Der Soundtrack garantiert Ohrw\u00fcrmer von den Hit-Komponisten Simon Triebel (u. a. Mark Forster und Sarah Connor) und Nico Rebscher (u. a. f\u00fcr Adel Tawil und Rea Garvey), w\u00e4hrend die Choreografien euch von den St\u00fchlen rei\u00dfen. Kein Wunder, dass die Show als \u201cBestes Musical\u201d beim Deutschen Musical Theater Preis ausgezeichnet wurde.<\/p>\n<h3>Heult leise \u2013 lacht laut!<\/h3>\n<p>Als Zeki M\u00fcller nach seiner Haftstrafe entlassen wird, denkt er nur an eins: die Beute seines letzten \u00dcberfalls. Dumm nur, dass seine Freundin das Geld genau da vergraben hat, wo heute die Turnhalle der Goethe-Gesamtschule steht. Also bewirbt sich Zeki als Hausmeister \u2013 und wird durch ein Missverst\u00e4ndnis mit der Direktorin Frau Gerster zum Aushilfslehrer. Statt schnellem Geld hei\u00dft es nun: Nachsitzen mit der Chaosklasse 10b.<\/p>\n<p>Mit rauem Ton und unkonventionellen Methoden versucht Zeki, die Klasse zu b\u00e4ndigen. Schafft er es, die Sch\u00fcler f\u00fcr sich zu gewinnen \u2013 oder verzweifelt er an dem Chaos? Und was wird aus seiner Beute und dem eigenen Neuanfang?<\/p>\n<p>Dieses Musical ist ein Muss f\u00fcr alle, die sich mit einem Augenzwinkern an ihre eigene Schulzeit erinnern wollen. Also: Leise heulen und Tickets sichern, sonst hei\u00dft\u2019s beim n\u00e4chsten Test: Nachsitzen, Leute!<\/p>\n<\/div>\n<\/div>\n<div class=\"link moretext-toggle\"><\/div>\n<\/div>\n<\/div>\n<\/div>\n<\/section>\n<section class=\"c container\" data-c=\"eviwidget\" data-qa=\"evi-widget\">\n<div class=\"js-evi-wrapper theme-element-border evi-wrapper\">\n<div class=\"js-evi-box\" data-evi-widget-version=\"3.19.0\">\n<div id=\"evi-widget-rule-11e8fcb5-8a5e-aaee-e6eb-996adb054c48\" class=\"evi-widget evi-widget evi-widget-type-ticket-alarm-single\"><\/div>\n<\/div>\n<\/div>\n<\/section>\n<p>&nbsp;<\/p>","protected":false},"excerpt":{"rendered":"<p>Get your tickets here now!<\/p>","protected":false},"featured_media":66708,"template":"","meta":{"_acf_changed":false,"inline_featured_image":false},"product_brand":[],"product_cat":[31,87,444,6729,64,35,58],"product_tag":[2777,940,941,7058,3772,963,6773,944,948],"class_list":{"0":"post-66715","1":"product","2":"type-product","3":"status-publish","4":"has-post-thumbnail","6":"product_cat-events","7":"product_cat-dresden","8":"product_cat-messe-dresden","9":"product_cat-musical","10":"product_cat-musical-show","11":"product_cat-orte","12":"product_cat-veranstaltung","13":"product_tag-das-musical","14":"product_tag-dresden","15":"product_tag-events","16":"product_tag-fack-ju-goehte","17":"product_tag-messe-dresden","18":"product_tag-musical","19":"product_tag-musical-show","20":"product_tag-orte","21":"product_tag-veranstaltung","22":"product_shipping_class-nur_paketversand","23":"pa_discount-normalpreis","24":"pa_preiskategorie-pk-i","25":"pa_preiskategorie-pk-ii","26":"pa_preiskategorie-pk-iii","27":"pa_preiskategorie-pk-iv","28":"pa_preiskategorie-pk-v","29":"pa_preiskategorie-premium","31":"first","32":"instock","33":"taxable","34":"shipping-taxable","35":"purchasable","36":"product-type-variable","37":"has-default-attributes"},"group_of_quantity":0,"min_quantity":0,"max_quantity":"","exclude_order_quantity_value_rules":"no","exclude_category_quantity_rules":"no","combine_variations":"no","acf":[],"_links":{"self":[{"href":"https:\/\/arena-ticket.com\/en\/wp-json\/wp\/v2\/product\/66715","targetHints":{"allow":["GET"]}}],"collection":[{"href":"https:\/\/arena-ticket.com\/en\/wp-json\/wp\/v2\/product"}],"about":[{"href":"https:\/\/arena-ticket.com\/en\/wp-json\/wp\/v2\/types\/product"}],"wp:featuredmedia":[{"embeddable":true,"href":"https:\/\/arena-ticket.com\/en\/wp-json\/wp\/v2\/media\/66708"}],"wp:attachment":[{"href":"https:\/\/arena-ticket.com\/en\/wp-json\/wp\/v2\/media?parent=66715"}],"wp:term":[{"taxonomy":"product_brand","embeddable":true,"href":"https:\/\/arena-ticket.com\/en\/wp-json\/wp\/v2\/product_brand?post=66715"},{"taxonomy":"product_cat","embeddable":true,"href":"https:\/\/arena-ticket.com\/en\/wp-json\/wp\/v2\/product_cat?post=66715"},{"taxonomy":"product_tag","embeddable":true,"href":"https:\/\/arena-ticket.com\/en\/wp-json\/wp\/v2\/product_tag?post=66715"}],"curies":[{"name":"wp","href":"https:\/\/api.w.org\/{rel}","templated":true}]}}