{"id":66725,"date":"2026-02-12T17:54:59","date_gmt":"2026-02-12T16:54:59","guid":{"rendered":"https:\/\/arena-ticket.com\/?p=66725&#038;post_type=product&#038;preview_id=66725"},"modified":"2026-02-12T18:51:47","modified_gmt":"2026-02-12T17:51:47","slug":"lord-of-the-dance-tour-2026l-messe-dresden-halle-1-14-05-2026-2000-uhr","status":"publish","type":"product","link":"https:\/\/arena-ticket.com\/en\/product\/lord-of-the-dance-tour-2026l-messe-dresden-halle-1-14-05-2026-2000-uhr\/","title":{"rendered":"Lord Of The Dance  - Tour 2026"},"content":{"rendered":"<section class=\"c-full c-inner c-narrow\" data-c=\"stageteasertext\" data-qa=\"stageteasertext-component\">\n<div class=\"container\">\n<div class=\"external-content no-margin\">\n<div class=\"u-position-relative js-moretext-wrapper\">\n<div class=\"moretext js-moretext expanded\" data-qa=\"readMoreText\">\n<div class=\"moretext-teaser\">\n<div><strong>Sie ist die spektakul\u00e4rste und erfolgreichste, tourende Tanzshow der Geschichte und 2026 feiert sie fulminant ihr 30-j\u00e4hriges Jubil\u00e4um: \u201eLord of the Dance\u201c!<\/strong><\/div>\n<div><\/div>\n<div>Schon mehr als 60 Millionen Menschen in 60 L\u00e4ndern auf allen Kontinenten begeisterte die atemberaubende, mitrei\u00dfende und magische Show. Das 30-j\u00e4hrige Jubil\u00e4um ist nicht nur ein Anlass zum Feiern, sondern auch die einmalige Gelegenheit, auf die au\u00dfergew\u00f6hnliche Reise von\u00a0<strong>\u201eLord of the Dance\u201c<\/strong>\u00a0zur\u00fcckzublicken. Alles begann mit Michael Flatleys Traum, die gr\u00f6\u00dfte irische Tanzshow der Welt auf die Beine zu stellen. Und was fast alle f\u00fcr unm\u00f6glich hielten, schaffte\u00a0<strong>Michael Flatley<\/strong>\u00a0mit gro\u00dfer Entschlossenheit, au\u00dfergew\u00f6hnlichem Talent, unerm\u00fcdlicher Leidenschaft und viel Arbeit! Seine spektakul\u00e4re Pausenauff\u00fchrung beim Eurovision Song Contest im Jahr 1994 endete mit Standing Ovations. Damit stellte er sogar das eigentliche Event in den Schatten. Der Rest ist Geschichte!<\/div>\n<div><\/div>\n<div><strong>Michael Flatley<\/strong>\u00a0schuf nicht nur die erfolgreichsten Tanzproduktionen aller Zeiten, er brach weltweit Rekorde und verhalf der Kunst des traditionellen irischen Tanzes zu Weltruhm und Anerkennung. Seine Show und auch Michael Flatley selbst wurden zu Legenden. Der Kampf zwischen Gut und B\u00f6se ist eine einzigartige Kombination aus energiegeladenem Tanz auf h\u00f6chstem k\u00fcnstlerischem Niveau, origineller keltischer Musik, klugem und zugleich unterhaltsamem Storytelling sowie einer subtilen Sinnlichkeit. Dieses einmalige Zusammenspiel verzaubert das Publikum nun bereits seit 30 Jahren immer wieder aufs Neue!<\/div>\n<div><\/div>\n<div>Im Fr\u00fchjahr 2026 hallt endlich wieder das rasante und markante \u201eKlacken\u201c durch die S\u00e4le Deutschlands und \u00d6sterreichs. F\u00fcr die Jubil\u00e4umstour hat Michael Flatley das Original-Konzept von\u00a0<strong>\u201eLord of the Dance\u201c<\/strong>\u00a0auf eine neue, moderne Art und Weise weiterentwickelt. Von der Los Angeles Times als \u201eshowpiece extravaganza\" beschrieben, wird die Show das Publikum mit mehr als 150.000 Taps pro Vorstellung in eine Zeit und einen Ort voller Mythen und Fantasie versetzen.<\/div>\n<div><\/div>\n<div><strong>Die Zuschauer d\u00fcrfen sich auf eine packende Reise freuen, die durch aufwendige Kost\u00fcme, atemberaubende Choreografien sowie modernste Technik und Lichteffekte begleitet wird. 40 der talentiertesten jungen T\u00e4nzerinnen und T\u00e4nzer der Welt bringen unter der Regie von Michael Flatley eine Show auf die B\u00fchne, die Tradition, Unterhaltung, Musik, Faszination und Tanz perfekt miteinander vereint. Diese Tanzsensation und ihre Jubil\u00e4umstour d\u00fcrfen sowohl \u201eLord of the Dance\u201c-Fans der ersten Stunde als auch Neulinge auf keinen Fall verpassen!\u00a0<\/strong><\/div>\n<\/div>\n<\/div>\n<div class=\"link moretext-toggle\"><\/div>\n<\/div>\n<\/div>\n<\/div>\n<\/section>\n<section class=\"c container\" data-c=\"eviwidget\" data-qa=\"evi-widget\">\n<div class=\"js-evi-wrapper theme-element-border evi-wrapper\">\n<div class=\"js-evi-box\" data-evi-widget-version=\"3.19.0\">\n<div id=\"evi-widget-rule-11e8fcb5-8a5e-aaee-e6eb-996adb054c48\" class=\"evi-widget evi-widget evi-widget-type-ticket-alarm-single\"><\/div>\n<\/div>\n<\/div>\n<\/section>\n<p>&nbsp;<\/p>","protected":false},"excerpt":{"rendered":"<p>Get your tickets here now!<\/p>","protected":false},"featured_media":66733,"template":"","meta":{"_acf_changed":false,"inline_featured_image":false},"product_brand":[],"product_cat":[31,87,444,64,35,6730,58],"product_tag":[940,941,6377,3772,6773,944,958,4188,948],"class_list":{"0":"post-66725","1":"product","2":"type-product","3":"status-publish","4":"has-post-thumbnail","6":"product_cat-events","7":"product_cat-dresden","8":"product_cat-messe-dresden","9":"product_cat-musical-show","10":"product_cat-orte","11":"product_cat-show","12":"product_cat-veranstaltung","13":"product_tag-dresden","14":"product_tag-events","15":"product_tag-lord-of-the-dance","16":"product_tag-messe-dresden","17":"product_tag-musical-show","18":"product_tag-orte","19":"product_tag-show","20":"product_tag-tour-2026","21":"product_tag-veranstaltung","22":"product_shipping_class-nur_paketversand","23":"pa_discount-normalpreis","24":"pa_preiskategorie-pk-i","25":"pa_preiskategorie-pk-ii","26":"pa_preiskategorie-pk-iii","27":"pa_preiskategorie-pk-iv","28":"pa_preiskategorie-pk-v","29":"pa_preiskategorie-premium","31":"first","32":"instock","33":"taxable","34":"shipping-taxable","35":"purchasable","36":"product-type-variable","37":"has-default-attributes"},"group_of_quantity":0,"min_quantity":0,"max_quantity":"","exclude_order_quantity_value_rules":"no","exclude_category_quantity_rules":"no","combine_variations":"no","acf":[],"_links":{"self":[{"href":"https:\/\/arena-ticket.com\/en\/wp-json\/wp\/v2\/product\/66725","targetHints":{"allow":["GET"]}}],"collection":[{"href":"https:\/\/arena-ticket.com\/en\/wp-json\/wp\/v2\/product"}],"about":[{"href":"https:\/\/arena-ticket.com\/en\/wp-json\/wp\/v2\/types\/product"}],"wp:featuredmedia":[{"embeddable":true,"href":"https:\/\/arena-ticket.com\/en\/wp-json\/wp\/v2\/media\/66733"}],"wp:attachment":[{"href":"https:\/\/arena-ticket.com\/en\/wp-json\/wp\/v2\/media?parent=66725"}],"wp:term":[{"taxonomy":"product_brand","embeddable":true,"href":"https:\/\/arena-ticket.com\/en\/wp-json\/wp\/v2\/product_brand?post=66725"},{"taxonomy":"product_cat","embeddable":true,"href":"https:\/\/arena-ticket.com\/en\/wp-json\/wp\/v2\/product_cat?post=66725"},{"taxonomy":"product_tag","embeddable":true,"href":"https:\/\/arena-ticket.com\/en\/wp-json\/wp\/v2\/product_tag?post=66725"}],"curies":[{"name":"wp","href":"https:\/\/api.w.org\/{rel}","templated":true}]}}