{"id":66777,"date":"2026-02-13T10:17:34","date_gmt":"2026-02-13T09:17:34","guid":{"rendered":"https:\/\/arena-ticket.com\/?p=66777&#038;post_type=product&#038;preview_id=66777"},"modified":"2026-03-04T09:54:34","modified_gmt":"2026-03-04T08:54:34","slug":"shift-hustle-zwischen-den-berufen-muellensiefen-geissler-zacher-taubert-leipzig-lvz-kuppel-mediahub18-03-2026-1930-uhr-mediahub-emilienstr-7-zugang-ueber-seiteneingang-lvz-04107-lei","status":"publish","type":"product","link":"https:\/\/arena-ticket.com\/en\/product\/shift-hustle-zwischen-den-berufen-muellensiefen-geissler-zacher-taubert-leipzig-lvz-kuppel-mediahub18-03-2026-1930-uhr-mediahub-emilienstr-7-zugang-ueber-seiteneingang-lvz-04107-lei\/","title":{"rendered":"Shift & Hustle: Zwischen den Berufen - M\u00fcllensiefen, Gei\u00dfler, Zacher, Taubert"},"content":{"rendered":"<p>Literatur und Leipzig geh\u00f6ren seit Jahrhunderten zusammen. Leipzig liest feiert diese Verbundenheit jedes Jahr in einem mitrei\u00dfendes Lesefestival, das die Literatur an zahlreiche Leseorte im ganzen Stadtgebiet bringt. Leipzig liest bietet eine gro\u00dfe B\u00fchne f\u00fcr Verlage und Autor:innen, um ihre neuesten Werke zu pr\u00e4sentieren. Lesefans k\u00f6nnen Literatur und Literaten in Lesungen, Talkrunden und Mitmachaktionen live erleben.<br \/>\n__________________________________________________________________________________________________________________________________________________________________________________________<\/p>\n<p>Shift &amp; Hustle: Zwischen den Berufen \u2013 Vier Geschichten \u00fcber Jobwechsel und Neuanf\u00e4nge<br \/>\nBuchlesung im Rahmen der Leipziger Buchmesse<\/p>\n<p>Vier Autorinnen und Autoren erz\u00e4hlen von radikalen Jobwechseln, gescheiterten Karrierepl\u00e4nen und mutigen Neuanf\u00e4ngen.<br \/>\nZwischen Broterwerb und Berufung, zwischen Anpassung und Aufbruch: \"Shift &amp; Hustle\" bringt Geschichten auf die B\u00fchne, die sonst selten erz\u00e4hlt werden.<br \/>\nDie zweite Ausgabe unserer Lesereihe ist wieder im Mediahub des Basislager Coworkings zu Gast \u2013 dort, wo Leipzigs New-Work-Szene arbeitet und experimentiert.<\/p>","protected":false},"excerpt":{"rendered":"<p>Zugang \u00fcber Seiteneingang LVZ<\/p>\n<p>Einlass 19.00 Uhr<br \/>\nBeginn 19.30 Uhr<\/p>\n<p>Erm\u00e4\u00dfigt: Sch\u00fclerinnen, Studierende, BuFDis, Leipzig-Pass, Azubis<\/p>","protected":false},"featured_media":66779,"template":"","meta":{"_acf_changed":false,"inline_featured_image":false},"product_brand":[],"product_cat":[31,922,86,6764,35,21,58],"product_tag":[941,7065,951,943,1691,7159,7064,7063,944,7062,7067,7069,947,948,7066],"class_list":{"0":"post-66777","1":"product","2":"type-product","3":"status-publish","4":"has-post-thumbnail","6":"product_cat-events","7":"product_cat-kultur","8":"product_cat-leipzig","9":"product_cat-lesung","10":"product_cat-orte","11":"product_cat-ticket","12":"product_cat-veranstaltung","13":"product_tag-events","14":"product_tag-geissler","15":"product_tag-kultur","16":"product_tag-leipzig","17":"product_tag-lesung","18":"product_tag-media-hub","19":"product_tag-muellensiefen","20":"product_tag-muellensiefen-geissler-zacher-taubert","21":"product_tag-orte","22":"product_tag-shift-hustle-zwischen-den-berufen","23":"product_tag-taubert","24":"product_tag-taubert-mediahub-emilienstr-7-zugang-ueber-seiteneingang-lvz-04107-leipzig","25":"product_tag-ticket","26":"product_tag-veranstaltung","27":"product_tag-zacher","28":"product_shipping_class-nur_paketversand","29":"pa_discount-ermaessigt","30":"pa_discount-normalpreis","31":"pa_discount-schwerbeschaedigt-inkl-begleitperson","32":"pa_preiskategorie-freie-platzwahl","34":"first","35":"instock","36":"taxable","37":"shipping-taxable","38":"purchasable","39":"product-type-variable"},"group_of_quantity":0,"min_quantity":0,"max_quantity":"","exclude_order_quantity_value_rules":"no","exclude_category_quantity_rules":"no","combine_variations":"no","acf":[],"_links":{"self":[{"href":"https:\/\/arena-ticket.com\/en\/wp-json\/wp\/v2\/product\/66777","targetHints":{"allow":["GET"]}}],"collection":[{"href":"https:\/\/arena-ticket.com\/en\/wp-json\/wp\/v2\/product"}],"about":[{"href":"https:\/\/arena-ticket.com\/en\/wp-json\/wp\/v2\/types\/product"}],"wp:featuredmedia":[{"embeddable":true,"href":"https:\/\/arena-ticket.com\/en\/wp-json\/wp\/v2\/media\/66779"}],"wp:attachment":[{"href":"https:\/\/arena-ticket.com\/en\/wp-json\/wp\/v2\/media?parent=66777"}],"wp:term":[{"taxonomy":"product_brand","embeddable":true,"href":"https:\/\/arena-ticket.com\/en\/wp-json\/wp\/v2\/product_brand?post=66777"},{"taxonomy":"product_cat","embeddable":true,"href":"https:\/\/arena-ticket.com\/en\/wp-json\/wp\/v2\/product_cat?post=66777"},{"taxonomy":"product_tag","embeddable":true,"href":"https:\/\/arena-ticket.com\/en\/wp-json\/wp\/v2\/product_tag?post=66777"}],"curies":[{"name":"wp","href":"https:\/\/api.w.org\/{rel}","templated":true}]}}