{"id":66787,"date":"2026-02-13T11:01:54","date_gmt":"2026-02-13T10:01:54","guid":{"rendered":"https:\/\/arena-ticket.com\/?p=66787&#038;post_type=product&#038;preview_id=66787"},"modified":"2026-03-06T08:25:25","modified_gmt":"2026-03-06T07:25:25","slug":"jana-hensel-es-war-einmal-ein-land-leipzig-liest-21-03-2026-2000-uhr-lvz-kuppelhalle","status":"publish","type":"product","link":"https:\/\/arena-ticket.com\/en\/product\/jana-hensel-es-war-einmal-ein-land-leipzig-liest-21-03-2026-2000-uhr-lvz-kuppelhalle\/","title":{"rendered":"Jana Hensel - Es war einmal ein Land | LEIPZIG LIEST"},"content":{"rendered":"<p>Literatur und Leipzig geh\u00f6ren seit Jahrhunderten zusammen. Leipzig liest feiert diese Verbundenheit jedes Jahr in einem mitrei\u00dfendes Lesefestival, das die Literatur an zahlreiche Leseorte im ganzen Stadtgebiet bringt. Leipzig liest bietet eine gro\u00dfe B\u00fchne f\u00fcr Verlage und Autor:innen, um ihre neuesten Werke zu pr\u00e4sentieren. Lesefans k\u00f6nnen Literatur und Literaten in Lesungen, Talkrunden und Mitmachaktionen live erleben.<\/p>","protected":false},"excerpt":{"rendered":"<p>Einlass 19.00 Uhr<br \/>\nBeginn 20.00 Uhr<\/p>","protected":false},"featured_media":66795,"template":"","meta":{"_acf_changed":false,"inline_featured_image":false},"product_brand":[],"product_cat":[31,922,86,6764,436,35,21,58],"product_tag":[7071,941,7065,7070,951,943,1691,3326,7064,944,7062,7067,947,948,7066],"class_list":{"0":"post-66787","1":"product","2":"type-product","3":"status-publish","4":"has-post-thumbnail","6":"product_cat-events","7":"product_cat-kultur","8":"product_cat-leipzig","9":"product_cat-lesung","10":"product_cat-lvz-kuppelhalle","11":"product_cat-orte","12":"product_cat-ticket","13":"product_cat-veranstaltung","14":"product_tag-es-war-einmal-ein-land-leipzig-liest","15":"product_tag-events","16":"product_tag-geissler","17":"product_tag-jana-hensel","18":"product_tag-kultur","19":"product_tag-leipzig","20":"product_tag-lesung","21":"product_tag-lvz-kuppelhalle","22":"product_tag-muellensiefen","23":"product_tag-orte","24":"product_tag-shift-hustle-zwischen-den-berufen","25":"product_tag-taubert","26":"product_tag-ticket","27":"product_tag-veranstaltung","28":"product_tag-zacher","29":"product_shipping_class-nur_paketversand","30":"pa_discount-normalpreis","31":"pa_discount-schwerbeschaedigt-inkl-begleitperson","32":"pa_preiskategorie-pk-i","33":"pa_preiskategorie-pk-ii","35":"first","36":"outofstock","37":"taxable","38":"shipping-taxable","39":"purchasable","40":"product-type-variable"},"group_of_quantity":0,"min_quantity":0,"max_quantity":"","exclude_order_quantity_value_rules":"no","exclude_category_quantity_rules":"no","combine_variations":"no","acf":[],"_links":{"self":[{"href":"https:\/\/arena-ticket.com\/en\/wp-json\/wp\/v2\/product\/66787","targetHints":{"allow":["GET"]}}],"collection":[{"href":"https:\/\/arena-ticket.com\/en\/wp-json\/wp\/v2\/product"}],"about":[{"href":"https:\/\/arena-ticket.com\/en\/wp-json\/wp\/v2\/types\/product"}],"wp:featuredmedia":[{"embeddable":true,"href":"https:\/\/arena-ticket.com\/en\/wp-json\/wp\/v2\/media\/66795"}],"wp:attachment":[{"href":"https:\/\/arena-ticket.com\/en\/wp-json\/wp\/v2\/media?parent=66787"}],"wp:term":[{"taxonomy":"product_brand","embeddable":true,"href":"https:\/\/arena-ticket.com\/en\/wp-json\/wp\/v2\/product_brand?post=66787"},{"taxonomy":"product_cat","embeddable":true,"href":"https:\/\/arena-ticket.com\/en\/wp-json\/wp\/v2\/product_cat?post=66787"},{"taxonomy":"product_tag","embeddable":true,"href":"https:\/\/arena-ticket.com\/en\/wp-json\/wp\/v2\/product_tag?post=66787"}],"curies":[{"name":"wp","href":"https:\/\/api.w.org\/{rel}","templated":true}]}}