{"id":66828,"date":"2026-02-13T12:43:07","date_gmt":"2026-02-13T11:43:07","guid":{"rendered":"https:\/\/arena-ticket.com\/?p=66828&#038;post_type=product&#038;preview_id=66828"},"modified":"2026-02-19T15:40:58","modified_gmt":"2026-02-19T14:40:58","slug":"m-hefter-v-kessler-h-geissler-d-muellensiefen-leipzig-liest-22-03-2026-2000-uhr-lvz-kuppelhalle","status":"publish","type":"product","link":"https:\/\/arena-ticket.com\/en\/product\/m-hefter-v-kessler-h-geissler-d-muellensiefen-leipzig-liest-22-03-2026-2000-uhr-lvz-kuppelhalle\/","title":{"rendered":"M. Hefter, V. Ke\u00dfler, H. Gei\u00dfler, D. M\u00fcllensiefen - LEIPZIG LIEST"},"content":{"rendered":"","protected":false},"excerpt":{"rendered":"<p>Einlass 19.00 Uhr<br \/>\nBeginn 20.00 Uhr<\/p>","protected":false},"featured_media":66834,"template":"","meta":{"_acf_changed":false,"inline_featured_image":false},"product_brand":[],"product_cat":[31,922,86,6764,436,35,21,58],"product_tag":[7086,7087,941,7082,951,943,4866,1691,3326,7080,7084,944,947,7081,948],"class_list":{"0":"post-66828","1":"product","2":"type-product","3":"status-publish","4":"has-post-thumbnail","6":"product_cat-events","7":"product_cat-kultur","8":"product_cat-leipzig","9":"product_cat-lesung","10":"product_cat-lvz-kuppelhalle","11":"product_cat-orte","12":"product_cat-ticket","13":"product_cat-veranstaltung","14":"product_tag-d-muellensiefen","15":"product_tag-d-muellensiefen-leipzig-liest","16":"product_tag-events","17":"product_tag-h-geissler","18":"product_tag-kultur","19":"product_tag-leipzig","20":"product_tag-leipzig-liest","21":"product_tag-lesung","22":"product_tag-lvz-kuppelhalle","23":"product_tag-m-hefter","24":"product_tag-m-hefter-v-kessler-h-geissler-d-muellensiefen","25":"product_tag-orte","26":"product_tag-ticket","27":"product_tag-v-kessler","28":"product_tag-veranstaltung","29":"product_shipping_class-nur_paketversand","30":"pa_discount-normalpreis","31":"pa_discount-schwerbeschaedigt-inkl-begleitperson","32":"pa_preiskategorie-pk-i","33":"pa_preiskategorie-pk-ii","35":"first","36":"instock","37":"taxable","38":"shipping-taxable","39":"purchasable","40":"product-type-variable"},"group_of_quantity":0,"min_quantity":0,"max_quantity":"","exclude_order_quantity_value_rules":"no","exclude_category_quantity_rules":"no","combine_variations":"no","acf":[],"_links":{"self":[{"href":"https:\/\/arena-ticket.com\/en\/wp-json\/wp\/v2\/product\/66828","targetHints":{"allow":["GET"]}}],"collection":[{"href":"https:\/\/arena-ticket.com\/en\/wp-json\/wp\/v2\/product"}],"about":[{"href":"https:\/\/arena-ticket.com\/en\/wp-json\/wp\/v2\/types\/product"}],"wp:featuredmedia":[{"embeddable":true,"href":"https:\/\/arena-ticket.com\/en\/wp-json\/wp\/v2\/media\/66834"}],"wp:attachment":[{"href":"https:\/\/arena-ticket.com\/en\/wp-json\/wp\/v2\/media?parent=66828"}],"wp:term":[{"taxonomy":"product_brand","embeddable":true,"href":"https:\/\/arena-ticket.com\/en\/wp-json\/wp\/v2\/product_brand?post=66828"},{"taxonomy":"product_cat","embeddable":true,"href":"https:\/\/arena-ticket.com\/en\/wp-json\/wp\/v2\/product_cat?post=66828"},{"taxonomy":"product_tag","embeddable":true,"href":"https:\/\/arena-ticket.com\/en\/wp-json\/wp\/v2\/product_tag?post=66828"}],"curies":[{"name":"wp","href":"https:\/\/api.w.org\/{rel}","templated":true}]}}