{"id":66839,"date":"2026-02-13T13:26:09","date_gmt":"2026-02-13T12:26:09","guid":{"rendered":"https:\/\/arena-ticket.com\/?p=66839&#038;post_type=product&#038;preview_id=66839"},"modified":"2026-03-04T12:08:12","modified_gmt":"2026-03-04T11:08:12","slug":"leipzig-liest-2026-europas-groesstes-lesefestival","status":"publish","type":"product","link":"https:\/\/arena-ticket.com\/en\/product\/leipzig-liest-2026-europas-groesstes-lesefestival\/","title":{"rendered":"Leipzig liest 2026 - 19.-22.03.2026 - Wo Geschichten uns verbinden - Europas gr\u00f6\u00dftes Lesefestival"},"content":{"rendered":"<p>Literatur und Leipzig geh\u00f6ren seit Jahrhunderten zusammen. Leipzig liest feiert diese Verbundenheit jedes Jahr in einem mitrei\u00dfendes Lesefestival, das die Literatur an zahlreiche Leseorte im ganzen Stadtgebiet bringt. Leipzig liest bietet eine gro\u00dfe B\u00fchne f\u00fcr Verlage und Autor:innen, um ihre neuesten Werke zu pr\u00e4sentieren. Lesefans k\u00f6nnen Literatur und Literaten in Lesungen, Talkrunden und Mitmachaktionen live erleben.<\/p>\n<p>Das gr\u00f6\u00dfte europ\u00e4ische Lesefest ist unverzichtbarer Bestandteil des Leipziger B\u00fccherfr\u00fchlings und macht die Literatur auf der Leipziger Buchmesse und in der ganzen Stadt erlebbar. Die Lesungen finden neben ganz klassischen Leseorten wie Bibliotheken, Buchhandlungen oder Caf\u00e9s auch in einzigartigen Leser\u00e4umen wie Friedh\u00f6fen, Kirchen oder Galerien statt.<\/p>","protected":false},"excerpt":{"rendered":"<p>Get your tickets here now!<\/p>","protected":false},"featured_media":66844,"template":"","meta":{"_acf_changed":false,"inline_featured_image":false},"product_brand":[],"product_cat":[31,922,86,6764,35,21,58],"product_tag":[7091,7089,941,951,943,7088,7090,3946,1691,944,947,948],"class_list":{"0":"post-66839","1":"product","2":"type-product","3":"status-publish","4":"has-post-thumbnail","6":"product_cat-events","7":"product_cat-kultur","8":"product_cat-leipzig","9":"product_cat-lesung","10":"product_cat-orte","11":"product_cat-ticket","12":"product_cat-veranstaltung","13":"product_tag-19-22-03-2026-wo-geschichten-uns-verbinden-europas-groesstes-lesefestival","14":"product_tag-europas-groesstes-lesefestival","15":"product_tag-events","16":"product_tag-kultur","17":"product_tag-leipzig","18":"product_tag-leipzig-liest-2026","19":"product_tag-leipzig-liest-2026-19-22-03-2026","20":"product_tag-leipziger-messe","21":"product_tag-lesung","22":"product_tag-orte","23":"product_tag-ticket","24":"product_tag-veranstaltung","25":"product_shipping_class-nur_paketversand","26":"pa_discount-ermaessigt","27":"pa_discount-normalpreis","28":"pa_discount-schwerbeschaedigt-inkl-begleitperson","29":"pa_preiskategorie-freie-platzwahl","31":"first","32":"instock","33":"featured","34":"taxable","35":"shipping-taxable","36":"product-type-grouped"},"group_of_quantity":0,"min_quantity":0,"max_quantity":"","exclude_order_quantity_value_rules":"no","exclude_category_quantity_rules":"no","combine_variations":"no","acf":[],"_links":{"self":[{"href":"https:\/\/arena-ticket.com\/en\/wp-json\/wp\/v2\/product\/66839","targetHints":{"allow":["GET"]}}],"collection":[{"href":"https:\/\/arena-ticket.com\/en\/wp-json\/wp\/v2\/product"}],"about":[{"href":"https:\/\/arena-ticket.com\/en\/wp-json\/wp\/v2\/types\/product"}],"wp:featuredmedia":[{"embeddable":true,"href":"https:\/\/arena-ticket.com\/en\/wp-json\/wp\/v2\/media\/66844"}],"wp:attachment":[{"href":"https:\/\/arena-ticket.com\/en\/wp-json\/wp\/v2\/media?parent=66839"}],"wp:term":[{"taxonomy":"product_brand","embeddable":true,"href":"https:\/\/arena-ticket.com\/en\/wp-json\/wp\/v2\/product_brand?post=66839"},{"taxonomy":"product_cat","embeddable":true,"href":"https:\/\/arena-ticket.com\/en\/wp-json\/wp\/v2\/product_cat?post=66839"},{"taxonomy":"product_tag","embeddable":true,"href":"https:\/\/arena-ticket.com\/en\/wp-json\/wp\/v2\/product_tag?post=66839"}],"curies":[{"name":"wp","href":"https:\/\/api.w.org\/{rel}","templated":true}]}}