{"id":66878,"date":"2026-02-14T15:35:25","date_gmt":"2026-02-14T14:35:25","guid":{"rendered":"https:\/\/arena-ticket.com\/?p=66878&#038;post_type=product&#038;preview_id=66878"},"modified":"2026-02-14T15:45:36","modified_gmt":"2026-02-14T14:45:36","slug":"maggie-reilly-everytime-we-touch-tour-2026-leipzig-felsenkeller-25-10-2026-1900-uhr","status":"publish","type":"product","link":"https:\/\/arena-ticket.com\/en\/product\/maggie-reilly-everytime-we-touch-tour-2026-leipzig-felsenkeller-25-10-2026-1900-uhr\/","title":{"rendered":"Maggie Reilly  - Everytime We Touch \u2013 Tour 2026"},"content":{"rendered":"<p>Es gibt wenige K\u00fcnstlerinnen, die auf eine so vielseitige und erfolgreiche Karriere zur\u00fcckblicken k\u00f6nnen wie Maggie Reilly. Von den durch Soul und Funk beeinflussten<br \/>\nAnf\u00e4ngen der Siebziger Jahre mit ihrer Gruppe Cado Belle, \u00fcber die Weltkarriere als S\u00e4ngerin und B\u00fchnenattraktion der Mike Oldfield Group bis hin zu einer vielbeachteten<br \/>\nInstitution als Solok\u00fcnstlerin ist Maggie Reilly seit fast 40 Jahren ein fester Bestandteil im Showgesch\u00e4ft.<\/p>\n<p>Nachdem Maggie Reilly 1976 ihr erstes Album mit der Formation Cado Belle aufnahm, ein Album, das deutlich von den Soul Einfl\u00fcssen und des Westcoast beeinflusst war,<br \/>\nund gemeinsam mit Gr\u00f6\u00dfen wie Poco durch die Welt tourte, gelang ihr 1981 als S\u00e4ngerin der Mike Oldfield Group der weltweite Durchbruch.<br \/>\nIhre Stimme ist es, die Hits wie \u201eMoonlight Shadow\u201c, \u201eFamily Man\u201c, \u201eTo France\u201c oder \u201eForeign Affair\u201c zum pers\u00f6nlichen Soundtrack von Millionen machten. Noch heute<br \/>\nz\u00e4hlen diese Lieder zum festen Repertoire der Radiostationen und haben sich ihren festen Platz in der Geschichte der Musik und im Leben der Musikliebhaber erobert.<br \/>\nEnde der Achtziger Jahre nahm sich Maggie Reilly Zeit f\u00fcr ihre Familie. 1992 gelang ihr mit dem ersten Soloalbum \u201eEchoes\u201c ein beachtliches Comeback. Gleich ihre erste<br \/>\nSingle \u201eEverytime We Touch\u201c st\u00fcrmte an die Spitze der internationalen Charts und bewies, dass die schottische S\u00e4ngerin auch als Solok\u00fcnstlerin und eigene<br \/>\nSongschreiberin an die Erfolge ihrer Zeit mit Mike Oldfield ankn\u00fcpfen konnte.<\/p>\n<p>Es folgten weitere Erfolge mit den Hits \u201eWait\u201c, \u201eFollow The Midnight Sun\u201c, \u201eListen To Your Heart\u201c, \u201eEvery Single Heartbeat\u201c , und \u201eAlways You\u201c. \u201eEverytime We Touch\u201d gelang es<br \/>\nein sogar ein zweites Mal an die Spitze der Hitlisten zu st\u00fcrmen. Als Dance Version der Band Cascada belegte es wochenlang den ersten Platz der US Charts.<br \/>\nNach dem gro\u00dfen Erfolg der \u201eMoonlight Shadow\u201c Europa Tour 2025 werden ihre Fans auch 2026 in den Genu\u00df ihrer zauberhaften Stimme und ihrer gro\u00dfartigen Band<br \/>\nkommen.<\/p>\n<p>Maggie Reilly \u2013 The voice of a whole generation !<\/p>\n<p><strong>Line-Up:<\/strong><br \/>\nMaggie Reilly vocals<br \/>\nDave Corkery guitar<br \/>\nBrian McNeill keyboards, vocals<br \/>\nFionn Reilly bass, vocals<br \/>\nAlan Costello drums<\/p>","protected":false},"excerpt":{"rendered":"<p>&nbsp;<\/p>\n<p class=\"fusion-responsive-typography-calculated\" data-fontsize=\"36\" data-lineheight=\"54px\">Special guest Julia Neigel &amp; Band - jetzt Tickets sichern!<\/p>","protected":false},"featured_media":66882,"template":"","meta":{"_acf_changed":false,"inline_featured_image":false},"product_brand":[],"product_cat":[31,348,69,86,35,6733,21,58],"product_tag":[941,7092,1476,942,943,3785,944,6779,947,948],"class_list":{"0":"post-66878","1":"product","2":"type-product","3":"status-publish","4":"has-post-thumbnail","6":"product_cat-events","7":"product_cat-felsenkeller","8":"product_cat-konzert","9":"product_cat-leipzig","10":"product_cat-orte","11":"product_cat-pop","12":"product_cat-ticket","13":"product_cat-veranstaltung","14":"product_tag-events","15":"product_tag-everytime-we-touch-tour-2026","16":"product_tag-felsenkeller","17":"product_tag-konzert","18":"product_tag-leipzig","19":"product_tag-maggie-reilly","20":"product_tag-orte","21":"product_tag-sonstiges","22":"product_tag-ticket","23":"product_tag-veranstaltung","24":"product_shipping_class-nur_paketversand","25":"pa_discount-normalpreis","26":"pa_preiskategorie-pk-i","27":"pa_preiskategorie-pk-ii","28":"pa_preiskategorie-pk-iii","30":"first","31":"instock","32":"taxable","33":"shipping-taxable","34":"purchasable","35":"product-type-variable"},"group_of_quantity":0,"min_quantity":0,"max_quantity":"","exclude_order_quantity_value_rules":"no","exclude_category_quantity_rules":"no","combine_variations":"no","acf":[],"_links":{"self":[{"href":"https:\/\/arena-ticket.com\/en\/wp-json\/wp\/v2\/product\/66878","targetHints":{"allow":["GET"]}}],"collection":[{"href":"https:\/\/arena-ticket.com\/en\/wp-json\/wp\/v2\/product"}],"about":[{"href":"https:\/\/arena-ticket.com\/en\/wp-json\/wp\/v2\/types\/product"}],"wp:featuredmedia":[{"embeddable":true,"href":"https:\/\/arena-ticket.com\/en\/wp-json\/wp\/v2\/media\/66882"}],"wp:attachment":[{"href":"https:\/\/arena-ticket.com\/en\/wp-json\/wp\/v2\/media?parent=66878"}],"wp:term":[{"taxonomy":"product_brand","embeddable":true,"href":"https:\/\/arena-ticket.com\/en\/wp-json\/wp\/v2\/product_brand?post=66878"},{"taxonomy":"product_cat","embeddable":true,"href":"https:\/\/arena-ticket.com\/en\/wp-json\/wp\/v2\/product_cat?post=66878"},{"taxonomy":"product_tag","embeddable":true,"href":"https:\/\/arena-ticket.com\/en\/wp-json\/wp\/v2\/product_tag?post=66878"}],"curies":[{"name":"wp","href":"https:\/\/api.w.org\/{rel}","templated":true}]}}