{"id":66886,"date":"2026-02-14T15:48:13","date_gmt":"2026-02-14T14:48:13","guid":{"rendered":"https:\/\/arena-ticket.com\/?p=66886&#038;post_type=product&#038;preview_id=66886"},"modified":"2026-02-16T09:11:31","modified_gmt":"2026-02-16T08:11:31","slug":"marillion-live-2026-haus-auensee-leipzig-15-07-2026-2030-uhr","status":"publish","type":"product","link":"https:\/\/arena-ticket.com\/en\/product\/marillion-live-2026-haus-auensee-leipzig-15-07-2026-2030-uhr\/","title":{"rendered":"MARILLION  - Live 2026"},"content":{"rendered":"<p>Nach \u00fcber 10 Jahren kommen MARILLION im Sommer 2026 erstmals auf gro\u00dfe Sommertour nach Deutschland. Das Urgestein und Flagschiff der Prog Szene wird das Beste aus 47 Jahren und 20 Studio-Alben pr\u00e4sentieren.<\/p>\n<p>MARILLION sind ein Kunstwerk, eines der Letzten, die in Hallen in denen andere Bands vergleichbarer Gr\u00f6\u00dfe nur eine Standard-Rockshow zeigen, ein Feuerwerk aus Sound, Licht &amp; Video abbrennen. Jede Show ist voller Emotionen und etwas Besonderes !<\/p>\n<p>MARILLION, eine Band, die sich nach dem Abgang von Fish neu erfunden und ihren neuen Weg mit Steve Hogarth konsequent bis heute fortgesetzt haben. Steve Hogarth, ein B\u00fchnen-Monster, der mit seinem einzigartigem Gesang, seiner Energie und Power jedes Publikum in seinen Bann zieht und mitrei\u00dft. Die Band zeigt, dass man abseits der Mainstream-Pfade Jahrzehnte bestehen kann. Wer h\u00e4tte das nach dem Abgang von Fish 1987 gedacht. MARILLION haben in jeder Dekade ein herausragendes Album ver\u00f6ffentlicht. In den 80ern war das \u201eMisplaced Childhood\u201c in den 90ern \u201eBrave\u201c. 2004 folgte \u201eMarbles\u201c, gefolgt von \u201eF.E.A.R.\u201c im Jahr 2016. Im M\u00e4rz 2023 erschien ihr 20stes Studioalbum mit dem sehr zeitgem\u00e4\u00dfen Titel: \u201eAn Hour Before It\u00b4s Dark\u201c, das von den Kritikern zurecht abgefeiert wird.<\/p>","protected":false},"excerpt":{"rendered":"<p>Get your ticket now!<\/p>","protected":false},"featured_media":66889,"template":"","meta":{"_acf_changed":false,"inline_featured_image":false},"product_brand":[],"product_cat":[31,344,69,86,35,6732,21,58],"product_tag":[941,962,942,943,4819,7093,944,6804,947,948],"class_list":{"0":"post-66886","1":"product","2":"type-product","3":"status-publish","4":"has-post-thumbnail","6":"product_cat-events","7":"product_cat-haus-auensee","8":"product_cat-konzert","9":"product_cat-leipzig","10":"product_cat-orte","11":"product_cat-rock-hard-rock","12":"product_cat-ticket","13":"product_cat-veranstaltung","14":"product_tag-events","15":"product_tag-haus-auensee","16":"product_tag-konzert","17":"product_tag-leipzig","18":"product_tag-live-2026","19":"product_tag-marillion","20":"product_tag-orte","21":"product_tag-rock-hard-rock","22":"product_tag-ticket","23":"product_tag-veranstaltung","24":"product_shipping_class-nur_paketversand","25":"pa_discount-inklusive-begleitperson","26":"pa_discount-kind","27":"pa_discount-normalpreis","28":"pa_preiskategorie-pk-i","29":"pa_preiskategorie-pk-ii","30":"pa_preiskategorie-pk-iii","31":"pa_preiskategorie-pk-iv","32":"pa_preiskategorie-rollstuhlfahrer","33":"pa_preiskategorie-schwerbeschaedigt","34":"pa_preiskategorie-stehplatz","36":"first","37":"instock","38":"taxable","39":"shipping-taxable","40":"purchasable","41":"product-type-variable"},"group_of_quantity":0,"min_quantity":0,"max_quantity":"","exclude_order_quantity_value_rules":"no","exclude_category_quantity_rules":"no","combine_variations":"no","acf":[],"_links":{"self":[{"href":"https:\/\/arena-ticket.com\/en\/wp-json\/wp\/v2\/product\/66886","targetHints":{"allow":["GET"]}}],"collection":[{"href":"https:\/\/arena-ticket.com\/en\/wp-json\/wp\/v2\/product"}],"about":[{"href":"https:\/\/arena-ticket.com\/en\/wp-json\/wp\/v2\/types\/product"}],"wp:featuredmedia":[{"embeddable":true,"href":"https:\/\/arena-ticket.com\/en\/wp-json\/wp\/v2\/media\/66889"}],"wp:attachment":[{"href":"https:\/\/arena-ticket.com\/en\/wp-json\/wp\/v2\/media?parent=66886"}],"wp:term":[{"taxonomy":"product_brand","embeddable":true,"href":"https:\/\/arena-ticket.com\/en\/wp-json\/wp\/v2\/product_brand?post=66886"},{"taxonomy":"product_cat","embeddable":true,"href":"https:\/\/arena-ticket.com\/en\/wp-json\/wp\/v2\/product_cat?post=66886"},{"taxonomy":"product_tag","embeddable":true,"href":"https:\/\/arena-ticket.com\/en\/wp-json\/wp\/v2\/product_tag?post=66886"}],"curies":[{"name":"wp","href":"https:\/\/api.w.org\/{rel}","templated":true}]}}