{"id":66954,"date":"2026-02-16T14:57:03","date_gmt":"2026-02-16T13:57:03","guid":{"rendered":"https:\/\/arena-ticket.com\/?p=66954&#038;post_type=product&#038;preview_id=66954"},"modified":"2026-02-16T15:08:01","modified_gmt":"2026-02-16T14:08:01","slug":"deine-cousine-live-2026-ich-weiss-wie-dieser-abend-endet-haus-auensee-leipzig-06-11-2026-2000-uhr","status":"publish","type":"product","link":"https:\/\/arena-ticket.com\/en\/product\/deine-cousine-live-2026-ich-weiss-wie-dieser-abend-endet-haus-auensee-leipzig-06-11-2026-2000-uhr\/","title":{"rendered":"DEINE COUSINE - LIVE 2026 - Ich wei\u00df wie dieser Abend endet"},"content":{"rendered":"<p>Eines steht schon mal fest: das neue Jahr h\u00e4lt f\u00fcr Deine Cousine und ihre Fans einige spannende Highlights bereit. Ina Bredehorn alias Deine Cousine setzt 2026 ein deutliches Ausrufezeichen und markiert den Beginn einer neuen, sichtbaren Karrierephase. Nach einem intensiven Festivalsommer, in dem sie sich die gro\u00dfen B\u00fchnen unter anderem mit Rock-Ikonen wie den Toten Hosen teilt, bildet den H\u00f6hepunkt der zweiten Jahresh\u00e4lfte im Herbst ihre Tour DEINE COUSINE - LIVE 2026 - Ich wei\u00df wie dieser Abend endet in der DACH-Region.<\/p>","protected":false},"excerpt":{"rendered":"<p>Get your tickets now!<\/p>","protected":false},"featured_media":66959,"template":"","meta":{"_acf_changed":false,"inline_featured_image":false},"product_brand":[],"product_cat":[31,344,69,86,35,6732,21,58],"product_tag":[3421,941,962,942,943,7098,944,6804,947,948],"class_list":{"0":"post-66954","1":"product","2":"type-product","3":"status-publish","4":"has-post-thumbnail","6":"product_cat-events","7":"product_cat-haus-auensee","8":"product_cat-konzert","9":"product_cat-leipzig","10":"product_cat-orte","11":"product_cat-rock-hard-rock","12":"product_cat-ticket","13":"product_cat-veranstaltung","14":"product_tag-deine-cousine","15":"product_tag-events","16":"product_tag-haus-auensee","17":"product_tag-konzert","18":"product_tag-leipzig","19":"product_tag-live-2026-ich-weiss-wie-dieser-abend-endet","20":"product_tag-orte","21":"product_tag-rock-hard-rock","22":"product_tag-ticket","23":"product_tag-veranstaltung","24":"product_shipping_class-nur_paketversand","25":"pa_discount-normalpreis","26":"pa_preiskategorie-stehplatz","28":"first","29":"instock","30":"taxable","31":"shipping-taxable","32":"purchasable","33":"product-type-variable"},"group_of_quantity":0,"min_quantity":0,"max_quantity":"","exclude_order_quantity_value_rules":"no","exclude_category_quantity_rules":"no","combine_variations":"no","acf":[],"_links":{"self":[{"href":"https:\/\/arena-ticket.com\/en\/wp-json\/wp\/v2\/product\/66954","targetHints":{"allow":["GET"]}}],"collection":[{"href":"https:\/\/arena-ticket.com\/en\/wp-json\/wp\/v2\/product"}],"about":[{"href":"https:\/\/arena-ticket.com\/en\/wp-json\/wp\/v2\/types\/product"}],"wp:featuredmedia":[{"embeddable":true,"href":"https:\/\/arena-ticket.com\/en\/wp-json\/wp\/v2\/media\/66959"}],"wp:attachment":[{"href":"https:\/\/arena-ticket.com\/en\/wp-json\/wp\/v2\/media?parent=66954"}],"wp:term":[{"taxonomy":"product_brand","embeddable":true,"href":"https:\/\/arena-ticket.com\/en\/wp-json\/wp\/v2\/product_brand?post=66954"},{"taxonomy":"product_cat","embeddable":true,"href":"https:\/\/arena-ticket.com\/en\/wp-json\/wp\/v2\/product_cat?post=66954"},{"taxonomy":"product_tag","embeddable":true,"href":"https:\/\/arena-ticket.com\/en\/wp-json\/wp\/v2\/product_tag?post=66954"}],"curies":[{"name":"wp","href":"https:\/\/api.w.org\/{rel}","templated":true}]}}