{"id":66968,"date":"2026-02-16T17:19:11","date_gmt":"2026-02-16T16:19:11","guid":{"rendered":"https:\/\/arena-ticket.com\/?p=66968&#038;post_type=product&#038;preview_id=66968"},"modified":"2026-02-16T17:37:52","modified_gmt":"2026-02-16T16:37:52","slug":"dire-strats-a-tribute-to-dire-straits-peterskirche-leipzig-04-12-2026-1930-uhr-2","status":"publish","type":"product","link":"https:\/\/arena-ticket.com\/en\/product\/dire-strats-a-tribute-to-dire-straits-peterskirche-leipzig-04-12-2026-1930-uhr-2\/","title":{"rendered":"Dire Strats - A Tribute to Dire Straits"},"content":{"rendered":"<p>Die meistgebuchte Dire Straits-Tribute-Band Europas live auf Schloss Burg! Im Vordergrund steht der Sound der um die Welt ging, mit einer Gitarre die keiner von uns je vergessen wird. Wolfgang Uhlich wird dabei von vielen fachkundigen Fans im In- und Ausland als bester Mark Knopfler Imitator angesehen. Durch enorme Wandlungsf\u00e4higkeit wird ein Live-Programm f\u00fcr alte Kenner und neue Fans geschaffen. Die Klassiker \u201eWalk of Life\u201c, \u201eSultans of swing\u201c und \u201eBrothers in Arms\u201c sind fester Bestandteil des im Detail ausgearbeiteten Programms. Mit Individualit\u00e4t, musikalischem Feingef\u00fchl, pr\u00e4zisem Solospiel und dem richtigen \"Draht\" zum Publikum wurden in den letzten Jahren die B\u00fchnen und die Herzen der Fans im Sturm erobert.<\/p>","protected":false},"excerpt":{"rendered":"<p>A tribute to Dire Straits - Jetzt Tickets sichern!<\/p>","protected":false},"featured_media":66974,"template":"","meta":{"_acf_changed":false,"inline_featured_image":false},"product_brand":[],"product_cat":[373,87,31,69,35,6732,21,58],"product_tag":[3935,4453,4452,3934,940,941,942,944,6804,947,948],"class_list":{"0":"post-66968","1":"product","2":"type-product","3":"status-publish","4":"has-post-thumbnail","6":"product_cat-boulevardtheater","7":"product_cat-dresden","8":"product_cat-events","9":"product_cat-konzert","10":"product_cat-orte","11":"product_cat-rock-hard-rock","12":"product_cat-ticket","13":"product_cat-veranstaltung","14":"product_tag-a-tribute-to-dire-straits","15":"product_tag-boulevardtheater","16":"product_tag-boulevardtheater-dresden","17":"product_tag-dire-strats","18":"product_tag-dresden","19":"product_tag-events","20":"product_tag-konzert","21":"product_tag-orte","22":"product_tag-rock-hard-rock","23":"product_tag-ticket","24":"product_tag-veranstaltung","25":"product_shipping_class-nur_paketversand","26":"pa_discount-normalpreis","27":"pa_preiskategorie-pk-i","29":"first","30":"instock","31":"taxable","32":"shipping-taxable","33":"purchasable","34":"product-type-variable"},"group_of_quantity":0,"min_quantity":0,"max_quantity":"","exclude_order_quantity_value_rules":"no","exclude_category_quantity_rules":"no","combine_variations":"no","acf":[],"_links":{"self":[{"href":"https:\/\/arena-ticket.com\/en\/wp-json\/wp\/v2\/product\/66968","targetHints":{"allow":["GET"]}}],"collection":[{"href":"https:\/\/arena-ticket.com\/en\/wp-json\/wp\/v2\/product"}],"about":[{"href":"https:\/\/arena-ticket.com\/en\/wp-json\/wp\/v2\/types\/product"}],"wp:featuredmedia":[{"embeddable":true,"href":"https:\/\/arena-ticket.com\/en\/wp-json\/wp\/v2\/media\/66974"}],"wp:attachment":[{"href":"https:\/\/arena-ticket.com\/en\/wp-json\/wp\/v2\/media?parent=66968"}],"wp:term":[{"taxonomy":"product_brand","embeddable":true,"href":"https:\/\/arena-ticket.com\/en\/wp-json\/wp\/v2\/product_brand?post=66968"},{"taxonomy":"product_cat","embeddable":true,"href":"https:\/\/arena-ticket.com\/en\/wp-json\/wp\/v2\/product_cat?post=66968"},{"taxonomy":"product_tag","embeddable":true,"href":"https:\/\/arena-ticket.com\/en\/wp-json\/wp\/v2\/product_tag?post=66968"}],"curies":[{"name":"wp","href":"https:\/\/api.w.org\/{rel}","templated":true}]}}