{"id":66983,"date":"2026-02-16T17:48:40","date_gmt":"2026-02-16T16:48:40","guid":{"rendered":"https:\/\/arena-ticket.com\/?p=66983&#038;post_type=product&#038;preview_id=66983"},"modified":"2026-02-17T11:36:23","modified_gmt":"2026-02-17T10:36:23","slug":"voces8-winter-tales-peterskirche-leipzig-26-11-2027-2000-uhr","status":"publish","type":"product","link":"https:\/\/arena-ticket.com\/en\/product\/voces8-winter-tales-peterskirche-leipzig-26-11-2027-2000-uhr\/","title":{"rendered":"Voces8  - Winter Tales"},"content":{"rendered":"<p>Das britische A-cappella-Ensemble VOCES8 pr\u00e4sentiert in der Peterskirche Leipzig ein besinnliches Programm \u2013 denn Winter Tales entf\u00fchrt Sie in eine festliche Klangwelt voller Magie und weihnachtlicher Stimmung. Werke von der Renaissance bis zur Gegenwart \u2013 darunter Kompositionen von Reena Esmail, Kerensa Briggs und Philip Stopford \u2013 treffen auf traditionelle Lieder in kunstvollen Arrangements.<\/p>\n<p>VOCES8, 2023 nominiert f\u00fcr einen Grammy, geh\u00f6rt zu den f\u00fchrenden Gruppen weltweit. F\u00fcr ihre eindrucksvolle Aufnahme \u00bbNightfall\u00ab wurde VOCES8 zudem f\u00fcr den OPUS-Klassik in der Kategorie \u00bbChorwerkeinspielung des Jahres\u00ab nominiert.<\/p>","protected":false},"excerpt":{"rendered":"<p>Get your tickets here now!<\/p>","protected":false},"featured_media":66992,"template":"","meta":{"_acf_changed":false,"inline_featured_image":false},"product_brand":[],"product_cat":[31,6741,69,86,35,476,21,58],"product_tag":[941,2504,942,943,944,964,947,948,7102,7103],"class_list":{"0":"post-66983","1":"product","2":"type-product","3":"status-publish","4":"has-post-thumbnail","6":"product_cat-events","7":"product_cat-klassik","8":"product_cat-konzert","9":"product_cat-leipzig","10":"product_cat-orte","11":"product_cat-peterskirche","12":"product_cat-ticket","13":"product_cat-veranstaltung","14":"product_tag-events","15":"product_tag-klassik","16":"product_tag-konzert","17":"product_tag-leipzig","18":"product_tag-orte","19":"product_tag-peterskirche","20":"product_tag-ticket","21":"product_tag-veranstaltung","22":"product_tag-voces8","23":"product_tag-winter-tales","24":"product_shipping_class-nur_paketversand","25":"pa_discount-normalpreis","26":"pa_preiskategorie-pk-i","27":"pa_preiskategorie-pk-ii","28":"pa_preiskategorie-pk-iii","29":"pa_preiskategorie-pk-iv","30":"pa_preiskategorie-pk-v","32":"first","33":"instock","34":"taxable","35":"shipping-taxable","36":"purchasable","37":"product-type-variable"},"group_of_quantity":0,"min_quantity":0,"max_quantity":"","exclude_order_quantity_value_rules":"no","exclude_category_quantity_rules":"no","combine_variations":"no","acf":[],"_links":{"self":[{"href":"https:\/\/arena-ticket.com\/en\/wp-json\/wp\/v2\/product\/66983","targetHints":{"allow":["GET"]}}],"collection":[{"href":"https:\/\/arena-ticket.com\/en\/wp-json\/wp\/v2\/product"}],"about":[{"href":"https:\/\/arena-ticket.com\/en\/wp-json\/wp\/v2\/types\/product"}],"wp:featuredmedia":[{"embeddable":true,"href":"https:\/\/arena-ticket.com\/en\/wp-json\/wp\/v2\/media\/66992"}],"wp:attachment":[{"href":"https:\/\/arena-ticket.com\/en\/wp-json\/wp\/v2\/media?parent=66983"}],"wp:term":[{"taxonomy":"product_brand","embeddable":true,"href":"https:\/\/arena-ticket.com\/en\/wp-json\/wp\/v2\/product_brand?post=66983"},{"taxonomy":"product_cat","embeddable":true,"href":"https:\/\/arena-ticket.com\/en\/wp-json\/wp\/v2\/product_cat?post=66983"},{"taxonomy":"product_tag","embeddable":true,"href":"https:\/\/arena-ticket.com\/en\/wp-json\/wp\/v2\/product_tag?post=66983"}],"curies":[{"name":"wp","href":"https:\/\/api.w.org\/{rel}","templated":true}]}}