{"id":67022,"date":"2026-02-17T12:06:06","date_gmt":"2026-02-17T11:06:06","guid":{"rendered":"https:\/\/arena-ticket.com\/?p=67022&#038;post_type=product&#038;preview_id=67022"},"modified":"2026-02-18T10:09:45","modified_gmt":"2026-02-18T09:09:45","slug":"schandmaul-sternensegler-tour-2027-special-guest-gossenpoeten-der-anker-leipzig-19-02-2027-1930-uhr","status":"publish","type":"product","link":"https:\/\/arena-ticket.com\/en\/product\/schandmaul-sternensegler-tour-2027-special-guest-gossenpoeten-der-anker-leipzig-19-02-2027-1930-uhr\/","title":{"rendered":"Schandmaul  - Sternensegler Tour 2027 + Special Guest: Gossenpoeten"},"content":{"rendered":"<p>F\u00fcnf Jahre \u2013 so lange mussten Schandmaul und ihre treue Gefolgschaft warten, um endlich wieder gemeinsam in See zu stechen. Nach all den St\u00fcrmen der letzten Jahre kehrt die Band nun st\u00e4rker denn je zur\u00fcck und hisst die Segel f\u00fcr eine neue \u00c4ra. Sieben Musiker, fest zusammengeschwei\u00dft, stehen bereit, um mit ihrem Publikum auf eine unvergessliche Reise zu gehen.<\/p>\n<p>Angef\u00fchrt von Kapit\u00e4n Thomas Lindner, der gewohnt souver\u00e4n zwischen Gitarre und Keyboard pendelt, setzt die Band die Segel \u2013 flankiert vom charismatischen neuen Frontmann Till Herence , der mit frischer Energie und markanter Stimme neue Impulse bringt. Gemeinsam laden sie ein, an Bord zu kommen, den Alltag hinter sich zu lassen und mit ihnen um die Sterne zu segeln.<\/p>","protected":false},"excerpt":{"rendered":"<p>Get your tickets here now!<\/p>","protected":false},"featured_media":67027,"template":"","meta":{"_acf_changed":false,"inline_featured_image":false},"product_brand":[],"product_cat":[388,31,69,86,35,6732,21,58],"product_tag":[971,2859,941,942,943,944,6804,7106,7107,947,948],"class_list":{"0":"post-67022","1":"product","2":"type-product","3":"status-publish","4":"has-post-thumbnail","6":"product_cat-anker","7":"product_cat-events","8":"product_cat-konzert","9":"product_cat-leipzig","10":"product_cat-orte","11":"product_cat-rock-hard-rock","12":"product_cat-ticket","13":"product_cat-veranstaltung","14":"product_tag-anker","15":"product_tag-der-anker","16":"product_tag-events","17":"product_tag-konzert","18":"product_tag-leipzig","19":"product_tag-orte","20":"product_tag-rock-hard-rock","21":"product_tag-schandmaul","22":"product_tag-sternensegler-tour-2027-special-guest-gossenpoeten","23":"product_tag-ticket","24":"product_tag-veranstaltung","25":"product_shipping_class-nur_paketversand","26":"pa_discount-normalpreis","27":"pa_preiskategorie-freie-platzwahl","28":"pa_preiskategorie-stehplatz","30":"first","31":"instock","32":"taxable","33":"shipping-taxable","34":"purchasable","35":"product-type-variable"},"group_of_quantity":0,"min_quantity":0,"max_quantity":"","exclude_order_quantity_value_rules":"no","exclude_category_quantity_rules":"no","combine_variations":"no","acf":[],"_links":{"self":[{"href":"https:\/\/arena-ticket.com\/en\/wp-json\/wp\/v2\/product\/67022","targetHints":{"allow":["GET"]}}],"collection":[{"href":"https:\/\/arena-ticket.com\/en\/wp-json\/wp\/v2\/product"}],"about":[{"href":"https:\/\/arena-ticket.com\/en\/wp-json\/wp\/v2\/types\/product"}],"wp:featuredmedia":[{"embeddable":true,"href":"https:\/\/arena-ticket.com\/en\/wp-json\/wp\/v2\/media\/67027"}],"wp:attachment":[{"href":"https:\/\/arena-ticket.com\/en\/wp-json\/wp\/v2\/media?parent=67022"}],"wp:term":[{"taxonomy":"product_brand","embeddable":true,"href":"https:\/\/arena-ticket.com\/en\/wp-json\/wp\/v2\/product_brand?post=67022"},{"taxonomy":"product_cat","embeddable":true,"href":"https:\/\/arena-ticket.com\/en\/wp-json\/wp\/v2\/product_cat?post=67022"},{"taxonomy":"product_tag","embeddable":true,"href":"https:\/\/arena-ticket.com\/en\/wp-json\/wp\/v2\/product_tag?post=67022"}],"curies":[{"name":"wp","href":"https:\/\/api.w.org\/{rel}","templated":true}]}}