{"id":67037,"date":"2026-02-17T12:18:41","date_gmt":"2026-02-17T11:18:41","guid":{"rendered":"https:\/\/arena-ticket.com\/?p=67037&#038;post_type=product&#038;preview_id=67037"},"modified":"2026-03-12T10:30:24","modified_gmt":"2026-03-12T09:30:24","slug":"ic-falkenberg-unterstrichen-2026-leipzig-kupfersaal-29-05-2026-2000-uhr","status":"publish","type":"product","link":"https:\/\/arena-ticket.com\/en\/product\/ic-falkenberg-unterstrichen-2026-leipzig-kupfersaal-29-05-2026-2000-uhr\/","title":{"rendered":"IC Falkenberg  - Unterstrichen 2026"},"content":{"rendered":"<p>IC FALKENBERG steht seit seinem zehnten Lebensjahr auf der B\u00fchne.<\/p>\n<p>In den Achtzigern war er der S\u00e4nger, Komponist und Texter von Stern Meissen.<\/p>\n<p>Schnell avanciert er, Mitte der 80ziger, unter dem K\u00fcnstlernamen IC FALKENBERG zu einem der erfolgreichsten und popul\u00e4rsten K\u00fcnstler im Osten Deutschlandsund verkauft in dieser Zeit von seinen ersten beiden Soloalben jeweils \u00fcber 250.000 Exemplare. Die Konzerte von IC FALKENBERG sind nicht wiederholbare Momente, ihre offenherzige Intimit\u00e4t und ber\u00fchrende Melancholie durchwebt er mit humorvollen Geschichten. Trotz seiner anspruchsvollen Themen bleibt er dabei in einer unaufdringlichen Leichtigkeit.<\/p>\n<p>Er meistert den Grat, klingt empfindsam, aber niemals sentimental.<\/p>\n<p>\"Tr\u00e4umerische Kl\u00e4nge eines kreativen Poeten: ideales Futter f\u00fcrs Feuilleton\u2026 der Mann verf\u00fcgt \u00fcber enorme sprachliche und musikalische M\u00f6glichkeiten, er sollte geh\u00f6rt werden.\" (Musikexpress)<\/p>","protected":false},"excerpt":{"rendered":"<p>IC FALKENBERG&#039;s concerts are unrepeatable moments; he interweaves their open-hearted intimacy and touching melancholy with humorous stories.<\/p>","protected":false},"featured_media":67035,"template":"","meta":{"_acf_changed":false,"inline_featured_image":false},"product_brand":[],"product_cat":[31,69,430,86,35,6746,21,58],"product_tag":[941,3169,7108,942,968,943,944,6814,947,7109,948],"class_list":{"0":"post-67037","1":"product","2":"type-product","3":"status-publish","4":"has-post-thumbnail","6":"product_cat-events","7":"product_cat-konzert","8":"product_cat-kupfersaal","9":"product_cat-leipzig","10":"product_cat-orte","11":"product_cat-singer-songwriter","12":"product_cat-ticket","13":"product_cat-veranstaltung","14":"product_tag-events","15":"product_tag-ic-falkenberg","16":"product_tag-ic-falkenberg-band","17":"product_tag-konzert","18":"product_tag-kupfersaal","19":"product_tag-leipzig","20":"product_tag-orte","21":"product_tag-singer-songwriter","22":"product_tag-ticket","23":"product_tag-unterstrichen-2026","24":"product_tag-veranstaltung","25":"product_shipping_class-nur_paketversand","26":"pa_discount-normalpreis","27":"pa_preiskategorie-freie-platzwahl","29":"first","30":"instock","31":"taxable","32":"shipping-taxable","33":"purchasable","34":"product-type-variable"},"group_of_quantity":0,"min_quantity":0,"max_quantity":"","exclude_order_quantity_value_rules":"no","exclude_category_quantity_rules":"no","combine_variations":"no","acf":[],"_links":{"self":[{"href":"https:\/\/arena-ticket.com\/en\/wp-json\/wp\/v2\/product\/67037","targetHints":{"allow":["GET"]}}],"collection":[{"href":"https:\/\/arena-ticket.com\/en\/wp-json\/wp\/v2\/product"}],"about":[{"href":"https:\/\/arena-ticket.com\/en\/wp-json\/wp\/v2\/types\/product"}],"wp:featuredmedia":[{"embeddable":true,"href":"https:\/\/arena-ticket.com\/en\/wp-json\/wp\/v2\/media\/67035"}],"wp:attachment":[{"href":"https:\/\/arena-ticket.com\/en\/wp-json\/wp\/v2\/media?parent=67037"}],"wp:term":[{"taxonomy":"product_brand","embeddable":true,"href":"https:\/\/arena-ticket.com\/en\/wp-json\/wp\/v2\/product_brand?post=67037"},{"taxonomy":"product_cat","embeddable":true,"href":"https:\/\/arena-ticket.com\/en\/wp-json\/wp\/v2\/product_cat?post=67037"},{"taxonomy":"product_tag","embeddable":true,"href":"https:\/\/arena-ticket.com\/en\/wp-json\/wp\/v2\/product_tag?post=67037"}],"curies":[{"name":"wp","href":"https:\/\/api.w.org\/{rel}","templated":true}]}}