{"id":67045,"date":"2026-02-17T12:47:34","date_gmt":"2026-02-17T11:47:34","guid":{"rendered":"https:\/\/arena-ticket.com\/?p=67045&#038;post_type=product&#038;preview_id=67045"},"modified":"2026-03-03T13:18:33","modified_gmt":"2026-03-03T12:18:33","slug":"bube-dame-koenig-chor-folksongs-und-volkslieder-leipzig-voelkerschlachtdenkmal-18-04-2026-1900-uhr","status":"publish","type":"product","link":"https:\/\/arena-ticket.com\/en\/product\/bube-dame-koenig-chor-folksongs-und-volkslieder-leipzig-voelkerschlachtdenkmal-18-04-2026-1900-uhr\/","title":{"rendered":"Bube Dame K\u00f6nig Chor - Folksongs und Volkslieder"},"content":{"rendered":"<p>&nbsp;<\/p>\n<p>&nbsp;<\/p>\n<p><em>Erm\u00e4\u00dfigung f\u00fcr <\/em><br \/>\n<em>- Kinder 6-10 Jahre (bis 5 Jahre: freier Eintritt, kein Sitzanspruch), <\/em><br \/>\n<em>- Sch\u00fcler:innen Studierende, Buftis, Azubis, Schwerbehinderte mit und ohne B<\/em><br \/>\n<em>- Leipzig Pass holders<\/em><\/p>\n<p>&nbsp;<\/p>\n<p>&nbsp;<\/p>\n<div class=\"elementor-container elementor-column-gap-default\">\n<div class=\"has_eae_slider elementor-column elementor-col-50 elementor-top-column elementor-element elementor-element-77ca385\" data-eae-slider=\"76263\" data-id=\"77ca385\" data-element_type=\"column\" data-e-type=\"column\">\n<div class=\"elementor-widget-wrap elementor-element-populated\">\n<div class=\"elementor-element elementor-element-3cd989a elementor-widget elementor-widget-text-editor\" data-id=\"3cd989a\" data-element_type=\"widget\" data-e-type=\"widget\" data-widget_type=\"text-editor.default\">\n<div class=\"elementor-widget-container\">\n<p>Der DENKMALCHOR z\u00e4hlt zu den profiliertesten Ch\u00f6ren der Stadt Leipzig. Mit dem V\u00f6lkerschlachtdenkmal Leipzig verf\u00fcgt der Denkmalchor \u00fcber eine Konzertst\u00e4tte von au\u00dferordentlicher Qualit\u00e4t und Ausstrahlung. Die Auff\u00fchrungen von weltlicher und geistlicher Vokalmusik durch den Denkmalchor im V\u00f6lkerschlachtdenkmal sind aufgrund der besonderen akustischen Verh\u00e4ltnisse und eines au\u00dfergew\u00f6hnlichen Raumklangs einzigartig in der mitteldeutschen Chorlandschaft. Je nach Anlass \u2013 und in unterschiedlichste thematische Programmideen eingebettet \u2013 f\u00fchrt der Denkmalchor Musik von der Renaissance bis hin zur zeitgen\u00f6ssischen Musik auf.<\/p>\n<\/div>\n<\/div>\n<\/div>\n<\/div>\n<div class=\"has_eae_slider elementor-column elementor-col-50 elementor-top-column elementor-element elementor-element-9a68703\" data-eae-slider=\"68618\" data-id=\"9a68703\" data-element_type=\"column\" data-e-type=\"column\">\n<div class=\"elementor-widget-wrap elementor-element-populated\">\n<div class=\"elementor-element elementor-element-0ced095 elementor-widget elementor-widget-text-editor\" data-id=\"0ced095\" data-element_type=\"widget\" data-e-type=\"widget\" data-widget_type=\"text-editor.default\">\n<div class=\"elementor-widget-container\">\n<div>\n<div>\n<p>Neben der traditionellen Chorliteratur ist es dem Denkmalchor ein wichtiges Anliegen, auch eine Plattform f\u00fcr ungew\u00f6hnliche Besetzungen und experimentelle Auff\u00fchrungskriterien zu bieten. So nutzt der gemischte Chor unter Einbeziehung der verschiedenen Ebenen im V\u00f6lkerschlachtdenkmal die unterschiedlichen M\u00f6glichkeiten des Raumklangs. Der Denkmalchor pflegt langj\u00e4hrige Beziehungen zu seinen Partnerch\u00f6ren in Frankreich, Russland und Schweden. Seit 2015 ist Philipp Goldmann musikalischer Leiter beim Denkmalchor.<\/p>\n<\/div>\n<\/div>\n<\/div>\n<\/div>\n<\/div>\n<\/div>\n<\/div>\n<p>&nbsp;<\/p>","protected":false},"excerpt":{"rendered":"<p>Folksongs und Volkslieder mit dem Chor des V\u00f6lkerschlachtdenkmals unter der Leitung von Philipp Goldmann und der Folkband Bube Dame K\u00f6nig<\/p>","protected":false},"featured_media":67049,"template":"","meta":{"_acf_changed":false,"inline_featured_image":false},"product_brand":[],"product_cat":[31,69,86,35,6749,21,58,507],"product_tag":[7110,941,7111,942,943,944,6779,947,948,4934],"class_list":{"0":"post-67045","1":"product","2":"type-product","3":"status-publish","4":"has-post-thumbnail","6":"product_cat-events","7":"product_cat-konzert","8":"product_cat-leipzig","9":"product_cat-orte","10":"product_cat-sonstiges_konzert","11":"product_cat-ticket","12":"product_cat-veranstaltung","13":"product_cat-voelkerschlachtdenkmal","14":"product_tag-bube-dame-koenig-chor","15":"product_tag-events","16":"product_tag-folksongs-und-volkslieder","17":"product_tag-konzert","18":"product_tag-leipzig","19":"product_tag-orte","20":"product_tag-sonstiges","21":"product_tag-ticket","22":"product_tag-veranstaltung","23":"product_tag-voelkerschlachtdenkmal","24":"product_shipping_class-nur_paketversand","25":"pa_discount-ermaessigt","26":"pa_discount-kind","27":"pa_discount-leipzig-pass-inhaber","28":"pa_discount-normalpreis","29":"pa_preiskategorie-freie-platzwahl","30":"pa_preiskategorie-stehplatz","32":"first","33":"instock","34":"taxable","35":"shipping-taxable","36":"purchasable","37":"product-type-variable"},"group_of_quantity":0,"min_quantity":0,"max_quantity":"","exclude_order_quantity_value_rules":"no","exclude_category_quantity_rules":"no","combine_variations":"no","acf":[],"_links":{"self":[{"href":"https:\/\/arena-ticket.com\/en\/wp-json\/wp\/v2\/product\/67045","targetHints":{"allow":["GET"]}}],"collection":[{"href":"https:\/\/arena-ticket.com\/en\/wp-json\/wp\/v2\/product"}],"about":[{"href":"https:\/\/arena-ticket.com\/en\/wp-json\/wp\/v2\/types\/product"}],"wp:featuredmedia":[{"embeddable":true,"href":"https:\/\/arena-ticket.com\/en\/wp-json\/wp\/v2\/media\/67049"}],"wp:attachment":[{"href":"https:\/\/arena-ticket.com\/en\/wp-json\/wp\/v2\/media?parent=67045"}],"wp:term":[{"taxonomy":"product_brand","embeddable":true,"href":"https:\/\/arena-ticket.com\/en\/wp-json\/wp\/v2\/product_brand?post=67045"},{"taxonomy":"product_cat","embeddable":true,"href":"https:\/\/arena-ticket.com\/en\/wp-json\/wp\/v2\/product_cat?post=67045"},{"taxonomy":"product_tag","embeddable":true,"href":"https:\/\/arena-ticket.com\/en\/wp-json\/wp\/v2\/product_tag?post=67045"}],"curies":[{"name":"wp","href":"https:\/\/api.w.org\/{rel}","templated":true}]}}