{"id":67064,"date":"2026-02-17T13:26:41","date_gmt":"2026-02-17T12:26:41","guid":{"rendered":"https:\/\/arena-ticket.com\/?p=67064&#038;post_type=product&#038;preview_id=67064"},"modified":"2026-02-20T16:56:56","modified_gmt":"2026-02-20T15:56:56","slug":"selig-the-epic-years-tour-2026-leipzig-der-anker-05-12-2026-2000-uhr","status":"publish","type":"product","link":"https:\/\/arena-ticket.com\/en\/product\/selig-the-epic-years-tour-2026-leipzig-der-anker-05-12-2026-2000-uhr\/","title":{"rendered":"SELIG  - The Epic Years Tour 2026"},"content":{"rendered":"<p>Die deutschen Grunge-Legenden k\u00f6nnen einfach nicht stillhalten: Kaum ist ihre letzte Tour \u201c30 Jahre Selig\u201d erfolgreich beendet, k\u00fcndigen sie ihre \u201cThe EPIC Years\u201d Tour an!<\/p>\n<p>Seit 1993 liefern SELIG einen eing\u00e4ngigen Brecher nach dem anderen. Als eine der wenigen Bands aus der VIVA-\u00c4ra, die bis auf ein Mitglied noch in Originalbesetzung unterwegs sind, bringen sie seit 2010 unerm\u00fcdlich ihre zeitlosen Hits auf Deutschlands und \u00d6sterreichs B\u00fchnen, und zwar mit der gleichen Energie und Liebe zum Detail wie vor 30 Jahren! Nach einer nahezu ausverkauften Tour widmen sich SELIG ihren \u201eEPIC Years\u201c: Im Fr\u00fchjahr 2026 erscheint eine Vinyl-Box mit dem Deb\u00fctalbum \u201eSelig\u201c, \u201eHier\u201c und \u201eBlender\u201c \u2013 alle drei Alben stammen aus ihrer Zeit beim Sony-Label EPIC, das in international f\u00fcr K\u00fcnstler wie Pearl Jam, Rage Against the Machine und viele weitere stilpr\u00e4gende Ver\u00f6ffentlichungen bekannt wurde.<\/p>\n<p>Genau diese Atmosph\u00e4re und Energie ihrer fr\u00fchen Phase bringen SELIG auf ihrer \u201eThe EPIC Years\u201c-Tour wieder auf die B\u00fchne. F\u00fcr neue wie alte Fans bedeutet das: Eine Live-Show der Meisterklasse, wie sie nur eine Tour-erfahrene Band wie SELIG auf die B\u00fchne bringen kann.<\/p>\n<p>Im Winter 2026 ist es so weit: SELIG sind wieder live und in Aktion zu erleben \u2013 ein Muss, nicht nur f\u00fcr Fans der ersten Stunde!<\/p>","protected":false},"excerpt":{"rendered":"<p>SELIG kehren auf Tour zur\u00fcck und zelebrieren ihre \u201eEpic Years\u201c<\/p>","protected":false},"featured_media":67071,"template":"","meta":{"_acf_changed":false,"inline_featured_image":false},"product_brand":[],"product_cat":[388,31,69,86,35,6733,21,58],"product_tag":[971,2859,7114,941,7113,942,943,944,2506,7115,7116,947,948],"class_list":{"0":"post-67064","1":"product","2":"type-product","3":"status-publish","4":"has-post-thumbnail","6":"product_cat-anker","7":"product_cat-events","8":"product_cat-konzert","9":"product_cat-leipzig","10":"product_cat-orte","11":"product_cat-pop","12":"product_cat-ticket","13":"product_cat-veranstaltung","14":"product_tag-anker","15":"product_tag-der-anker","16":"product_tag-die-tour-zum-neuen-album","17":"product_tag-events","18":"product_tag-keimzeit-2026","19":"product_tag-konzert","20":"product_tag-leipzig","21":"product_tag-orte","22":"product_tag-pop","23":"product_tag-selig","24":"product_tag-the-epic-years-tour-2026","25":"product_tag-ticket","26":"product_tag-veranstaltung","27":"product_shipping_class-nur_paketversand","28":"pa_discount-normalpreis","29":"pa_preiskategorie-stehplatz","31":"first","32":"instock","33":"taxable","34":"shipping-taxable","35":"purchasable","36":"product-type-variable"},"group_of_quantity":0,"min_quantity":0,"max_quantity":"","exclude_order_quantity_value_rules":"no","exclude_category_quantity_rules":"no","combine_variations":"no","acf":[],"_links":{"self":[{"href":"https:\/\/arena-ticket.com\/en\/wp-json\/wp\/v2\/product\/67064","targetHints":{"allow":["GET"]}}],"collection":[{"href":"https:\/\/arena-ticket.com\/en\/wp-json\/wp\/v2\/product"}],"about":[{"href":"https:\/\/arena-ticket.com\/en\/wp-json\/wp\/v2\/types\/product"}],"wp:featuredmedia":[{"embeddable":true,"href":"https:\/\/arena-ticket.com\/en\/wp-json\/wp\/v2\/media\/67071"}],"wp:attachment":[{"href":"https:\/\/arena-ticket.com\/en\/wp-json\/wp\/v2\/media?parent=67064"}],"wp:term":[{"taxonomy":"product_brand","embeddable":true,"href":"https:\/\/arena-ticket.com\/en\/wp-json\/wp\/v2\/product_brand?post=67064"},{"taxonomy":"product_cat","embeddable":true,"href":"https:\/\/arena-ticket.com\/en\/wp-json\/wp\/v2\/product_cat?post=67064"},{"taxonomy":"product_tag","embeddable":true,"href":"https:\/\/arena-ticket.com\/en\/wp-json\/wp\/v2\/product_tag?post=67064"}],"curies":[{"name":"wp","href":"https:\/\/api.w.org\/{rel}","templated":true}]}}