{"id":67094,"date":"2026-02-17T13:51:53","date_gmt":"2026-02-17T12:51:53","guid":{"rendered":"https:\/\/arena-ticket.com\/?p=67094&#038;post_type=product&#038;preview_id=67094"},"modified":"2026-03-31T18:21:46","modified_gmt":"2026-03-31T16:21:46","slug":"skipinnish-live-2026-leipzig-der-anker-30-11-2026-1930-uhr","status":"publish","type":"product","link":"https:\/\/arena-ticket.com\/en\/product\/skipinnish-live-2026-leipzig-der-anker-30-11-2026-1930-uhr\/","title":{"rendered":"Skipinnish - Live 2026"},"content":{"rendered":"<p>SKIPINNISH sind eine treibende Kraft der zeitgen\u00f6ssischen schottischen Musik und blickten 2024 auf eine bemerkenswerte 25-j\u00e4hrige Karriere zur\u00fcck. Die Band stammt aus dem Herzen der schottischen Highlands und Inseln und hat sich zu einem festen Begriff in der keltischen Musikszene entwickelt, die das Publikum mit seiner kraftvollen Mischung aus traditionellen und modernen Kl\u00e4ngen begeistert.<br \/>\nIm November 2026 kommen SKIPINNISH nun endlich f\u00fcr acht Shows nach Deutschland.<\/p>\n<p>SKIPINNISH wurde 1999 von Angus MacPhail und Andrew Stevenson gegr\u00fcndet und ist tief in der schottischen Musiktradition verwurzelt. Der Bandname verweist auf ihre Heimat und ihre enge Verbindung zu Land, Meer und g\u00e4lischer Kultur.<\/p>\n<p>Mit Dudelsack, Akkordeon, Gesang, Geige sowie einer kraftvollen Rhythmussektion vereint SKIPINNISH traditionelle Kl\u00e4nge mit moderner Energie. Ihre selbst geschriebenen Songs, die oft die Landschaft und Kultur der Highlands widerspiegeln, brachten ihnen weltweite Anerkennung \u2013 darunter die Hymne \u201eWalking on the Waves\u201c, die 2022 beim Royal Edinburgh Military Tattoo vor \u00fcber 100 Millionen Zuschauern zu h\u00f6ren war.<\/p>\n<p>Zum 25-j\u00e4hrigen Jubil\u00e4um 2024 feierte die Band mit zwei gro\u00dfen Konzerten: einer spektakul\u00e4ren Heimkehr in die Highlands bei Inverness und einem Auftritt auf der Edinburgh Castle Esplanade, wo zuvor K\u00fcnstler wie Rod Stewart, The Who, Kylie Minogue, Pink und Runrig gespielt hatten. Die anschlie\u00dfende Show in der OVO Hydro Arena in Glasgow im September 2025 kr\u00f6nte diese Erfolgsgeschichte \u2013 als Dank an ihre Fans und als Ausblick auf die vielversprechende Zukunft der Band. Nun h\u00e4ngen sie 2026 dieser Erfolgsgeschichte auch eine Tour durch Deutschland an.<\/p>","protected":false},"excerpt":{"rendered":"<p>Die neunk\u00f6pfige Band kommt 2026 auf gro\u00dfe Headline Tour nach Deutschland!<\/p>","protected":false},"featured_media":67185,"template":"","meta":{"_acf_changed":false,"inline_featured_image":false},"product_brand":[],"product_cat":[315,3107,31,69,35,6749,21,58],"product_tag":[1332,7117,3603,941,942,943,4819,944,6606,6779,947,948],"class_list":{"0":"post-67094","1":"product","2":"type-product","3":"status-publish","4":"has-post-thumbnail","6":"product_cat-berlin","7":"product_cat-columbiahalle","8":"product_cat-events","9":"product_cat-konzert","10":"product_cat-orte","11":"product_cat-sonstiges_konzert","12":"product_cat-ticket","13":"product_cat-veranstaltung","14":"product_tag-berlin","15":"product_tag-columbia-theater","16":"product_tag-columbiahalle","17":"product_tag-events","18":"product_tag-konzert","19":"product_tag-leipzig","20":"product_tag-live-2026","21":"product_tag-orte","22":"product_tag-skipinnish","23":"product_tag-sonstiges","24":"product_tag-ticket","25":"product_tag-veranstaltung","26":"product_shipping_class-nur_paketversand","27":"pa_discount-normalpreis","28":"pa_preiskategorie-stehplatz","30":"first","31":"instock","32":"taxable","33":"shipping-taxable","34":"purchasable","35":"product-type-variable"},"group_of_quantity":0,"min_quantity":0,"max_quantity":"","exclude_order_quantity_value_rules":"no","exclude_category_quantity_rules":"no","combine_variations":"no","acf":[],"_links":{"self":[{"href":"https:\/\/arena-ticket.com\/en\/wp-json\/wp\/v2\/product\/67094","targetHints":{"allow":["GET"]}}],"collection":[{"href":"https:\/\/arena-ticket.com\/en\/wp-json\/wp\/v2\/product"}],"about":[{"href":"https:\/\/arena-ticket.com\/en\/wp-json\/wp\/v2\/types\/product"}],"wp:featuredmedia":[{"embeddable":true,"href":"https:\/\/arena-ticket.com\/en\/wp-json\/wp\/v2\/media\/67185"}],"wp:attachment":[{"href":"https:\/\/arena-ticket.com\/en\/wp-json\/wp\/v2\/media?parent=67094"}],"wp:term":[{"taxonomy":"product_brand","embeddable":true,"href":"https:\/\/arena-ticket.com\/en\/wp-json\/wp\/v2\/product_brand?post=67094"},{"taxonomy":"product_cat","embeddable":true,"href":"https:\/\/arena-ticket.com\/en\/wp-json\/wp\/v2\/product_cat?post=67094"},{"taxonomy":"product_tag","embeddable":true,"href":"https:\/\/arena-ticket.com\/en\/wp-json\/wp\/v2\/product_tag?post=67094"}],"curies":[{"name":"wp","href":"https:\/\/api.w.org\/{rel}","templated":true}]}}