{"id":67195,"date":"2026-02-17T15:59:26","date_gmt":"2026-02-17T14:59:26","guid":{"rendered":"https:\/\/arena-ticket.com\/?p=67195&#038;post_type=product&#038;preview_id=67195"},"modified":"2026-02-17T18:52:47","modified_gmt":"2026-02-17T17:52:47","slug":"leipzig-liest-dahl-mostroem-doppelspiel-leipzig-liest-19-03-2026-1900-uhr-blauer-salon-central-kabarett","status":"publish","type":"product","link":"https:\/\/arena-ticket.com\/en\/product\/leipzig-liest-dahl-mostroem-doppelspiel-leipzig-liest-19-03-2026-1900-uhr-blauer-salon-central-kabarett\/","title":{"rendered":"Dahl & Mostr\u00f6m - Doppelspiel - LEIPZIG LIEST"},"content":{"rendered":"<p>Ein neues skandinavisches Krimi-Highlight von den zwei Bestsellerautoren Arne Dahl und Jonas Mostr\u00f6m<\/p>\n<p>Der renommierte Krimiautor Tom Borg k\u00e4mpft mit einer schweren Schreibblockade. Nach dem Megaerfolg seiner Nordic-Noir-Trilogie kommt er \u00fcber ein erstes Kapitel nicht hinaus. Auf der Suche nach Inspiration begibt er sich in einen zwielichtigen Club im Zentrum Stockholms und wird dabei Zeuge eines Mordes, der auf unheimliche Weise an den in seinem begonnenen Kriminalroman erinnert. Er gilt von nun an als Hauptverd\u00e4chtiger, und schon bald wird Tom in ein t\u00f6dliches Spiel verwickelt, bei dem Fiktion und Wirklichkeit verschwimmen. Es stellt sich die Frage: Wer kontrolliert eigentlich die Geschichte des Buches, an dem Tom arbeitet, und wer ist schuld, wenn dabei immer mehr Menschen ermordet werden ...<\/p>\n<p>Der schwedische Bestsellerautor Arne Dahl hat mit seinem Freund Jonas Mostr\u00f6m einen rasanten Krimi geschrieben. Im Gespr\u00e4ch mit der Moderatorin Margarete von Schwarzkopf stellen sie DOPPELSPIEL vor. Die Veranstaltung findet in engl.\/dt. Sprache statt, den deutschen Text liest der Schauspieler Sascha Rotermund.<\/p>\n<p>Arne Dahl<br \/>\nArne Dahl, geboren 1963, ist das Pseudonym des schwedischen Schriftstellers und Literaturkritikers Jan Arnald. Er gilt als einer der besten literarischen Krimiautoren aus dem Norden. Mit seinen Romanen um das Stockholmer A-Team hat er eine der erfolgreichsten Reihen der Welt geschaffen. International und national wurde er mit zahlreichen Preisen ausgezeichnet, so zum Beispiel mit dem DEUTSCHEN KRIMIPREIS und dem RIPPER AWARD f\u00fcr sein Gesamtwerk. Seine B\u00fccher wurden in 32 Sprachen \u00fcbersetzt.<\/p>\n<p>Jonas Mostr\u00f6m<br \/>\nJonas Mostr\u00f6m, geboren 1973, Schriftsteller und praktizierender Arzt, wurde \u00fcber die Grenzen Schwedens bekannt durch seine erfolgreiche Krimireihe um die Psychiaterin Nathalie Svensson und Kommissar Johan Axberg. 2017 gewann er den BIG AUDIO BOOK PRIZE. Seine B\u00fccher werden in 10 Sprachen \u00fcbersetzt. Mostr\u00f6m verbindet in seinen B\u00fcchern medizinisches Fachwissen mit spannenden Krimiplots. Jonas Mostr\u00f6m schreibt und arbeitet in Stockholm.<\/p>\n<p>Moderatorin: Margarete von Schwarzkopf<br \/>\nText deutsch: Schauspieler Sascha Rotermund<br \/>\nVeranstaltung in englisch und deutsch<\/p>","protected":false},"excerpt":{"rendered":"<p>Get your tickets here now!<\/p>","protected":false},"featured_media":67219,"template":"","meta":{"_acf_changed":false,"inline_featured_image":false},"product_brand":[],"product_cat":[379,31,922,86,6764,35,21,58],"product_tag":[965,7119,941,951,943,4866,1691,944,947,948],"class_list":{"0":"post-67195","1":"product","2":"type-product","3":"status-publish","4":"has-post-thumbnail","6":"product_cat-central-kabarett","7":"product_cat-events","8":"product_cat-kultur","9":"product_cat-leipzig","10":"product_cat-lesung","11":"product_cat-orte","12":"product_cat-ticket","13":"product_cat-veranstaltung","14":"product_tag-central-kabarett","15":"product_tag-dahl-mostroem-doppelspiel","16":"product_tag-events","17":"product_tag-kultur","18":"product_tag-leipzig","19":"product_tag-leipzig-liest","20":"product_tag-lesung","21":"product_tag-orte","22":"product_tag-ticket","23":"product_tag-veranstaltung","24":"product_shipping_class-nur_paketversand","25":"pa_discount-normalpreis","26":"pa_discount-schwerbeschaedigt-inkl-begleitperson","27":"pa_preiskategorie-freie-platzwahl","29":"first","30":"instock","31":"taxable","32":"shipping-taxable","33":"purchasable","34":"product-type-variable"},"group_of_quantity":0,"min_quantity":0,"max_quantity":"","exclude_order_quantity_value_rules":"no","exclude_category_quantity_rules":"no","combine_variations":"no","acf":[],"_links":{"self":[{"href":"https:\/\/arena-ticket.com\/en\/wp-json\/wp\/v2\/product\/67195","targetHints":{"allow":["GET"]}}],"collection":[{"href":"https:\/\/arena-ticket.com\/en\/wp-json\/wp\/v2\/product"}],"about":[{"href":"https:\/\/arena-ticket.com\/en\/wp-json\/wp\/v2\/types\/product"}],"wp:featuredmedia":[{"embeddable":true,"href":"https:\/\/arena-ticket.com\/en\/wp-json\/wp\/v2\/media\/67219"}],"wp:attachment":[{"href":"https:\/\/arena-ticket.com\/en\/wp-json\/wp\/v2\/media?parent=67195"}],"wp:term":[{"taxonomy":"product_brand","embeddable":true,"href":"https:\/\/arena-ticket.com\/en\/wp-json\/wp\/v2\/product_brand?post=67195"},{"taxonomy":"product_cat","embeddable":true,"href":"https:\/\/arena-ticket.com\/en\/wp-json\/wp\/v2\/product_cat?post=67195"},{"taxonomy":"product_tag","embeddable":true,"href":"https:\/\/arena-ticket.com\/en\/wp-json\/wp\/v2\/product_tag?post=67195"}],"curies":[{"name":"wp","href":"https:\/\/api.w.org\/{rel}","templated":true}]}}