{"id":67230,"date":"2026-02-17T17:07:25","date_gmt":"2026-02-17T16:07:25","guid":{"rendered":"https:\/\/arena-ticket.com\/?p=67230&#038;post_type=product&#038;preview_id=67230"},"modified":"2026-03-04T10:24:23","modified_gmt":"2026-03-04T09:24:23","slug":"leipzig-liest-daniel-speck-villa-rivolta-leipzig-liest-19-03-2026-2100-uhr-blauer-salon-central-kabarett","status":"publish","type":"product","link":"https:\/\/arena-ticket.com\/en\/product\/leipzig-liest-daniel-speck-villa-rivolta-leipzig-liest-19-03-2026-2100-uhr-blauer-salon-central-kabarett\/","title":{"rendered":"Leipzig liest: Daniel Speck - Villa Rivolta - LEIPZIG LIEST"},"content":{"rendered":"<p>Ein Mail\u00e4nder Garten. Zwei Kindheitsfreunde, ein Familiengeheimnis und eine unm\u00f6gliche Liebe im Italien der goldenen sechziger Jahre.<\/p>\n<p>Zwei Kinder im Garten einer Mail\u00e4nder Villa: Piero, der strahlende Sohn des gro\u00dfb\u00fcrgerlichen Automobilunternehmers Renzo Rivolta. Und Valeria, die eigensinnige Tochter des Dienstm\u00e4dchens. Sie versprechen sich, Freunde f\u00fcrs Leben zu werden.<\/p>\n<p>Verbunden durch ein altes Familiengeheimnis erleben sie eine Jugend in den goldenen Jahren Italiens: Mailands mond\u00e4ne Eleganz zwischen Dolce Vita und kultureller Revolution. Doch als Piero die Nachfolge seines Vaters antreten muss, verliebt sich Valeria in den Arbeitersohn Flavio, der Pieros Welt den Kampf ansagt.<\/p>\n<p>Bestseller-Autor Daniel Speck (\u00bbBella Germania\u00ab) erz\u00e4hlt uns eine epische Geschichte \u00fcber Leidenschaft, Verlust und den Preis daf\u00fcr, zu werden, wer wir wirklich sind.<\/p>\n<p>Daniel Speck, 1969 in M\u00fcnchen geboren, f\u00fchrt uns mit seinen Romanen durch Epochen und Mentalit\u00e4ten zu uns selbst. Auf Reisen findet er Geschichten, Orte und Menschen, deren Schicksale ihn zu Geschichten inspirieren. Der Autor studierte Filmgeschichte in M\u00fcnchen und verfasste Drehb\u00fccher, f\u00fcr die er mit dem Grimme-Preis und dem Bayerischen Fernsehpreis ausgezeichnet wurde. Seine Romane sind allesamt Bestseller und finden h\u00f6chste Anerkennung bei Kritik und Leserschaft. \u203aBella Germania\u2039 wurde als Dreiteiler prominent verfilmt. Mit den Bestsellern \u203aPiccola Sicilia\u2039, \u203aJaffa Road\u2039 und \u203aYoga Town\u2039 zeichnet Daniel Speck ein vielstimmiges Panorama und baut Br\u00fccken zwischen den Kulturen.<\/p>","protected":false},"excerpt":{"rendered":"<p>Get your tickets here now!<\/p>","protected":false},"featured_media":67233,"template":"","meta":{"_acf_changed":false,"inline_featured_image":false},"product_brand":[],"product_cat":[379,31,922,86,6764,35,21,58],"product_tag":[965,941,951,943,4866,7120,1691,944,947,948],"class_list":{"0":"post-67230","1":"product","2":"type-product","3":"status-publish","4":"has-post-thumbnail","6":"product_cat-central-kabarett","7":"product_cat-events","8":"product_cat-kultur","9":"product_cat-leipzig","10":"product_cat-lesung","11":"product_cat-orte","12":"product_cat-ticket","13":"product_cat-veranstaltung","14":"product_tag-central-kabarett","15":"product_tag-events","16":"product_tag-kultur","17":"product_tag-leipzig","18":"product_tag-leipzig-liest","19":"product_tag-leipzig-liest-daniel-speck-villa-rivolta","20":"product_tag-lesung","21":"product_tag-orte","22":"product_tag-ticket","23":"product_tag-veranstaltung","24":"product_shipping_class-nur_paketversand","25":"pa_discount-normalpreis","26":"pa_discount-schwerbeschaedigt-inkl-begleitperson","27":"pa_preiskategorie-freie-platzwahl","29":"first","30":"instock","31":"taxable","32":"shipping-taxable","33":"purchasable","34":"product-type-variable"},"group_of_quantity":0,"min_quantity":0,"max_quantity":"","exclude_order_quantity_value_rules":"no","exclude_category_quantity_rules":"no","combine_variations":"no","acf":[],"_links":{"self":[{"href":"https:\/\/arena-ticket.com\/en\/wp-json\/wp\/v2\/product\/67230","targetHints":{"allow":["GET"]}}],"collection":[{"href":"https:\/\/arena-ticket.com\/en\/wp-json\/wp\/v2\/product"}],"about":[{"href":"https:\/\/arena-ticket.com\/en\/wp-json\/wp\/v2\/types\/product"}],"wp:featuredmedia":[{"embeddable":true,"href":"https:\/\/arena-ticket.com\/en\/wp-json\/wp\/v2\/media\/67233"}],"wp:attachment":[{"href":"https:\/\/arena-ticket.com\/en\/wp-json\/wp\/v2\/media?parent=67230"}],"wp:term":[{"taxonomy":"product_brand","embeddable":true,"href":"https:\/\/arena-ticket.com\/en\/wp-json\/wp\/v2\/product_brand?post=67230"},{"taxonomy":"product_cat","embeddable":true,"href":"https:\/\/arena-ticket.com\/en\/wp-json\/wp\/v2\/product_cat?post=67230"},{"taxonomy":"product_tag","embeddable":true,"href":"https:\/\/arena-ticket.com\/en\/wp-json\/wp\/v2\/product_tag?post=67230"}],"curies":[{"name":"wp","href":"https:\/\/api.w.org\/{rel}","templated":true}]}}