{"id":67235,"date":"2026-02-17T17:14:03","date_gmt":"2026-02-17T16:14:03","guid":{"rendered":"https:\/\/arena-ticket.com\/?p=67235&#038;post_type=product&#038;preview_id=67235"},"modified":"2026-02-17T18:49:38","modified_gmt":"2026-02-17T17:49:38","slug":"leipzig-liest-tobias-vogel-wo-kein-wille-ist-ist-auch-eine-couch-leipzig-liest-20-03-2026-2100-uhr-blauer-salon-central-kabarett","status":"publish","type":"product","link":"https:\/\/arena-ticket.com\/en\/product\/leipzig-liest-tobias-vogel-wo-kein-wille-ist-ist-auch-eine-couch-leipzig-liest-20-03-2026-2100-uhr-blauer-salon-central-kabarett\/","title":{"rendered":"Tobias Vogel - Wo kein Wille ist, ist auch eine Couch - LEIPZIG LIEST"},"content":{"rendered":"<p>Neue Cartoons vom Social-Media-Star!<\/p>\n<p>Tobias Vogel alias @kriegundfreitag formuliert in diesem Band das aus, was uns alle umtreibt: die tiefe menschliche Neigung zur Bequemlichkeit. Mit seinen minimalistischen Strichzeichnungen sowie pointierten Kurztexten zelebriert er den Tatenlosigkeitsdrang und h\u00e4lt all jenen einen Spiegel vor, deren Lebensmittelpunkt die Couch ist und die sich fragen, warum es Terminkalender hei\u00dft und nicht Verpassungsschutz.<\/p>\n<p>2024 erschien Das M\u00e4nnchen ohne Eigenschaften als kleines gelbes Heft, das seitdem seinen Siegeszug auf Instagram und im Buchhandel feiert. Nun geht es in die zweite Runde, in der sich die beliebten Strichmenschen durch nichts aus der Ruhe bringen lassen \u2013 oder es zumindest versuchen.<\/p>\n<p>Ironisch und minimalistisch: Mit einfachen Strichmenschen erz\u00e4hlt Bestsellerautor @kriegundfreitag tiefgr\u00fcndige Alltagsgeschichten<br \/>\nDas Leben in all seinen Facetten: der geniale Humor des preisgekr\u00f6nten Illustrators Tobias Vogel alias @kriegundfreitag<br \/>\nEin einzigartiges Geschenk: f\u00fcr Fans von @kriegundfreitag und alle, die sich f\u00fcr minimalistische und tiefsinnige Darstellungen des Alltags begeistern<br \/>\nKlassiker zum Sammeln: das Beste von @kriegundfreitag in Reclams Universal-Bibliothek mit bisher unver\u00f6ffentlichten Cartoons zum Thema Literatur<\/p>\n<p>Die Herausforderungen des Lebens auf den Punkt gebracht<br \/>\nMit seinen einfach gezeichneten Strichmenschen zeigt @kriegundfreitag augenzwinkernd das Leben in all seinen Facetten. Ein wunderbares Buch f\u00fcr alle, die den Humor in den kleinen Momenten des Lebens suchen und ein besonderes Geschenk f\u00fcr Menschen, die man mit etwas Einzigartigem und Tiefgr\u00fcndigem \u00fcberraschen m\u00f6chte.<\/p>\n<p>Tobias Vogel, geb. 1982, bekannt als @kriegundfreitag, ver\u00f6ffentlicht seit 2017 auf den sozialen Netzwerken seine lustigen \u00bbStrichmenschen\u00ab. 2019 gewann er den Grimme Online Award in der Kategorie \u00bbKultur und Unterhaltung\u00ab, 2020 den Max-und-Moritz-Publikumspreis. Bei Reclam erschien von ihm zuletzt Das M\u00e4nnchen ohne Eigenschaften. <\/p>","protected":false},"excerpt":{"rendered":"<p>Get your tickets here now!<\/p>","protected":false},"featured_media":67239,"template":"","meta":{"_acf_changed":false,"inline_featured_image":false},"product_brand":[],"product_cat":[379,31,922,86,6764,35,21,58],"product_tag":[965,941,7123,951,943,4866,1691,944,947,7122,7121,948],"class_list":{"0":"post-67235","1":"product","2":"type-product","3":"status-publish","4":"has-post-thumbnail","6":"product_cat-central-kabarett","7":"product_cat-events","8":"product_cat-kultur","9":"product_cat-leipzig","10":"product_cat-lesung","11":"product_cat-orte","12":"product_cat-ticket","13":"product_cat-veranstaltung","14":"product_tag-central-kabarett","15":"product_tag-events","16":"product_tag-ist-auch-eine-couch","17":"product_tag-kultur","18":"product_tag-leipzig","19":"product_tag-leipzig-liest","20":"product_tag-lesung","21":"product_tag-orte","22":"product_tag-ticket","23":"product_tag-tobias-vogel-wo-kein-wille-ist","24":"product_tag-tobias-vogel-wo-kein-wille-ist-ist-auch-eine-couch","25":"product_tag-veranstaltung","26":"product_shipping_class-nur_paketversand","27":"pa_discount-normalpreis","28":"pa_discount-schwerbeschaedigt-inkl-begleitperson","29":"pa_preiskategorie-freie-platzwahl","31":"first","32":"instock","33":"taxable","34":"shipping-taxable","35":"purchasable","36":"product-type-variable"},"group_of_quantity":0,"min_quantity":0,"max_quantity":"","exclude_order_quantity_value_rules":"no","exclude_category_quantity_rules":"no","combine_variations":"no","acf":[],"_links":{"self":[{"href":"https:\/\/arena-ticket.com\/en\/wp-json\/wp\/v2\/product\/67235","targetHints":{"allow":["GET"]}}],"collection":[{"href":"https:\/\/arena-ticket.com\/en\/wp-json\/wp\/v2\/product"}],"about":[{"href":"https:\/\/arena-ticket.com\/en\/wp-json\/wp\/v2\/types\/product"}],"wp:featuredmedia":[{"embeddable":true,"href":"https:\/\/arena-ticket.com\/en\/wp-json\/wp\/v2\/media\/67239"}],"wp:attachment":[{"href":"https:\/\/arena-ticket.com\/en\/wp-json\/wp\/v2\/media?parent=67235"}],"wp:term":[{"taxonomy":"product_brand","embeddable":true,"href":"https:\/\/arena-ticket.com\/en\/wp-json\/wp\/v2\/product_brand?post=67235"},{"taxonomy":"product_cat","embeddable":true,"href":"https:\/\/arena-ticket.com\/en\/wp-json\/wp\/v2\/product_cat?post=67235"},{"taxonomy":"product_tag","embeddable":true,"href":"https:\/\/arena-ticket.com\/en\/wp-json\/wp\/v2\/product_tag?post=67235"}],"curies":[{"name":"wp","href":"https:\/\/api.w.org\/{rel}","templated":true}]}}