{"id":67240,"date":"2026-02-17T17:23:44","date_gmt":"2026-02-17T16:23:44","guid":{"rendered":"https:\/\/arena-ticket.com\/?p=67240&#038;post_type=product&#038;preview_id=67240"},"modified":"2026-02-19T18:41:50","modified_gmt":"2026-02-19T17:41:50","slug":"franka-bloom-andere-nennen-es-urlaub-leipzig-liest-20-03-2026-1900-uhr-blauer-salon-central-kabarett","status":"publish","type":"product","link":"https:\/\/arena-ticket.com\/en\/product\/franka-bloom-andere-nennen-es-urlaub-leipzig-liest-20-03-2026-1900-uhr-blauer-salon-central-kabarett\/","title":{"rendered":"Franka Bloom - Andere nennen es Urlaub - LEIPZIG LIEST"},"content":{"rendered":"<p>Ein sommerlicher Familienroman von Bestsellerautorin Franka Bloom<\/p>\n<p>Annette, genannt Netti, (50) steckt privat und beruflich in einer Sackgasse: Die letzte Beziehung ist gescheitert, ihr Theatervertrag nicht verl\u00e4ngert, der Sohn auf dem Absprung. Und dann ist da noch ihr Vater Bruno, der seit dem Tod der Mutter nicht alleine klarkommt. Fast t\u00e4glich schaut Netti bei ihm vorbei, obwohl sie und ihre erfolgreiche Schwester sich eigentlich gemeinsam k\u00fcmmern wollten. Aber jetzt braucht Netti dringend eine Auszeit, um endlich mal durchzuatmen und ihr Leben neu zu ordnen. Und das am liebsten am Meer, irgendwo im S\u00fcden. Als sich ihr eine Mitfahrgelegenheit mit einem Italiener bietet, sagt sie sofort zu. Soll eben ihre Schwester nach dem Vater schauen. Doch als es losgeht, sitzt Bruno auf der R\u00fcckbank. Und Netti ahnt, dass es alles andere als ein entspannter Urlaub wird, denn ihr Vater hat eigene Pl\u00e4ne, und die Reisegruppe wird immer gr\u00f6\u00dfer \u2026<\/p>\n<p>Franka Bloom ist das Pseudonym einer erfahrenen Drehbuchautorin. Sie verfasste Stoffe u.a. f\u00fcr Kinderfilme sowie \u00abTatort\u00bb, \u00abSOKO Leipzig\u00bb,\u00abEin Fall f\u00fcr zwei\u00bb etc. und gewann zahlreiche Preise. Sie lebt mit ihren zwei T\u00f6chtern und Partner in Leipzig.<\/p>","protected":false},"excerpt":{"rendered":"<p>Get your tickets here now!<\/p>","protected":false},"featured_media":67244,"template":"","meta":{"_acf_changed":false,"inline_featured_image":false},"product_brand":[],"product_cat":[379,31,922,86,6764,35,21,58],"product_tag":[965,7119,941,7124,951,943,4866,1691,944,947,948],"class_list":{"0":"post-67240","1":"product","2":"type-product","3":"status-publish","4":"has-post-thumbnail","6":"product_cat-central-kabarett","7":"product_cat-events","8":"product_cat-kultur","9":"product_cat-leipzig","10":"product_cat-lesung","11":"product_cat-orte","12":"product_cat-ticket","13":"product_cat-veranstaltung","14":"product_tag-central-kabarett","15":"product_tag-dahl-mostroem-doppelspiel","16":"product_tag-events","17":"product_tag-franka-bloom-andere-nennen-es-urlaub","18":"product_tag-kultur","19":"product_tag-leipzig","20":"product_tag-leipzig-liest","21":"product_tag-lesung","22":"product_tag-orte","23":"product_tag-ticket","24":"product_tag-veranstaltung","25":"product_shipping_class-nur_paketversand","26":"pa_discount-normalpreis","27":"pa_discount-schwerbeschaedigt-inkl-begleitperson","28":"pa_preiskategorie-freie-platzwahl","30":"first","31":"instock","32":"taxable","33":"shipping-taxable","34":"purchasable","35":"product-type-variable"},"group_of_quantity":0,"min_quantity":0,"max_quantity":"","exclude_order_quantity_value_rules":"no","exclude_category_quantity_rules":"no","combine_variations":"no","acf":[],"_links":{"self":[{"href":"https:\/\/arena-ticket.com\/en\/wp-json\/wp\/v2\/product\/67240","targetHints":{"allow":["GET"]}}],"collection":[{"href":"https:\/\/arena-ticket.com\/en\/wp-json\/wp\/v2\/product"}],"about":[{"href":"https:\/\/arena-ticket.com\/en\/wp-json\/wp\/v2\/types\/product"}],"wp:featuredmedia":[{"embeddable":true,"href":"https:\/\/arena-ticket.com\/en\/wp-json\/wp\/v2\/media\/67244"}],"wp:attachment":[{"href":"https:\/\/arena-ticket.com\/en\/wp-json\/wp\/v2\/media?parent=67240"}],"wp:term":[{"taxonomy":"product_brand","embeddable":true,"href":"https:\/\/arena-ticket.com\/en\/wp-json\/wp\/v2\/product_brand?post=67240"},{"taxonomy":"product_cat","embeddable":true,"href":"https:\/\/arena-ticket.com\/en\/wp-json\/wp\/v2\/product_cat?post=67240"},{"taxonomy":"product_tag","embeddable":true,"href":"https:\/\/arena-ticket.com\/en\/wp-json\/wp\/v2\/product_tag?post=67240"}],"curies":[{"name":"wp","href":"https:\/\/api.w.org\/{rel}","templated":true}]}}