{"id":67250,"date":"2026-02-17T17:44:51","date_gmt":"2026-02-17T16:44:51","guid":{"rendered":"https:\/\/arena-ticket.com\/?p=67250&#038;post_type=product&#038;preview_id=67250"},"modified":"2026-02-17T17:53:58","modified_gmt":"2026-02-17T16:53:58","slug":"hertha-bsc-vfl-bochum-2-bundesliga-saison-2025-26-olympiastadion-berlin-14-03-2026-2030-uhr-fussball","status":"publish","type":"product","link":"https:\/\/arena-ticket.com\/en\/product\/hertha-bsc-vfl-bochum-2-bundesliga-saison-2025-26-olympiastadion-berlin-14-03-2026-2030-uhr-fussball\/","title":{"rendered":"Hertha BSC - VfL Bochum - 2. Bundesliga Saison 2025\/26 - Olympiastadion Berlin"},"content":{"rendered":"<p>Termin\u00e4nderungen sind jederzeit m\u00f6glich. Bitte informiere dich \u00fcber den aktuellen Spieltermin und die Uhrzeit in der Tagespresse.<\/p>\n<p>Der erm\u00e4\u00dfigte Ticketpreis gilt f\u00fcr Sch\u00fcler (ab 14 Jahre), Studierende, Rentner und Menschen mit Behinderung (Schwerbehindertenausweis ohne B).<\/p>\n<p>Kinder bis einschlie\u00dflich 5 Jahre erhalten freien Eintritt ohne Sitzplatzanspruch.<\/p>","protected":false},"excerpt":{"rendered":"<p>Get your tickets now!<\/p>","protected":false},"featured_media":66768,"template":"","meta":{"_acf_changed":false,"inline_featured_image":false},"product_brand":[],"product_cat":[31,315,6751,457,35,32,21,58],"product_tag":[7061,1332,941,165,7127,7094,3577,944,5642,947,948],"class_list":{"0":"post-67250","1":"product","2":"type-product","3":"status-publish","4":"has-post-thumbnail","6":"product_cat-events","7":"product_cat-berlin","8":"product_cat-fussball","9":"product_cat-olympiastadion","10":"product_cat-orte","11":"product_cat-sport","12":"product_cat-ticket","13":"product_cat-veranstaltung","14":"product_tag-2-bundesliga-saison-2025-26-olympiastadion-berlin","15":"product_tag-berlin","16":"product_tag-events","17":"product_tag-fussball","18":"product_tag-hertha-bsc-vfl-bochum","19":"product_tag-olympiastadion","20":"product_tag-olympiastadion-berlin","21":"product_tag-orte","22":"product_tag-sport","23":"product_tag-ticket","24":"product_tag-veranstaltung","25":"product_shipping_class-nur_paketversand","26":"pa_discount-ermaessigt","27":"pa_discount-normalpreis","28":"pa_preiskategorie-pk-iii","29":"pa_preiskategorie-pk-iv","30":"pa_preiskategorie-pk-v","31":"pa_preiskategorie-pk-vi","32":"pa_preiskategorie-pk-vii","34":"first","35":"instock","36":"taxable","37":"shipping-taxable","38":"purchasable","39":"product-type-variable"},"group_of_quantity":0,"min_quantity":0,"max_quantity":"","exclude_order_quantity_value_rules":"no","exclude_category_quantity_rules":"no","combine_variations":"no","acf":[],"_links":{"self":[{"href":"https:\/\/arena-ticket.com\/en\/wp-json\/wp\/v2\/product\/67250","targetHints":{"allow":["GET"]}}],"collection":[{"href":"https:\/\/arena-ticket.com\/en\/wp-json\/wp\/v2\/product"}],"about":[{"href":"https:\/\/arena-ticket.com\/en\/wp-json\/wp\/v2\/types\/product"}],"wp:featuredmedia":[{"embeddable":true,"href":"https:\/\/arena-ticket.com\/en\/wp-json\/wp\/v2\/media\/66768"}],"wp:attachment":[{"href":"https:\/\/arena-ticket.com\/en\/wp-json\/wp\/v2\/media?parent=67250"}],"wp:term":[{"taxonomy":"product_brand","embeddable":true,"href":"https:\/\/arena-ticket.com\/en\/wp-json\/wp\/v2\/product_brand?post=67250"},{"taxonomy":"product_cat","embeddable":true,"href":"https:\/\/arena-ticket.com\/en\/wp-json\/wp\/v2\/product_cat?post=67250"},{"taxonomy":"product_tag","embeddable":true,"href":"https:\/\/arena-ticket.com\/en\/wp-json\/wp\/v2\/product_tag?post=67250"}],"curies":[{"name":"wp","href":"https:\/\/api.w.org\/{rel}","templated":true}]}}