{"id":67335,"date":"2026-02-18T12:23:06","date_gmt":"2026-02-18T11:23:06","guid":{"rendered":"https:\/\/arena-ticket.com\/?p=67335&#038;post_type=product&#038;preview_id=67335"},"modified":"2026-02-20T18:02:39","modified_gmt":"2026-02-20T17:02:39","slug":"leony-when-the-lights-go-out-tour-2027-taeubchenthal-leipzig-03-04-2027-1900-uhr","status":"publish","type":"product","link":"https:\/\/arena-ticket.com\/en\/product\/leony-when-the-lights-go-out-tour-2027-taeubchenthal-leipzig-03-04-2027-1900-uhr\/","title":{"rendered":"Leony  - When The Lights Go Out Tour 2027"},"content":{"rendered":"<p data-start=\"1495\" data-end=\"1535\">Aus dem kleinen Heimatdorf auf die gr\u00f6\u00dften B\u00fchnen der Welt - Leony hat das geschafft, wovon wohl viele tr\u00e4umen. Mit \u00fcber 30 Gold- und Platinauszeichnungen, mehr als einer Milliarde Streams und zahlreichen Preisen ist sie eine der erfolgreichsten K\u00fcnstlerinnen Deutschlands. Nun k\u00fcndigt die K\u00fcnstlerin ihre \u201eWhen the lights go out\u201c-Tour f\u00fcr April 2027 an, mit der sie Halt in Deutschland und \u00d6sterreich macht.<\/p>\n<p>Der gro\u00dfe Durchbruch kam f\u00fcr Leony mit der Single \u201eFaded Love\u201c, die 2021 acht Wochen die deutschen Airplay-Charts anf\u00fchrte. Seitdem ist Leony aus der deutschen Popmusik nicht mehr wegzudenken. Ob erfolgreiche eigene Songs wie \u201eRemedy\u201c oder eben \u201eFaded Love\u201c, Features mit internationalen Gr\u00f6\u00dfen wie G-Eazy und Steve Aoki oder als Songwriterin f\u00fcr Hits von Tokio Hotel und VIZE - sie scheint ein todsicheres Gesp\u00fcr f\u00fcr Ohrw\u00fcrmer zu haben. Damit sicherte sie sich bereits mehrere Gold- und Platinauszeichnungen in Deutschland, \u00d6sterreich, der Schweiz, Kanada und Polen. Zudem wurde Leony 2022 f\u00fcr einen MTV EMA in der Kategorie \u201eBest German Act\u201c nominiert sowie f\u00fcr mehrere 1Live Kronen. 2023 erreichte sie gleich drei gro\u00dfe Meilensteine: Sie ver\u00f6ffentlichte ihr Deb\u00fctalbum \u201eSomewhere in Between\u201c, das direkt in die Top-20 der Charts einstieg. Au\u00dferdem war sie Jurorin bei DSDS und spielte ihre erste eigene Tour, die restlos ausverkauft war.<\/p>\n<p>Nachdem sie gemeinsam mit One Republic und Meduza f\u00fcr den offiziellen Song zur Fu\u00dfball-EM 2024 verantwortlich war, legte sie nur ein Jahr sp\u00e4ter mit ihrem zweiten Album \u201eOldschool Love\u201c nach. Ihre entwaffnende Ehrlichkeit sticht dabei besonders hervor, die 15 Songs sind tiefgr\u00fcndiger und erwachsener. In fast zehn Jahren Karriere hat Leony einiges gelernt und ihre Erfahrungen m\u00f6chte sie nun weitergeben: In der kommenden Staffel von The Voice Kids wird sie als Coach junge Talente f\u00f6rdern.<\/p>\n<p>Nach zwei erfolgreichen Tourneen kommt Leony im Fr\u00fchjahr 2027 zur\u00fcck auf die B\u00fchnen. Alte und neue Fans d\u00fcrfen sich auf beeindruckendes musikalisches Talent, minuti\u00f6s abgestimmte Choreografie und Leonys ansteckende Pers\u00f6nlichkeit freuen. Mit der \u201eWhen the lights go out\u201c-Tour kommt sie in insgesamt neun St\u00e4dte in Deutschland und \u00d6sterreich.<\/p>","protected":false},"excerpt":{"rendered":"<p>Leony k\u00fcndigt \u201eWhen the lights go out\u201d-Tour f\u00fcr 2027 an!<\/p>","protected":false},"featured_media":67338,"template":"","meta":{"_acf_changed":false,"inline_featured_image":false},"product_brand":[],"product_cat":[31,69,86,35,6733,21,499,58],"product_tag":[941,942,943,7133,944,2506,947,967,948,7134],"class_list":{"0":"post-67335","1":"product","2":"type-product","3":"status-publish","4":"has-post-thumbnail","6":"product_cat-events","7":"product_cat-konzert","8":"product_cat-leipzig","9":"product_cat-orte","10":"product_cat-pop","11":"product_cat-ticket","12":"product_cat-taeubchenthal","13":"product_cat-veranstaltung","14":"product_tag-events","15":"product_tag-konzert","16":"product_tag-leipzig","17":"product_tag-leony","18":"product_tag-orte","19":"product_tag-pop","20":"product_tag-ticket","21":"product_tag-taeubchenthal","22":"product_tag-veranstaltung","23":"product_tag-when-the-lights-go-out-tour-2027","24":"product_shipping_class-nur_paketversand","25":"pa_discount-normalpreis","26":"pa_preiskategorie-freie-platzwahl","27":"pa_preiskategorie-stehplatz","29":"first","30":"instock","31":"taxable","32":"shipping-taxable","33":"purchasable","34":"product-type-variable"},"group_of_quantity":0,"min_quantity":0,"max_quantity":"","exclude_order_quantity_value_rules":"no","exclude_category_quantity_rules":"no","combine_variations":"no","acf":[],"_links":{"self":[{"href":"https:\/\/arena-ticket.com\/en\/wp-json\/wp\/v2\/product\/67335","targetHints":{"allow":["GET"]}}],"collection":[{"href":"https:\/\/arena-ticket.com\/en\/wp-json\/wp\/v2\/product"}],"about":[{"href":"https:\/\/arena-ticket.com\/en\/wp-json\/wp\/v2\/types\/product"}],"wp:featuredmedia":[{"embeddable":true,"href":"https:\/\/arena-ticket.com\/en\/wp-json\/wp\/v2\/media\/67338"}],"wp:attachment":[{"href":"https:\/\/arena-ticket.com\/en\/wp-json\/wp\/v2\/media?parent=67335"}],"wp:term":[{"taxonomy":"product_brand","embeddable":true,"href":"https:\/\/arena-ticket.com\/en\/wp-json\/wp\/v2\/product_brand?post=67335"},{"taxonomy":"product_cat","embeddable":true,"href":"https:\/\/arena-ticket.com\/en\/wp-json\/wp\/v2\/product_cat?post=67335"},{"taxonomy":"product_tag","embeddable":true,"href":"https:\/\/arena-ticket.com\/en\/wp-json\/wp\/v2\/product_tag?post=67335"}],"curies":[{"name":"wp","href":"https:\/\/api.w.org\/{rel}","templated":true}]}}