{"id":67465,"date":"2026-02-20T14:23:42","date_gmt":"2026-02-20T13:23:42","guid":{"rendered":"https:\/\/arena-ticket.com\/?p=67465&#038;post_type=product&#038;preview_id=67465"},"modified":"2026-04-01T16:45:10","modified_gmt":"2026-04-01T14:45:10","slug":"tattoo-lifestyle-leipzig-2026-leipzig-markkleeberg-agra-messegelaende-messepark-leipzig-28-02-01-03-2026-1100-uhr-wochenendticket","status":"publish","type":"product","link":"https:\/\/arena-ticket.com\/en\/product\/tattoo-lifestyle-leipzig-2026-leipzig-markkleeberg-agra-messegelaende-messepark-leipzig-28-02-01-03-2026-1100-uhr-wochenendticket\/","title":{"rendered":"Tattoo & Lifestyle Leipzig 2026 - Wochenendticket 28.02. - 01.03.2026"},"content":{"rendered":"<p>Am 28.02. und 01.03.2026 wird der AGRA Messepark Leipzig zum zentralen Treffpunkt f\u00fcr Artists, Aussteller und Szene \u2013 Tattoo &amp; Lifestyle Leipzig 2026.<\/p>\n<p>Freu dich auf internationale Tattoo Artists, einen spannenden Tattoo Contest, den Piercing Point, Fashion &amp; Schmuck, Special Guests, Live Shows sowie weitere abwechslungsreiche Programmpunkte. Besucher erwartet eine vielseitige Mischung aus Tattoo, Lifestyle und Szene-Highlights.<\/p>\n<p>Durch das Event f\u00fchrt Daniel Krause, eine feste Gr\u00f6\u00dfe der deutschen Tattoo-Szene, der das B\u00fchnenprogramm mit seiner jahrelangen Erfahrung begleitet.<\/p>","protected":false},"excerpt":{"rendered":"<p>Die Tattoo &amp; Lifestyle Leipzig 2026 ist mehr als nur eine Messe \u2013 es ist ein Erlebnis! Zwei Tage voller beeindruckender Tattoos, inspirierender Lifestyle-Produkte und spannender Begegnungen. Hier treffen sich die Besten der Szene, um ihre Kunst und ihre Produkte einem begeisterten Publikum zu pr\u00e4sentieren.<\/p>","protected":false},"featured_media":67462,"template":"","meta":{"_acf_changed":false,"inline_featured_image":false},"product_brand":[],"product_cat":[353,6763,31,922,86,35,21,58],"product_tag":[6987,6857,941,951,943,944,7138,947,948,7139],"class_list":{"0":"post-67465","1":"product","2":"type-product","3":"status-publish","4":"has-post-thumbnail","6":"product_cat-agra-messegelaende","7":"product_cat-ausstellung","8":"product_cat-events","9":"product_cat-kultur","10":"product_cat-leipzig","11":"product_cat-orte","12":"product_cat-ticket","13":"product_cat-veranstaltung","14":"product_tag-agra-messegelaende","15":"product_tag-ausstellung","16":"product_tag-events","17":"product_tag-kultur","18":"product_tag-leipzig","19":"product_tag-orte","20":"product_tag-tattoo-lifestyle-leipzig-2026","21":"product_tag-ticket","22":"product_tag-veranstaltung","23":"product_tag-wochenendticket-28-02-01-03-2026","24":"product_shipping_class-nur_paketversand","25":"pa_discount-normalpreis","26":"pa_preiskategorie-dauerkarte","28":"first","29":"instock","30":"taxable","31":"shipping-taxable","32":"purchasable","33":"product-type-variable"},"group_of_quantity":0,"min_quantity":0,"max_quantity":"","exclude_order_quantity_value_rules":"no","exclude_category_quantity_rules":"no","combine_variations":"no","acf":[],"_links":{"self":[{"href":"https:\/\/arena-ticket.com\/en\/wp-json\/wp\/v2\/product\/67465","targetHints":{"allow":["GET"]}}],"collection":[{"href":"https:\/\/arena-ticket.com\/en\/wp-json\/wp\/v2\/product"}],"about":[{"href":"https:\/\/arena-ticket.com\/en\/wp-json\/wp\/v2\/types\/product"}],"wp:featuredmedia":[{"embeddable":true,"href":"https:\/\/arena-ticket.com\/en\/wp-json\/wp\/v2\/media\/67462"}],"wp:attachment":[{"href":"https:\/\/arena-ticket.com\/en\/wp-json\/wp\/v2\/media?parent=67465"}],"wp:term":[{"taxonomy":"product_brand","embeddable":true,"href":"https:\/\/arena-ticket.com\/en\/wp-json\/wp\/v2\/product_brand?post=67465"},{"taxonomy":"product_cat","embeddable":true,"href":"https:\/\/arena-ticket.com\/en\/wp-json\/wp\/v2\/product_cat?post=67465"},{"taxonomy":"product_tag","embeddable":true,"href":"https:\/\/arena-ticket.com\/en\/wp-json\/wp\/v2\/product_tag?post=67465"}],"curies":[{"name":"wp","href":"https:\/\/api.w.org\/{rel}","templated":true}]}}