{"id":67470,"date":"2026-02-20T16:55:23","date_gmt":"2026-02-20T15:55:23","guid":{"rendered":"https:\/\/arena-ticket.com\/?p=67470&#038;post_type=product&#038;preview_id=67470"},"modified":"2026-04-01T18:27:30","modified_gmt":"2026-04-01T16:27:30","slug":"keb-mo-live-2026-leipzig-der-anker-22-06-2026-2000-uhr","status":"publish","type":"product","link":"https:\/\/arena-ticket.com\/en\/product\/keb-mo-live-2026-leipzig-der-anker-22-06-2026-2000-uhr\/","title":{"rendered":"Keb' Mo' - Live 2026"},"content":{"rendered":"<p>Verwurzelt im Delta-Blues und gepr\u00e4gt von einem Leben voller Songwriting hat sich Keb\u2019 Mo\u2019 zu einer der pr\u00e4genden Stimmen des zeitgen\u00f6ssischen Blues entwickelt. Diese Solo-Performance stellt das Handwerk kompromisslos in den Mittelpunkt: Eine Gitarre, eine Stimme und Songs, die die Tradition weitertragen und dabei unverkennbar nach ihm selbst klingen.<\/p>\n<p>Nach seinen erfolgreichen Deutschlandkonzerten im Jahr 2025 kommt Keb\u2019 Mo\u2019 im Juni 2026 erneut auf Tour. Der f\u00fcnffache GRAMMY-Preistr\u00e4ger spielt f\u00fcnf ausgew\u00e4hlte Solo-Shows in Mannheim (15. Juni, Alte Feuerwache), Bremen (19. Juni, Schlachthof), Leipzig (22. Juni, Anker), Braunschweig (23. Juni, Sch\u00f6n &amp; Fr\u00f6hlich) und Bochum (24. Juni, Christuskirche) und bringt seine unverwechselbare Mischung aus Blues, Folk, Americana und Soul zur\u00fcck nach Deutschland.<\/p>\n<p>Keb\u2019 Mo\u2019 z\u00e4hlt seit Jahrzehnten zu den wichtigsten Stimmen der modernen Roots-Musik. Mit f\u00fcnf GRAMMY Awards, 14 Blues Foundation Awards sowie Kollaborationen mit K\u00fcnstler*innen wie Taj Mahal, Bonnie Raitt, Willie Nelson oder The Chicks hat er sich einen festen Platz im internationalen Musikgeschehen erspielt. Seine Konzerte f\u00fchren ihn regelm\u00e4\u00dfig auf renommierte B\u00fchnen weltweit \u2013 von der Carnegie Hall bis ins Wei\u00dfe Haus.<\/p>\n<p>Mit Good To Be... (Concord Records, 2022) kn\u00fcpft Keb\u2019 Mo\u2019 an seine Wurzeln in Compton und Nashville an. Die Songs erz\u00e4hlen von Herkunft, Wandel und innerer St\u00e4rke \u2013 getragen von seiner unverwechselbaren Stimme und einem warmen, geerdeten Sound. Keb\u2019 Mo\u2019 bleibt damit seiner k\u00fcnstlerischen Linie treu: Musik zu schaffen, die verbindet und ber\u00fchrt.<\/p>","protected":false},"excerpt":{"rendered":"<p>Keb\u2019 Mo\u2019 geht im Juni 2026 auf Deutschlandtour.<\/p>","protected":false},"featured_media":67474,"template":"","meta":{"_acf_changed":false,"inline_featured_image":false},"product_brand":[],"product_cat":[388,31,69,86,35,6733,21,58],"product_tag":[971,2859,941,7140,942,943,4819,944,2506,947,948],"class_list":{"0":"post-67470","1":"product","2":"type-product","3":"status-publish","4":"has-post-thumbnail","6":"product_cat-anker","7":"product_cat-events","8":"product_cat-konzert","9":"product_cat-leipzig","10":"product_cat-orte","11":"product_cat-pop","12":"product_cat-ticket","13":"product_cat-veranstaltung","14":"product_tag-anker","15":"product_tag-der-anker","16":"product_tag-events","17":"product_tag-keb-mo","18":"product_tag-konzert","19":"product_tag-leipzig","20":"product_tag-live-2026","21":"product_tag-orte","22":"product_tag-pop","23":"product_tag-ticket","24":"product_tag-veranstaltung","25":"product_shipping_class-nur_paketversand","26":"pa_discount-normalpreis","27":"pa_preiskategorie-stehplatz","29":"first","30":"instock","31":"taxable","32":"shipping-taxable","33":"purchasable","34":"product-type-variable"},"group_of_quantity":0,"min_quantity":0,"max_quantity":"","exclude_order_quantity_value_rules":"no","exclude_category_quantity_rules":"no","combine_variations":"no","acf":[],"_links":{"self":[{"href":"https:\/\/arena-ticket.com\/en\/wp-json\/wp\/v2\/product\/67470","targetHints":{"allow":["GET"]}}],"collection":[{"href":"https:\/\/arena-ticket.com\/en\/wp-json\/wp\/v2\/product"}],"about":[{"href":"https:\/\/arena-ticket.com\/en\/wp-json\/wp\/v2\/types\/product"}],"wp:featuredmedia":[{"embeddable":true,"href":"https:\/\/arena-ticket.com\/en\/wp-json\/wp\/v2\/media\/67474"}],"wp:attachment":[{"href":"https:\/\/arena-ticket.com\/en\/wp-json\/wp\/v2\/media?parent=67470"}],"wp:term":[{"taxonomy":"product_brand","embeddable":true,"href":"https:\/\/arena-ticket.com\/en\/wp-json\/wp\/v2\/product_brand?post=67470"},{"taxonomy":"product_cat","embeddable":true,"href":"https:\/\/arena-ticket.com\/en\/wp-json\/wp\/v2\/product_cat?post=67470"},{"taxonomy":"product_tag","embeddable":true,"href":"https:\/\/arena-ticket.com\/en\/wp-json\/wp\/v2\/product_tag?post=67470"}],"curies":[{"name":"wp","href":"https:\/\/api.w.org\/{rel}","templated":true}]}}