{"id":67475,"date":"2026-02-20T17:02:31","date_gmt":"2026-02-20T16:02:31","guid":{"rendered":"https:\/\/arena-ticket.com\/?p=67475&#038;post_type=product&#038;preview_id=67475"},"modified":"2026-02-20T17:14:39","modified_gmt":"2026-02-20T16:14:39","slug":"30-jahre-emmi-willnowsky-das-best-of-tour-2026-leipzig-kupfersaal-24-01-2027-1800-uhr","status":"publish","type":"product","link":"https:\/\/arena-ticket.com\/en\/product\/30-jahre-emmi-willnowsky-das-best-of-tour-2026-leipzig-kupfersaal-24-01-2027-1800-uhr\/","title":{"rendered":"30 Jahre Emmi & Willnowsky - Das BEST-OF"},"content":{"rendered":"<p>Hurra! Deutschlands Comedy-Duo Nr. 1 feiert Perlenhochzeit und damit sein drei\u00dfigj\u00e4hriges B\u00fchnenjubil\u00e4um! Aus diesem fr\u00f6hlichen Anlass pr\u00e4sentiert unser Jubelpaar die beliebtesten Songs, Witze und Sketche seiner jahrzehntelangen, innigen Liebesbeziehung! Emmi und Willnowsky servieren nicht nur musikalische Leckerbissen von Mireille Matthieu bis Udo J\u00fcrgens, sie offenbaren auch ungeahnte Einsichten \u00fcber den weltweiten Klimawandel und Andrew Lloyd Webbers Katzen.<\/p>\n<p>Au\u00dferdem gibt es das hei\u00df ersehnte Wiedersehen mit Willnowskys \u201eSchwarzem Ritter auf dem Schwarzen Pferd!\u201c<\/p>","protected":false},"excerpt":{"rendered":"<p>Feierliches Comedy Best of, 30 Jahre Emmi und Willnowsky, musikalische und skurrile Sketche voller Charme und \u00dcberraschungen.<\/p>","protected":false},"featured_media":67478,"template":"","meta":{"_acf_changed":false,"inline_featured_image":false},"product_brand":[],"product_cat":[6725,31,95,430,86,35,21,58],"product_tag":[7141,954,7142,941,6774,968,943,944,947,948],"class_list":{"0":"post-67475","1":"product","2":"type-product","3":"status-publish","4":"has-post-thumbnail","6":"product_cat-comedy","7":"product_cat-events","8":"product_cat-humor","9":"product_cat-kupfersaal","10":"product_cat-leipzig","11":"product_cat-orte","12":"product_cat-ticket","13":"product_cat-veranstaltung","14":"product_tag-30-jahre-emmi-willnowsky","15":"product_tag-comedy","16":"product_tag-das-best-of","17":"product_tag-events","18":"product_tag-humor","19":"product_tag-kupfersaal","20":"product_tag-leipzig","21":"product_tag-orte","22":"product_tag-ticket","23":"product_tag-veranstaltung","24":"product_shipping_class-nur_paketversand","25":"pa_discount-kind","26":"pa_discount-normalpreis","27":"pa_preiskategorie-freie-platzwahl","29":"first","30":"instock","31":"taxable","32":"shipping-taxable","33":"purchasable","34":"product-type-variable"},"group_of_quantity":0,"min_quantity":0,"max_quantity":"","exclude_order_quantity_value_rules":"no","exclude_category_quantity_rules":"no","combine_variations":"no","acf":[],"_links":{"self":[{"href":"https:\/\/arena-ticket.com\/en\/wp-json\/wp\/v2\/product\/67475","targetHints":{"allow":["GET"]}}],"collection":[{"href":"https:\/\/arena-ticket.com\/en\/wp-json\/wp\/v2\/product"}],"about":[{"href":"https:\/\/arena-ticket.com\/en\/wp-json\/wp\/v2\/types\/product"}],"wp:featuredmedia":[{"embeddable":true,"href":"https:\/\/arena-ticket.com\/en\/wp-json\/wp\/v2\/media\/67478"}],"wp:attachment":[{"href":"https:\/\/arena-ticket.com\/en\/wp-json\/wp\/v2\/media?parent=67475"}],"wp:term":[{"taxonomy":"product_brand","embeddable":true,"href":"https:\/\/arena-ticket.com\/en\/wp-json\/wp\/v2\/product_brand?post=67475"},{"taxonomy":"product_cat","embeddable":true,"href":"https:\/\/arena-ticket.com\/en\/wp-json\/wp\/v2\/product_cat?post=67475"},{"taxonomy":"product_tag","embeddable":true,"href":"https:\/\/arena-ticket.com\/en\/wp-json\/wp\/v2\/product_tag?post=67475"}],"curies":[{"name":"wp","href":"https:\/\/api.w.org\/{rel}","templated":true}]}}