{"id":67491,"date":"2026-02-20T18:15:05","date_gmt":"2026-02-20T17:15:05","guid":{"rendered":"https:\/\/arena-ticket.com\/?p=67491&#038;post_type=product&#038;preview_id=67491"},"modified":"2026-02-20T19:05:45","modified_gmt":"2026-02-20T18:05:45","slug":"rundgang-mit-nachtwaechter-bremme-stadtfuehrungen-und-rundfahrten-in-leipzig-bis-31-12-2026-1900-2000-2100-uhr","status":"publish","type":"product","link":"https:\/\/arena-ticket.com\/en\/product\/rundgang-mit-nachtwaechter-bremme-stadtfuehrungen-und-rundfahrten-in-leipzig-bis-31-12-2026-1900-2000-2100-uhr\/","title":{"rendered":"Rundgang mit NACHTW\u00c4CHTER BREMME\u00ae  - Stadtf\u00fchrungen in Leipzig bis 31.12.2026"},"content":{"rendered":"<p>Der Rundgang mit Nachtw\u00e4chter Bremme\u00ae geh\u00f6rt zu den beliebtesten Touren durch die Leipziger Innenstadt.<\/p>\n<p>Termine:<br \/>\nJan\/Feb Fr, Sa 20.00 - 21.30 Uhr<br \/>\nM\u00e4rz\/April, Mo - Sa, 20.00 - 21.30 Uhr<br \/>\nMai - Aug, Mo - Sa, 21.00 - 22.30 Uhr und Fr\/Sa 20.00 - 21.00 Uhr<br \/>\nSept\/Okt, Mo - Sa 20.00 - 21.30 Uhr und Fr\/Sa 19.00 - 20.30 Uhr<br \/>\nNov - Dez Mo - Sa 20.00 - 21.30 Uhr<\/p>\n<p>Treffpunkt Nikolaikirchhof Leipzig - an der Gedenks\u00e4ule<\/p>\n<p>Exklusiv bei Treffpunkt Leipzig! Der Rundgang mit Nachtw\u00e4chter Bremme\u00ae geh\u00f6rt zu den beliebtesten Touren durch die Leipziger Innenstadt.<br \/>\n\"H\u00f6rt, Ihr Leut...\" - Zu sp\u00e4ter Stunde entz\u00fcndet der Nachtw\u00e4chter seine Laterne. \u00dcber die lauschigen Pl\u00e4tze und durch die dunklen Gassen f\u00fchrt sein Weg vorbei an den sch\u00f6nsten Sehensw\u00fcrdigkeiten der Altstadt. Wenn das gesch\u00e4ftige Treiben zur Ruhe kommt, erz\u00e4hlt er - im historischen Gewand - spannende und kuriose Geschichten aus dem Leipzig von einst.<\/p>","protected":false},"excerpt":{"rendered":"<p>Bitte rufen Sie uns bei Interesse an und wir sprechen gerne die verf\u00fcgbaren Termine ab.<\/p>\n<p>Treffpunkt Nikolaikirchhof Leipzig - an der Gedenks\u00e4ule<\/p>","protected":false},"featured_media":67497,"template":"","meta":{"_acf_changed":false,"inline_featured_image":false},"product_brand":[],"product_cat":[31,6765,922,86,35,21,58],"product_tag":[941,7146,951,943,944,7147,7149,7148,947,948],"class_list":{"0":"post-67491","1":"product","2":"type-product","3":"status-publish","4":"has-post-thumbnail","6":"product_cat-events","7":"product_cat-fuehrung","8":"product_cat-kultur","9":"product_cat-leipzig","10":"product_cat-orte","11":"product_cat-ticket","12":"product_cat-veranstaltung","13":"product_tag-events","14":"product_tag-fuehrung","15":"product_tag-kultur","16":"product_tag-leipzig","17":"product_tag-orte","18":"product_tag-rundgang-mit-nachtwaechter-bremme","19":"product_tag-stadtfuehrungen-in-leipzig-bis-31-12-2026","20":"product_tag-stadtfuehrungen-und-rundfahrten-in-leipzig-bis-31-12-2026","21":"product_tag-ticket","22":"product_tag-veranstaltung","23":"product_shipping_class-nur_paketversand","24":"pa_discount-ermaessigt","25":"pa_discount-normalpreis","26":"pa_preiskategorie-tagesticket-beliebiger-tag","28":"first","29":"instock","30":"taxable","31":"shipping-taxable","32":"purchasable","33":"product-type-variable"},"group_of_quantity":0,"min_quantity":0,"max_quantity":"","exclude_order_quantity_value_rules":"no","exclude_category_quantity_rules":"no","combine_variations":"no","acf":[],"_links":{"self":[{"href":"https:\/\/arena-ticket.com\/en\/wp-json\/wp\/v2\/product\/67491","targetHints":{"allow":["GET"]}}],"collection":[{"href":"https:\/\/arena-ticket.com\/en\/wp-json\/wp\/v2\/product"}],"about":[{"href":"https:\/\/arena-ticket.com\/en\/wp-json\/wp\/v2\/types\/product"}],"wp:featuredmedia":[{"embeddable":true,"href":"https:\/\/arena-ticket.com\/en\/wp-json\/wp\/v2\/media\/67497"}],"wp:attachment":[{"href":"https:\/\/arena-ticket.com\/en\/wp-json\/wp\/v2\/media?parent=67491"}],"wp:term":[{"taxonomy":"product_brand","embeddable":true,"href":"https:\/\/arena-ticket.com\/en\/wp-json\/wp\/v2\/product_brand?post=67491"},{"taxonomy":"product_cat","embeddable":true,"href":"https:\/\/arena-ticket.com\/en\/wp-json\/wp\/v2\/product_cat?post=67491"},{"taxonomy":"product_tag","embeddable":true,"href":"https:\/\/arena-ticket.com\/en\/wp-json\/wp\/v2\/product_tag?post=67491"}],"curies":[{"name":"wp","href":"https:\/\/api.w.org\/{rel}","templated":true}]}}