{"id":67523,"date":"2026-02-21T14:29:43","date_gmt":"2026-02-21T13:29:43","guid":{"rendered":"https:\/\/arena-ticket.com\/?p=67523&#038;post_type=product&#038;preview_id=67523"},"modified":"2026-02-21T14:34:00","modified_gmt":"2026-02-21T13:34:00","slug":"sixx-paxx-dreams-tour-2026-27-leipzig-haus-auensee-08-03-2027-2000-uhr","status":"publish","type":"product","link":"https:\/\/arena-ticket.com\/en\/product\/sixx-paxx-dreams-tour-2026-27-leipzig-haus-auensee-08-03-2027-2000-uhr\/","title":{"rendered":"SIXX PAXX  - Dreams Tour 2026\/27"},"content":{"rendered":"<p>Schlie\u00df die Augen und stell dir deine wildesten Tr\u00e4ume vor. Jetzt werden sie Realit\u00e4t: Die SIXX PAXX DREAMS TOUR bringt euch 2026\/27 auf die gr\u00f6\u00dften B\u00fchnen, die die SIXX PAXX je erobert haben.<\/p>\n<p>Mehr Verf\u00fchrung, mehr Leidenschaft, mehr G\u00e4nsehaut-Momente \u2013 mit hei\u00dfen Performances, Live-Gesang und einer Show, die wie ein Traum beginnt und als unvergessliche Erinnerung bleibt.<\/p>\n<p><strong>Egal ob M\u00e4delsabend, Geburtstag oder Junggesellinnenabschied, hier wird Fantasie zu Wirklichkeit.<\/strong><\/p>","protected":false},"excerpt":{"rendered":"<h4 class=\"mt0\">Secure your tickets!<\/h4>","protected":false},"featured_media":67531,"template":"","meta":{"_acf_changed":false,"inline_featured_image":false},"product_brand":[],"product_cat":[31,344,86,64,35,6730,21,58],"product_tag":[7150,941,962,943,6773,944,958,3218,947,948],"class_list":{"0":"post-67523","1":"product","2":"type-product","3":"status-publish","4":"has-post-thumbnail","6":"product_cat-events","7":"product_cat-haus-auensee","8":"product_cat-leipzig","9":"product_cat-musical-show","10":"product_cat-orte","11":"product_cat-show","12":"product_cat-ticket","13":"product_cat-veranstaltung","14":"product_tag-dreams-tour-2026-27","15":"product_tag-events","16":"product_tag-haus-auensee","17":"product_tag-leipzig","18":"product_tag-musical-show","19":"product_tag-orte","20":"product_tag-show","21":"product_tag-sixx-paxx","22":"product_tag-ticket","23":"product_tag-veranstaltung","24":"product_shipping_class-nur_paketversand","25":"pa_discount-normalpreis","26":"pa_preiskategorie-pk-i","27":"pa_preiskategorie-pk-ii","28":"pa_preiskategorie-pk-iii","29":"pa_preiskategorie-pk-iv","30":"pa_preiskategorie-pk-v","31":"pa_preiskategorie-pk-vi","32":"pa_preiskategorie-pk-vii","33":"pa_preiskategorie-pk-viii","35":"first","36":"instock","37":"taxable","38":"shipping-taxable","39":"purchasable","40":"product-type-variable","41":"has-default-attributes"},"group_of_quantity":0,"min_quantity":0,"max_quantity":"","exclude_order_quantity_value_rules":"no","exclude_category_quantity_rules":"no","combine_variations":"no","acf":[],"_links":{"self":[{"href":"https:\/\/arena-ticket.com\/en\/wp-json\/wp\/v2\/product\/67523","targetHints":{"allow":["GET"]}}],"collection":[{"href":"https:\/\/arena-ticket.com\/en\/wp-json\/wp\/v2\/product"}],"about":[{"href":"https:\/\/arena-ticket.com\/en\/wp-json\/wp\/v2\/types\/product"}],"wp:featuredmedia":[{"embeddable":true,"href":"https:\/\/arena-ticket.com\/en\/wp-json\/wp\/v2\/media\/67531"}],"wp:attachment":[{"href":"https:\/\/arena-ticket.com\/en\/wp-json\/wp\/v2\/media?parent=67523"}],"wp:term":[{"taxonomy":"product_brand","embeddable":true,"href":"https:\/\/arena-ticket.com\/en\/wp-json\/wp\/v2\/product_brand?post=67523"},{"taxonomy":"product_cat","embeddable":true,"href":"https:\/\/arena-ticket.com\/en\/wp-json\/wp\/v2\/product_cat?post=67523"},{"taxonomy":"product_tag","embeddable":true,"href":"https:\/\/arena-ticket.com\/en\/wp-json\/wp\/v2\/product_tag?post=67523"}],"curies":[{"name":"wp","href":"https:\/\/api.w.org\/{rel}","templated":true}]}}