{"id":67691,"date":"2026-02-25T15:08:18","date_gmt":"2026-02-25T14:08:18","guid":{"rendered":"https:\/\/arena-ticket.com\/?p=67691&#038;post_type=product&#038;preview_id=67691"},"modified":"2026-04-18T12:10:59","modified_gmt":"2026-04-18T10:10:59","slug":"galopprennbahn-scheibenholz-traditioneller-aufgalopp-01-05-2026-1200-uhr","status":"publish","type":"product","link":"https:\/\/arena-ticket.com\/en\/product\/galopprennbahn-scheibenholz-traditioneller-aufgalopp-01-05-2026-1200-uhr\/","title":{"rendered":"Galopprennbahn Scheibenholz - Traditioneller Aufgalopp"},"content":{"rendered":"<p>Der 1. Mai ist Kult und DAS Highlight einer jeden Rennsaison im Leipziger Scheibenholz. Bei spannendem Galoppsport und bester Unterhaltung feiern jedes Jahr bis zu 15.000 Scheibenholz-Fans die gro\u00dfe Saisoner\u00f6ffnung und sorgen f\u00fcr G\u00e4nsehautstimmung, wenn die Galopper zum ersten Rennen des Jahres in die Zielgerade einbiegen. Ein Event f\u00fcr die ganze Familie mit Volksfestcharakter.<\/p>\n<p>Weitere Renntermine 2026: 30.05.2026 + 22.08.2026 + 17.10.2026<\/p>","protected":false},"excerpt":{"rendered":"<p>Boxes open for the Leipzig Turf festival day!<\/p>","protected":false},"featured_media":67699,"template":"","meta":{"_acf_changed":false,"inline_featured_image":false},"product_brand":[],"product_cat":[31,406,86,35,6755,32,21,58],"product_tag":[941,3347,943,944,6778,5642,947,5105,948],"class_list":{"0":"post-67691","1":"product","2":"type-product","3":"status-publish","4":"has-post-thumbnail","6":"product_cat-events","7":"product_cat-galopprennbahn-scheibenholz","8":"product_cat-leipzig","9":"product_cat-orte","10":"product_cat-pferdesport","11":"product_cat-sport","12":"product_cat-ticket","13":"product_cat-veranstaltung","14":"product_tag-events","15":"product_tag-galopprennbahn-scheibenholz","16":"product_tag-leipzig","17":"product_tag-orte","18":"product_tag-pferdesport","19":"product_tag-sport","20":"product_tag-ticket","21":"product_tag-traditioneller-aufgalopp","22":"product_tag-veranstaltung","23":"product_shipping_class-nur_briefversand","24":"pa_discount-ermaessigt","25":"pa_discount-kind","26":"pa_discount-normalpreis","27":"pa_discount-sechserticket","28":"pa_preiskategorie-flanierticket","29":"pa_preiskategorie-tribuenenticket","30":"pa_preiskategorie-turf-treff","32":"first","33":"instock","34":"taxable","35":"shipping-taxable","36":"purchasable","37":"product-type-variable"},"group_of_quantity":0,"min_quantity":0,"max_quantity":"","exclude_order_quantity_value_rules":"no","exclude_category_quantity_rules":"no","combine_variations":"no","acf":[],"_links":{"self":[{"href":"https:\/\/arena-ticket.com\/en\/wp-json\/wp\/v2\/product\/67691","targetHints":{"allow":["GET"]}}],"collection":[{"href":"https:\/\/arena-ticket.com\/en\/wp-json\/wp\/v2\/product"}],"about":[{"href":"https:\/\/arena-ticket.com\/en\/wp-json\/wp\/v2\/types\/product"}],"wp:featuredmedia":[{"embeddable":true,"href":"https:\/\/arena-ticket.com\/en\/wp-json\/wp\/v2\/media\/67699"}],"wp:attachment":[{"href":"https:\/\/arena-ticket.com\/en\/wp-json\/wp\/v2\/media?parent=67691"}],"wp:term":[{"taxonomy":"product_brand","embeddable":true,"href":"https:\/\/arena-ticket.com\/en\/wp-json\/wp\/v2\/product_brand?post=67691"},{"taxonomy":"product_cat","embeddable":true,"href":"https:\/\/arena-ticket.com\/en\/wp-json\/wp\/v2\/product_cat?post=67691"},{"taxonomy":"product_tag","embeddable":true,"href":"https:\/\/arena-ticket.com\/en\/wp-json\/wp\/v2\/product_tag?post=67691"}],"curies":[{"name":"wp","href":"https:\/\/api.w.org\/{rel}","templated":true}]}}