{"id":67703,"date":"2026-02-25T15:41:08","date_gmt":"2026-02-25T14:41:08","guid":{"rendered":"https:\/\/arena-ticket.com\/?p=67703&#038;post_type=product&#038;preview_id=67703"},"modified":"2026-03-21T10:18:29","modified_gmt":"2026-03-21T09:18:29","slug":"galopprennbahn-scheibenholz-fruehlingsfestrenntag-30-05-2026-1200-uhr","status":"publish","type":"product","link":"https:\/\/arena-ticket.com\/en\/product\/galopprennbahn-scheibenholz-fruehlingsfestrenntag-30-05-2026-1200-uhr\/","title":{"rendered":"Galopprennbahn Scheibenholz - Fr\u00fchlingsfestrenntag"},"content":{"rendered":"<p>Sieben Galopprennen sorgen f\u00fcr Spannung, Wettfieber und Nervenkitzel, wenn die Pferde vor der jubelnden Zuschauertrib\u00fcne die Zielgerade entlang galoppieren.<\/p>\n<p>Weitere Renntermine 2026: 01.05.2026 + 22.08.2026 + 17.10.2026<\/p>","protected":false},"excerpt":{"rendered":"<p>Secure your tickets!<\/p>","protected":false},"featured_media":67709,"template":"","meta":{"_acf_changed":false,"inline_featured_image":false},"product_brand":[],"product_cat":[31,406,86,35,6755,32,21,58],"product_tag":[941,7153,3347,943,944,6778,5642,947,948],"class_list":{"0":"post-67703","1":"product","2":"type-product","3":"status-publish","4":"has-post-thumbnail","6":"product_cat-events","7":"product_cat-galopprennbahn-scheibenholz","8":"product_cat-leipzig","9":"product_cat-orte","10":"product_cat-pferdesport","11":"product_cat-sport","12":"product_cat-ticket","13":"product_cat-veranstaltung","14":"product_tag-events","15":"product_tag-fruehlingsfestrenntag","16":"product_tag-galopprennbahn-scheibenholz","17":"product_tag-leipzig","18":"product_tag-orte","19":"product_tag-pferdesport","20":"product_tag-sport","21":"product_tag-ticket","22":"product_tag-veranstaltung","23":"product_shipping_class-nur_briefversand","24":"pa_discount-ermaessigt","25":"pa_discount-kind","26":"pa_discount-normalpreis","27":"pa_discount-sechserticket","28":"pa_preiskategorie-flanierticket","29":"pa_preiskategorie-partyticket","30":"pa_preiskategorie-tribuenenticket","31":"pa_preiskategorie-turf-treff","33":"first","34":"instock","35":"taxable","36":"shipping-taxable","37":"purchasable","38":"product-type-variable"},"group_of_quantity":0,"min_quantity":0,"max_quantity":"","exclude_order_quantity_value_rules":"no","exclude_category_quantity_rules":"no","combine_variations":"no","acf":[],"_links":{"self":[{"href":"https:\/\/arena-ticket.com\/en\/wp-json\/wp\/v2\/product\/67703","targetHints":{"allow":["GET"]}}],"collection":[{"href":"https:\/\/arena-ticket.com\/en\/wp-json\/wp\/v2\/product"}],"about":[{"href":"https:\/\/arena-ticket.com\/en\/wp-json\/wp\/v2\/types\/product"}],"wp:featuredmedia":[{"embeddable":true,"href":"https:\/\/arena-ticket.com\/en\/wp-json\/wp\/v2\/media\/67709"}],"wp:attachment":[{"href":"https:\/\/arena-ticket.com\/en\/wp-json\/wp\/v2\/media?parent=67703"}],"wp:term":[{"taxonomy":"product_brand","embeddable":true,"href":"https:\/\/arena-ticket.com\/en\/wp-json\/wp\/v2\/product_brand?post=67703"},{"taxonomy":"product_cat","embeddable":true,"href":"https:\/\/arena-ticket.com\/en\/wp-json\/wp\/v2\/product_cat?post=67703"},{"taxonomy":"product_tag","embeddable":true,"href":"https:\/\/arena-ticket.com\/en\/wp-json\/wp\/v2\/product_tag?post=67703"}],"curies":[{"name":"wp","href":"https:\/\/api.w.org\/{rel}","templated":true}]}}