{"id":67838,"date":"2026-02-26T14:57:07","date_gmt":"2026-02-26T13:57:07","guid":{"rendered":"https:\/\/arena-ticket.com\/?p=67838&#038;post_type=product&#038;preview_id=67838"},"modified":"2026-03-05T14:40:31","modified_gmt":"2026-03-05T13:40:31","slug":"scala-kolacny-brothers-scala-30-leipzig-haus-auensee-25-04-2027-1500-uhr","status":"publish","type":"product","link":"https:\/\/arena-ticket.com\/en\/product\/scala-kolacny-brothers-scala-30-leipzig-haus-auensee-25-04-2027-1500-uhr\/","title":{"rendered":"Scala &amp; Kolacny Brothers  - Scala 30"},"content":{"rendered":"<p>Feiert 30 Jahre Scala &amp; Kolacny Brothers mit \"Scala 30\u201d<\/p>\n<p>Taucht ein in faszinierende Neuinterpretationen von Pop- und Rocksongs, meisterhaft pr\u00e4sentiert vom weltbekannten M\u00e4dchenchor unter der Leitung der Kolacny-Br\u00fcder.<\/p>\n<p>Mit reinen Stimmen, wundersch\u00f6ner Klavierbegleitung und subtilen visuellen und choreografischen Elementen nimmt euch Scala 30 mit auf ein unvergessliches musikalisches Erlebnis.<\/p>\n<p>Lasst euch diese besondere Jubil\u00e4umstour nicht entgehen und genie\u00dft einen Abend voller Musik, die euch tief ber\u00fchren und immer wieder \u00fcberraschen wird.<\/p>","protected":false},"excerpt":{"rendered":"<p>Jetzt schon Tickets hier sichern!<\/p>","protected":false},"featured_media":67851,"template":"","meta":{"_acf_changed":false,"inline_featured_image":false},"product_brand":[],"product_cat":[31,344,69,86,35,6749,21,58],"product_tag":[941,962,942,943,944,4510,4511,6779,947,948],"class_list":{"0":"post-67838","1":"product","2":"type-product","3":"status-publish","4":"has-post-thumbnail","6":"product_cat-events","7":"product_cat-haus-auensee","8":"product_cat-konzert","9":"product_cat-leipzig","10":"product_cat-orte","11":"product_cat-sonstiges_konzert","12":"product_cat-ticket","13":"product_cat-veranstaltung","14":"product_tag-events","15":"product_tag-haus-auensee","16":"product_tag-konzert","17":"product_tag-leipzig","18":"product_tag-orte","19":"product_tag-scala-kolacny-brothers","20":"product_tag-scala-30","21":"product_tag-sonstiges","22":"product_tag-ticket","23":"product_tag-veranstaltung","24":"product_shipping_class-nur_paketversand","25":"pa_discount-normalpreis","26":"pa_preiskategorie-pk-i","27":"pa_preiskategorie-pk-ii","28":"pa_preiskategorie-pk-iii","29":"pa_preiskategorie-pk-iv","31":"first","32":"instock","33":"taxable","34":"shipping-taxable","35":"purchasable","36":"product-type-variable","37":"has-default-attributes"},"group_of_quantity":0,"min_quantity":0,"max_quantity":"","exclude_order_quantity_value_rules":"no","exclude_category_quantity_rules":"no","combine_variations":"no","acf":[],"_links":{"self":[{"href":"https:\/\/arena-ticket.com\/en\/wp-json\/wp\/v2\/product\/67838","targetHints":{"allow":["GET"]}}],"collection":[{"href":"https:\/\/arena-ticket.com\/en\/wp-json\/wp\/v2\/product"}],"about":[{"href":"https:\/\/arena-ticket.com\/en\/wp-json\/wp\/v2\/types\/product"}],"wp:featuredmedia":[{"embeddable":true,"href":"https:\/\/arena-ticket.com\/en\/wp-json\/wp\/v2\/media\/67851"}],"wp:attachment":[{"href":"https:\/\/arena-ticket.com\/en\/wp-json\/wp\/v2\/media?parent=67838"}],"wp:term":[{"taxonomy":"product_brand","embeddable":true,"href":"https:\/\/arena-ticket.com\/en\/wp-json\/wp\/v2\/product_brand?post=67838"},{"taxonomy":"product_cat","embeddable":true,"href":"https:\/\/arena-ticket.com\/en\/wp-json\/wp\/v2\/product_cat?post=67838"},{"taxonomy":"product_tag","embeddable":true,"href":"https:\/\/arena-ticket.com\/en\/wp-json\/wp\/v2\/product_tag?post=67838"}],"curies":[{"name":"wp","href":"https:\/\/api.w.org\/{rel}","templated":true}]}}