{"id":67886,"date":"2026-02-27T11:41:25","date_gmt":"2026-02-27T10:41:25","guid":{"rendered":"https:\/\/arena-ticket.com\/?p=67886&#038;post_type=product&#038;preview_id=67886"},"modified":"2026-04-23T09:57:59","modified_gmt":"2026-04-23T07:57:59","slug":"bryan-adams-roll-with-the-punches-tour-2026-leipzig-quarterback-immobilien-arena-10-10-2026-2000-uhr","status":"publish","type":"product","link":"https:\/\/arena-ticket.com\/en\/product\/bryan-adams-roll-with-the-punches-tour-2026-leipzig-quarterback-immobilien-arena-10-10-2026-2000-uhr\/","title":{"rendered":"Bryan Adams - Roll With The Punches Tour 2026"},"content":{"rendered":"<p>Mit allen Hits seiner erstaunlichen, \u00fcber vier Jahrzehnte w\u00e4hrenden Karriere pr\u00e4sentiert sich<br \/>\nBryan Adams im Herbst 2026 live. Rostock, Berlin, K\u00f6ln, M\u00fcnchen, N\u00fcrnberg, Bremen,<br \/>\nHamburg, Leipzig und Mannheim sind vom 30. September bis 12. Oktober seine Stationen.<br \/>\nBryan Adams gilt als einer der erfolgreichsten Singer-Songwriter der Rockmusik weltweit und<br \/>\neiner der besten Live-Performer. Der mehrfache GRAMMY-Gewinner begeistert seine Fans auf<br \/>\nder B\u00fchne mit Bestseller-Songs und einer vehementen, energiegeladenen Performance. Die<br \/>\nAlben des glaubw\u00fcrdigen Rock\u2019n Rollers eroberten bis heute stets die Spitzen der Charts,<br \/>\nerreichten multiplen Gold- und Platin-Status, so auch sein 16. Studioalbum \u201eRoll With The<br \/>\nPunches\u201c, das im Herbst 2025 ver\u00f6ffentlicht wurde.<br \/>\n\u00dcber 100 Millionen Tontr\u00e4ger und Nr. 1-Chart Erfolge in mehr als 40 L\u00e4ndern dokumentieren<br \/>\neine einzigartige Resonanz, auf inzwischen 17 Studio-Alben und mehr als 80 Singles, die ihre<br \/>\nEntsprechung in ausverkauften Tourneen rund um den Globus findet. Bryan Adams und seine<br \/>\nlangj\u00e4hrigen Begleiter wie Keith Scott (Leadgitarre) und andere pr\u00e4sentieren eine mitrei\u00dfende<br \/>\nShow, die s\u00e4mtliche Hits und Highlights seiner Laufbahn aneinanderreiht.<br \/>\nVier Mega-Hits verdeutlichen die musikalische Dominanz von Bryan Adams in den 90ern:<br \/>\n\u201eEverything I Do\u201c, \u201ePlease Forgive Me\u201c, \u201eAll For Love\u201c und \u201eHave You Ever Really Loved A<br \/>\nWoman\u201c. Schon Mitte der 80er hatte sich Adams seinen Platz in der Rock\u2019n\u2019Roll Hall of Fame<br \/>\nerspielt, als er mit den \u201eReckless\u201c-Klassikern \u201eSummer Of \u201869\u201c, \u201eSomebody\u201c und \u201eRun To<br \/>\nYou\u201c sowie \u201eCuts Like A Knife\u201c Weltruhm erlangte.<br \/>\nRockhymnen und rauer Gesang wurden zu seinen Markenzeichen, aber ebenso wundersch\u00f6ne<br \/>\nBalladen. \u201eEverything I Do\u201c, der Ohrwurm aus dem \u201eRobin Hood\u201c-Film, wird als eine der<br \/>\nerfolgreichsten Singles aller Zeiten in die Annalen der Rockgeschichte eingehen. Superhits wie<br \/>\n\u201eHave You Ever Really Loved A Woman?\u201c, \u201eThe Only Thing That Looks Good On Me Is You\u201c,<br \/>\n\u201eHeaven\u201d, \u201eCloud No. 9\u201d, \u201eThe Best Of Me\u201d, \u201eHere I Am\u201d oder \u201cSo Happy It Hurts\u201d z\u00e4hlen zu<br \/>\nweiteren herausragenden Chartbreakern.<\/p>\n<p>Bryan Adams live \u2013 das sind mehr als zwei Stunden ungebremste Energie und totales<br \/>\nEngagement analog zu dem Versprechen seines Millionensellers \u201eLet\u2019s Make A Night To<br \/>\nRemember\u201c. Es ist, wie es seine Rockhymne \u201eStraight From The Heart\u201c treffend beschreibt:<br \/>\ndirekt von seinem Herzen in die seiner Fans.<br \/>\nIn den letzten Jahren hat Bryan Adams als Fotograf weltweite Bedeutung erlangt. Auch auf<br \/>\ndiesem Gebiet erweist er sich als absoluter Meister seines Fachs. F\u00fcr den Broadway-Musical-<br \/>\nErfolg \u201ePretty Woman\u201c schrieb Bryan Adams den Soundtrack. Zu seinen Auszeichnungen<br \/>\nz\u00e4hlen der GRAMMY und der American Music Award sowie 3 Oscar- und 5 Golden Globe-<br \/>\nNominierungen.<\/p>","protected":false},"excerpt":{"rendered":"<p>Bryan Adams mit allen Hits endlich wieder live! Der Vorverkauf startet am 06.03.2026!<\/p>","protected":false},"featured_media":67904,"template":"","meta":{"_acf_changed":false,"inline_featured_image":false},"product_brand":[],"product_cat":[31,69,86,35,37,6732,21,22,58],"product_tag":[3185,941,942,943,944,945,6804,7160,3186,947,973,948],"class_list":{"0":"post-67886","1":"product","2":"type-product","3":"status-publish","4":"has-post-thumbnail","6":"product_cat-events","7":"product_cat-konzert","8":"product_cat-leipzig","9":"product_cat-orte","10":"product_cat-quarterback-immobilien-arena","11":"product_cat-rock-hard-rock","12":"product_cat-ticket","13":"product_cat-ticketupgrades-zusatzleistungen","14":"product_cat-veranstaltung","15":"product_tag-bryan-adams","16":"product_tag-events","17":"product_tag-konzert","18":"product_tag-leipzig","19":"product_tag-orte","20":"product_tag-quarterback-immobilien-arena","21":"product_tag-rock-hard-rock","22":"product_tag-roll-with-the-punches-tour-2026","23":"product_tag-so-happy-it-hurts-tour-2024","24":"product_tag-ticket","25":"product_tag-ticketupgrades-zusatzleistungen","26":"product_tag-veranstaltung","27":"product_shipping_class-abholung_paketversand","28":"pa_discount-lzig-eds","29":"pa_discount-lzig-ees","30":"pa_discount-vip-front-of-stage","31":"pa_discount-inklusive-begleitperson","32":"pa_discount-normalpreis","33":"pa_discount-vip-sitzplatz","34":"pa_discount-sitzplatz-1-preiskategorie","35":"pa_discount-sitzplatz-2-preiskategorie","36":"pa_discount-lzig-sds","37":"pa_discount-lzig-ses","38":"pa_preiskategorie-front-of-stage-stehplatz","39":"pa_preiskategorie-ggv-up","40":"pa_preiskategorie-innenraum-stehplatz","41":"pa_preiskategorie-livezig-up","42":"pa_preiskategorie-pgv-up","43":"pa_preiskategorie-pk-i","44":"pa_preiskategorie-pk-ii","45":"pa_preiskategorie-pk-iii","46":"pa_preiskategorie-pk-iv","47":"pa_preiskategorie-pk4-stehplatz","48":"pa_preiskategorie-pk-v","49":"pa_preiskategorie-pk-vi","50":"pa_preiskategorie-pk-vii","51":"pa_preiskategorie-rollstuhlfahrer","52":"pa_preiskategorie-sitzplatz","53":"pa_preiskategorie-vip-package-backstage-club","54":"pa_preiskategorie-vip-package-backstage-club-stehplatz","55":"pa_preiskategorie-vipu-up","57":"first","58":"instock","59":"taxable","60":"shipping-taxable","61":"purchasable","62":"product-type-variable"},"group_of_quantity":0,"min_quantity":0,"max_quantity":"","exclude_order_quantity_value_rules":"no","exclude_category_quantity_rules":"no","combine_variations":"no","acf":[],"_links":{"self":[{"href":"https:\/\/arena-ticket.com\/en\/wp-json\/wp\/v2\/product\/67886","targetHints":{"allow":["GET"]}}],"collection":[{"href":"https:\/\/arena-ticket.com\/en\/wp-json\/wp\/v2\/product"}],"about":[{"href":"https:\/\/arena-ticket.com\/en\/wp-json\/wp\/v2\/types\/product"}],"wp:featuredmedia":[{"embeddable":true,"href":"https:\/\/arena-ticket.com\/en\/wp-json\/wp\/v2\/media\/67904"}],"wp:attachment":[{"href":"https:\/\/arena-ticket.com\/en\/wp-json\/wp\/v2\/media?parent=67886"}],"wp:term":[{"taxonomy":"product_brand","embeddable":true,"href":"https:\/\/arena-ticket.com\/en\/wp-json\/wp\/v2\/product_brand?post=67886"},{"taxonomy":"product_cat","embeddable":true,"href":"https:\/\/arena-ticket.com\/en\/wp-json\/wp\/v2\/product_cat?post=67886"},{"taxonomy":"product_tag","embeddable":true,"href":"https:\/\/arena-ticket.com\/en\/wp-json\/wp\/v2\/product_tag?post=67886"}],"curies":[{"name":"wp","href":"https:\/\/api.w.org\/{rel}","templated":true}]}}