{"id":67952,"date":"2026-02-28T13:02:27","date_gmt":"2026-02-28T12:02:27","guid":{"rendered":"https:\/\/arena-ticket.com\/?p=67952&#038;post_type=product&#038;preview_id=67952"},"modified":"2026-03-11T14:37:03","modified_gmt":"2026-03-11T13:37:03","slug":"claudia-michelsen-ein-weihnachtsabend-voller-erzaehlungen-mit-musik-leipzig-felsenkeller-06-12-2026-1900-uhr","status":"publish","type":"product","link":"https:\/\/arena-ticket.com\/en\/product\/claudia-michelsen-ein-weihnachtsabend-voller-erzaehlungen-mit-musik-leipzig-felsenkeller-06-12-2026-1900-uhr\/","title":{"rendered":"Claudia Michelsen  - Ein Weihnachtsabend voller Erz\u00e4hlungen mit Musik"},"content":{"rendered":"<section class=\"c-full c-inner c-narrow\" data-c=\"stageteasertext\" data-qa=\"stageteasertext-component\">\n<div class=\"container\">\n<div class=\"external-content no-margin\">\n<div class=\"u-position-relative js-moretext-wrapper\">\n<div class=\"moretext js-moretext expanded\" data-qa=\"readMoreText\">\n<div class=\"moretext-teaser\">\n<p>Im Dezember 2026 erwarten das Publikum die sch\u00f6nsten Momente der Weihnachtszeit, wenn die zweifache Grimme-Preis-Tr\u00e4gerin Claudia Michelsen zu festlichen Weihnachtslesungen einl\u00e4dt. An ihrer Seite: der gefeierte Jazz-Trompeter und junge Ausnahmek\u00fcnstler Jakob B\u00e4nsch, der mit nur 20 Jahren den deutschen Jazz Preis gewann und mit seinem einzigartigen Sound f\u00fcr magische Klangmomente sorgt.<\/p>\n<p>Weihnachten \u2013 das ist Liebe und Lichterglanz, Familie und Freude. Aber es gibt auch Missverst\u00e4ndnisse, gro\u00dfe Gef\u00fchle und die legend\u00e4ren \u201efalschen Geschenke\u201c. Diese ganze Bandbreite macht den Zauber dieses Abends aus. Mit ihrer warmen, unverwechselbaren Stimme erweckt Claudia Michelsen besinnliche, heitere und nachdenkliche Geschichten zum Leben. Geschichten von Sehnsucht, Erinnerungen, Aufbruch, Familie und Winterwundern verweben sich mit der einmaligen Musik von Jakob B\u00e4nsch zu einem Abend, der Herz und Kopf gleicherma\u00dfen ber\u00fchrt. Text und Klang treten in einen lebendigen Dialog \u2013 mal zart, mal kraftvoll. B\u00e4nsch schafft mit seiner Musik Klangr\u00e4ume, die die Worte, Gedanken und Stimmungen tragen, vertiefen und manchmal \u00fcberraschend brechen.<\/p>\n<p>Claudia Michelsen und Jakob B\u00e4nsch verbinden Literatur und Musik zu einem atmosph\u00e4rischen B\u00fchnenerlebnis zwischen Humor, Melancholie und winterlicher Magie.<\/p>\n<p>\u201eEin Weihnachtsabend voller Erz\u00e4hlungen\u201c ist kein klassischer Leseabend, kein Konzert, sondern ein fein komponiertes B\u00fchnenerlebnis.<\/p>\n<p>Claudia Michelsen:<br \/>\n\u201eDie Zeit vergeht, wie immer schneller als man denkt, deswegen freuen wir uns, Sie jetzt schon zu unserem Weihnachtsprogramm einzuladen! Es erwartet Sie eine musikalische Lesung mit ganz besonderen Geschichten. Die verschiedenen Texte versprechen kleine Reisen in wunderbare Winterwelten der Literatur, und vielleicht sehen wir uns ja schon bald nach einem sch\u00f6nen Sommer und Herbst! Es w\u00fcrde uns freuen.\"<\/p>\n<p>\u00dcber Claudia Michelsen<br \/>\nClaudia Michelsen, in Dresden geboren, studierte Schauspiel in Berlin und spielte dort an der Volksb\u00fchne, am Deutschen Theater und an der Schaub\u00fchne. Sie ist in vielen gro\u00dfen Film- und Fernsehproduktionen zu sehen, z.B. in \u201eDer Tunnel\u201c, \u201e12 hei\u00dft: ich liebe dich\u201c, in dem TV-Mehrteiler \u201eKu\u2019damm\u201c. Seit 2013 ermittelt sie als Kommissarin im Magdeburger \u201ePolizeiruf 110\u201c.\u202f Sie wurde als Schauspielerin mehrfach ausgezeichnet, u.a. mit der Goldenen Kamera, dem Bambi, der Goldenen Henne und zweimal mit dem Grimme-Preis. Sie tourt mit verschiedenen Lesungsprogrammen und leiht immer wieder H\u00f6rb\u00fcchern ihre unverwechselbare Stimme. Sie engagiert sich f\u00fcr das christliche Kinder- und Jugendhilfswerk e.V. \u201eDie Arche\u201c.<\/p>\n<p>\u00dcber Jakob B\u00e4nsch<br \/>\nDer preisgekr\u00f6nte Trompeter und Komponist Jakob B\u00e4nsch z\u00e4hlt zu den vielversprechendsten Rising Stars der europ\u00e4ischen Jazzszene. Sein Deb\u00fctalbum Opening wurde u. a. mit dem Deutschen Jazzpreis 2024 als \u201eDeb\u00fctalbum des Jahres\u201c ausgezeichnet. Im Februar 2025 folgte sein zweites Album All The Others, welches impressionistische Klassik, modernen Jazz und Folk-Elemente miteinander verwebt. Mit seinen Bands trat er bereits in den renommiertesten Jazzclubs und auf f\u00fchrenden Festivals Deutschlands auf und arbeitete eng mit internationalen Gr\u00f6\u00dfen wie Nathan East, Nils Landgren, Wolfgang Haffner, Emil Mangelsdorff, Wolfgang Niedecken, Max Mutzke, Michael Abene sowie als Solist mit der WDR Big Band zusammen.<\/p>\n<\/div>\n<\/div>\n<div class=\"link moretext-toggle\"><\/div>\n<\/div>\n<\/div>\n<\/div>\n<\/section>\n<section class=\"c container\" data-c=\"eviwidget\" data-qa=\"evi-widget\">\n<div class=\"js-evi-wrapper theme-element-border evi-wrapper\">\n<div class=\"js-evi-box\" data-evi-widget-version=\"3.19.0\">\n<div id=\"evi-widget-rule-11e8fcb5-8a5e-aaee-e6eb-996adb054c48\" class=\"evi-widget evi-widget evi-widget-type-ticket-alarm-single\"><\/div>\n<\/div>\n<\/div>\n<\/section>","protected":false},"excerpt":{"rendered":"<p>\u201eEin Weihnachtsabend voller Erz\u00e4hlungen\u201c mit Claudia Michelsen im Dezember 2026<\/p>","protected":false},"featured_media":67955,"template":"","meta":{"_acf_changed":false,"inline_featured_image":false},"product_brand":[],"product_cat":[31,348,922,86,6764,35,21,58],"product_tag":[5526,7163,941,1476,951,943,1691,944,947,948],"class_list":{"0":"post-67952","1":"product","2":"type-product","3":"status-publish","4":"has-post-thumbnail","6":"product_cat-events","7":"product_cat-felsenkeller","8":"product_cat-kultur","9":"product_cat-leipzig","10":"product_cat-lesung","11":"product_cat-orte","12":"product_cat-ticket","13":"product_cat-veranstaltung","14":"product_tag-claudia-michelsen","15":"product_tag-ein-weihnachtsabend-voller-erzaehlungen-mit-musik","16":"product_tag-events","17":"product_tag-felsenkeller","18":"product_tag-kultur","19":"product_tag-leipzig","20":"product_tag-lesung","21":"product_tag-orte","22":"product_tag-ticket","23":"product_tag-veranstaltung","24":"product_shipping_class-nur_paketversand","25":"pa_discount-inklusive-begleitperson","26":"pa_discount-normalpreis","27":"pa_preiskategorie-freie-platzwahl","29":"first","30":"instock","31":"taxable","32":"shipping-taxable","33":"purchasable","34":"product-type-variable"},"group_of_quantity":0,"min_quantity":0,"max_quantity":"","exclude_order_quantity_value_rules":"no","exclude_category_quantity_rules":"no","combine_variations":"no","acf":[],"_links":{"self":[{"href":"https:\/\/arena-ticket.com\/en\/wp-json\/wp\/v2\/product\/67952","targetHints":{"allow":["GET"]}}],"collection":[{"href":"https:\/\/arena-ticket.com\/en\/wp-json\/wp\/v2\/product"}],"about":[{"href":"https:\/\/arena-ticket.com\/en\/wp-json\/wp\/v2\/types\/product"}],"wp:featuredmedia":[{"embeddable":true,"href":"https:\/\/arena-ticket.com\/en\/wp-json\/wp\/v2\/media\/67955"}],"wp:attachment":[{"href":"https:\/\/arena-ticket.com\/en\/wp-json\/wp\/v2\/media?parent=67952"}],"wp:term":[{"taxonomy":"product_brand","embeddable":true,"href":"https:\/\/arena-ticket.com\/en\/wp-json\/wp\/v2\/product_brand?post=67952"},{"taxonomy":"product_cat","embeddable":true,"href":"https:\/\/arena-ticket.com\/en\/wp-json\/wp\/v2\/product_cat?post=67952"},{"taxonomy":"product_tag","embeddable":true,"href":"https:\/\/arena-ticket.com\/en\/wp-json\/wp\/v2\/product_tag?post=67952"}],"curies":[{"name":"wp","href":"https:\/\/api.w.org\/{rel}","templated":true}]}}