{"id":67957,"date":"2026-02-28T13:09:21","date_gmt":"2026-02-28T12:09:21","guid":{"rendered":"https:\/\/arena-ticket.com\/?p=67957&#038;post_type=product&#038;preview_id=67957"},"modified":"2026-02-28T13:15:25","modified_gmt":"2026-02-28T12:15:25","slug":"miss-allie-paradiesvogel-tour-leipzig-felsenkeller-12-03-2027-2000-uhr","status":"publish","type":"product","link":"https:\/\/arena-ticket.com\/en\/product\/miss-allie-paradiesvogel-tour-leipzig-felsenkeller-12-03-2027-2000-uhr\/","title":{"rendered":"Miss Allie  - Paradiesvogel Tour"},"content":{"rendered":"<section class=\"c-full c-inner c-narrow\" data-c=\"stageteasertext\" data-qa=\"stageteasertext-component\">\n<div class=\"container\">\n<div class=\"external-content no-margin\">\n<div class=\"u-position-relative js-moretext-wrapper\">\n<div class=\"moretext js-moretext expanded\" data-qa=\"readMoreText\">\n<div class=\"moretext-teaser\">\n<p>Miss Allie verl\u00e4ngert ihre aktuelle Tournee! Aufgrund der gro\u00dfen Nachfrage gibt es weitere Termine im Herbst 2026 in Deutschland, \u00d6sterreich und der Schweiz. Das vierte und gleichnamige Album zur Tour \u201eParadiesvogel\u201c ist erschienen.<\/p>\n<p>Miss Allie gilt als eine der humorvollsten Singer-Songwriterinnen im deutschsprachigen Raum und \u00fcberragende Entertainerin. Sie bringt eine einzigartige Mischung aus modernem Liedermaching, charmantem Humor und scharfsinniger Sozialkritik auf die B\u00fchne. Ihre Konzerte sind wahrhaftige<br \/>\nGemeinschaftsereignisse, bei denen sie oft spontan und schlagfertig mit dem Publikum interagiert und ihre Lieder in humorvolle Anekdoten und pers\u00f6nliche Geschichten einbettet. Ihre Musik und ihre warme Pers\u00f6nlichkeit erzeugen Wellen an Emotionen, die entweder sanft oder mit voller Wucht durch den Konzertsaal rauschen. Fassungslos authentisch, mit verwegener Entschlossenheit und starker Stimme rei\u00dft sie das Publikum Abend f\u00fcr Abend mit.<\/p>\n<p>What makes Miss Allie stand out is her willingness to break social taboos and address difficult topics in her songs. Her lyrics are often provocative and thought-provoking. She is not afraid to say things that are unspeakable.<\/p>\n<p>Songs wie \u201eDu bist wundersch\u00f6n\u201c oder \u201eDieter \u2013 das Regeltagebuch\u201c haben bereits Kultstatus und sind virale Hits. Hinzu kommen zeitlose Liedermacherballaden wie \u201eGelernt ham\u2018 wir nicht viel\u201c und fantasievolle Popsongs wie \u201eImmer wieder fallen\u201c, die die musikalische Bandbreite der Songpoetin zeigen. Diese Bandbreite wird durch musikalische Stand Ups komplettiert. Sie hat \u201eFunny Bones\u201c und so verwundert es nicht, dass sie als Musikerin auch regelm\u00e4\u00dfig in Comedyformaten zu sehen ist.<\/p>\n<p>Miss Allie stand bereits mehrfach mit Carolin Kebekus auf der B\u00fchne. Olli Schulz empfahl ihr letztes Album im Podcast mit Jan B\u00f6hmermann, ein ARTE Concert durfte sie schon spielen. Sie ist zahlreich preisgekr\u00f6nt und regelm\u00e4\u00dfig pr\u00e4sent in TV und Radio, zudem gerngesehener Gast in Talkshows<\/p>\n<p>&nbsp;<\/p>\n<\/div>\n<\/div>\n<div class=\"link moretext-toggle\"><\/div>\n<\/div>\n<\/div>\n<\/div>\n<\/section>\n<section class=\"c container\" data-c=\"eviwidget\" data-qa=\"evi-widget\">\n<div class=\"js-evi-wrapper theme-element-border evi-wrapper\">\n<div class=\"js-evi-box\" data-evi-widget-version=\"3.19.0\">\n<div id=\"evi-widget-rule-11e8fcb5-8a5e-aaee-e6eb-996adb054c48\" class=\"evi-widget evi-widget evi-widget-type-ticket-alarm-single\"><\/div>\n<\/div>\n<\/div>\n<\/section>","protected":false},"excerpt":{"rendered":"<p>Mit ihrer einzigartigen Mischung aus modernem Liedermaching und charmantem Humor geht Miss Allie auf gro\u00dfe \"Paradiesvogel\"-Tour!<\/p>","protected":false},"featured_media":67960,"template":"","meta":{"_acf_changed":false,"inline_featured_image":false},"product_brand":[],"product_cat":[31,348,69,86,35,6746,21,58],"product_tag":[941,1476,942,943,4074,944,7164,6814,947,948],"class_list":{"0":"post-67957","1":"product","2":"type-product","3":"status-publish","4":"has-post-thumbnail","6":"product_cat-events","7":"product_cat-felsenkeller","8":"product_cat-konzert","9":"product_cat-leipzig","10":"product_cat-orte","11":"product_cat-singer-songwriter","12":"product_cat-ticket","13":"product_cat-veranstaltung","14":"product_tag-events","15":"product_tag-felsenkeller","16":"product_tag-konzert","17":"product_tag-leipzig","18":"product_tag-miss-allie","19":"product_tag-orte","20":"product_tag-paradiesvogel-tour","21":"product_tag-singer-songwriter","22":"product_tag-ticket","23":"product_tag-veranstaltung","24":"product_shipping_class-nur_paketversand","25":"pa_discount-inklusive-begleitperson","26":"pa_discount-normalpreis","27":"pa_preiskategorie-freie-platzwahl","29":"first","30":"instock","31":"taxable","32":"shipping-taxable","33":"purchasable","34":"product-type-variable"},"group_of_quantity":0,"min_quantity":0,"max_quantity":"","exclude_order_quantity_value_rules":"no","exclude_category_quantity_rules":"no","combine_variations":"no","acf":[],"_links":{"self":[{"href":"https:\/\/arena-ticket.com\/en\/wp-json\/wp\/v2\/product\/67957","targetHints":{"allow":["GET"]}}],"collection":[{"href":"https:\/\/arena-ticket.com\/en\/wp-json\/wp\/v2\/product"}],"about":[{"href":"https:\/\/arena-ticket.com\/en\/wp-json\/wp\/v2\/types\/product"}],"wp:featuredmedia":[{"embeddable":true,"href":"https:\/\/arena-ticket.com\/en\/wp-json\/wp\/v2\/media\/67960"}],"wp:attachment":[{"href":"https:\/\/arena-ticket.com\/en\/wp-json\/wp\/v2\/media?parent=67957"}],"wp:term":[{"taxonomy":"product_brand","embeddable":true,"href":"https:\/\/arena-ticket.com\/en\/wp-json\/wp\/v2\/product_brand?post=67957"},{"taxonomy":"product_cat","embeddable":true,"href":"https:\/\/arena-ticket.com\/en\/wp-json\/wp\/v2\/product_cat?post=67957"},{"taxonomy":"product_tag","embeddable":true,"href":"https:\/\/arena-ticket.com\/en\/wp-json\/wp\/v2\/product_tag?post=67957"}],"curies":[{"name":"wp","href":"https:\/\/api.w.org\/{rel}","templated":true}]}}