{"id":67964,"date":"2026-02-28T14:04:38","date_gmt":"2026-02-28T13:04:38","guid":{"rendered":"https:\/\/arena-ticket.com\/?p=67964&#038;post_type=product&#038;preview_id=67964"},"modified":"2026-02-28T14:10:04","modified_gmt":"2026-02-28T13:10:04","slug":"lichterkinder-live-sommer-mitmachspass-2026-leipzig-parkbuehne-21-08-2026-1630-uhr","status":"publish","type":"product","link":"https:\/\/arena-ticket.com\/en\/product\/lichterkinder-live-sommer-mitmachspass-2026-leipzig-parkbuehne-21-08-2026-1630-uhr\/","title":{"rendered":"LICHTERKINDER Live  - Sommer Mitmachspa\u00df 2026"},"content":{"rendered":"<p>LICHTERKINDER LIVE - Die gro\u00dfe Familienparty!<\/p>\n<p>Seit 2015 schaffen LICHTERKINDER ein einzigartiges Universum aus Musik, Videos und Tanz - gesungen und getanzt von Kindern f\u00fcr Kinder. Die Songs von Lichterkinder sind in Kitas, Kinderzimmern und bei Laternenumz\u00fcgen l\u00e4ngst nicht mehr wegzudenken. Jetzt k\u00f6nnt ihr die beliebten Tanz- und Mitmachlieder hautnah erleben. Die Show bietet eine einzigartige Atmosph\u00e4re, bei der Kinderaugen strahlen und Eltern die Musik genauso genie\u00dfen wie die Kleinen.<\/p>\n<p>LICHTERKINDER und ihre Hits sind bekannt durch \u00fcber 600 Millionen YouTube-Aufrufe, Top Ten Chartplatzierungen, Rekord Streamings und sehr erfolgreiche Tonie Figuren. Nach der super gelungenen Millionen Sterne Tour 2025, kommen sie auch in diesem Jahr wieder live auf die B\u00fchne!<\/p>\n<p>Freut euch auf eine mitrei\u00dfende Show voller Tanz, Musik und Spa\u00df, bei der die ganze Familie gemeinsam singen, tanzen und feiern kann! Seid dabei beim Sommer Mitmach-Spa\u00df 2026 und auf der Millionen Sterne Tour 2026!<\/p>\n<p>Die 7-k\u00f6pfige LICHTERKINDER-Liveband bringt die gr\u00f6\u00dften Hits wie \u201eDer K\u00f6rperteil Blues\u201c und \u201eGuck mal diese Biene da\u201c live auf die B\u00fchne - mit fr\u00f6hlichen Choreografien, bunten Kost\u00fcmen, einer magischen Lichtshow und jeder Menge Energie. Liki und Lumi sind nat\u00fcrlich auch dabei und bringen weitere Freunde, wie die Biene, aus dem Lichterkinder-Universum mit.<\/p>\n<p>Mit ihrem Sternenreich-Charme bringen sie alle zum Tanzen und Singen, denn der Saal ist die B\u00fchne und das Publikum der wahre Star der Show.<\/p>\n<p>Erinnerungen, die nicht vergessen werden, entstehen bei jedem Mitmach-Konzert der Lichterkinder Live Band, wenn Kinder aus der jeweiligen Region beim gro\u00dfen Finale mit auf der B\u00fchne stehen. Mit etwas Gl\u00fcck kann jedes Kind dieses besondere Erlebnis durch die Teilnahme an der \u201aSternenticket\u2018-Verlosung \u00fcber Lichterkinder-Website gewinnen. Wer gewinnt, darf schon vor dem offiziellen Einlass zusammen mit einer erwachsenen Begleitung in die Halle, bekommt eine exklusive Backstage Tour, trifft Liki und Lumi pers\u00f6nlich, erlebt einen richtigen Soundcheck und schnuppert echte B\u00fchnenluft! Was f\u00fcr ein Gef\u00fchl, dann sp\u00e4ter vor mindestens 1000 Zuschauenden im Saal auf der gro\u00dfen B\u00fchne zu stehen!<\/p>\n<p>Eine Erinnerung f\u00fcr immer - oder wie Liki sagen w\u00fcrde: \u201aAm Anfang lernen wir zu staunen!\u2018<\/p>\n<p>Die Live-Show begeistert Familien in Deutschland, \u00d6sterreich und der Schweiz, von gro\u00dfen Open-Air-Events wie im Stadtpark Hamburg bis hin zu ausverkauften Konzerten vom Rheinland bis Berlin und von Hamburg bis nach Wien. Ein Erlebnis f\u00fcr Gro\u00df und Klein!<\/p>\n<p>Sichert euch jetzt Tickets f\u00fcr LICHTERKINDER LIVE!<br \/>\nEin unvergessliches Erlebnis f\u00fcr die ganze Familie: Gemeinsam singen, tanzen und Spa\u00df haben!<\/p>\n<p>LICHTERKINDER LIVE - Wir alle sind LICHTERKINDER!<\/p>","protected":false},"excerpt":{"rendered":"<p>Secure your tickets!<\/p>","protected":false},"featured_media":67968,"template":"","meta":{"_acf_changed":false,"inline_featured_image":false},"product_brand":[],"product_cat":[31,94,86,35,347,21,58],"product_tag":[941,978,943,7165,944,966,7166,947,948],"class_list":{"0":"post-67964","1":"product","2":"type-product","3":"status-publish","4":"has-post-thumbnail","6":"product_cat-events","7":"product_cat-kinder","8":"product_cat-leipzig","9":"product_cat-orte","10":"product_cat-parkbuehne-leipzig","11":"product_cat-ticket","12":"product_cat-veranstaltung","13":"product_tag-events","14":"product_tag-kinder","15":"product_tag-leipzig","16":"product_tag-lichterkinder-live","17":"product_tag-orte","18":"product_tag-parkbuehne-leipzig","19":"product_tag-sommer-mitmachspass-2026","20":"product_tag-ticket","21":"product_tag-veranstaltung","22":"product_shipping_class-nur_paketversand","23":"pa_discount-inklusive-begleitperson","24":"pa_discount-kind","25":"pa_discount-normalpreis","26":"pa_preiskategorie-freie-platzwahl","27":"pa_preiskategorie-rollstuhlfahrer","28":"pa_preiskategorie-stehplatz","30":"first","31":"instock","32":"taxable","33":"shipping-taxable","34":"purchasable","35":"product-type-variable"},"group_of_quantity":0,"min_quantity":0,"max_quantity":"","exclude_order_quantity_value_rules":"no","exclude_category_quantity_rules":"no","combine_variations":"no","acf":[],"_links":{"self":[{"href":"https:\/\/arena-ticket.com\/en\/wp-json\/wp\/v2\/product\/67964","targetHints":{"allow":["GET"]}}],"collection":[{"href":"https:\/\/arena-ticket.com\/en\/wp-json\/wp\/v2\/product"}],"about":[{"href":"https:\/\/arena-ticket.com\/en\/wp-json\/wp\/v2\/types\/product"}],"wp:featuredmedia":[{"embeddable":true,"href":"https:\/\/arena-ticket.com\/en\/wp-json\/wp\/v2\/media\/67968"}],"wp:attachment":[{"href":"https:\/\/arena-ticket.com\/en\/wp-json\/wp\/v2\/media?parent=67964"}],"wp:term":[{"taxonomy":"product_brand","embeddable":true,"href":"https:\/\/arena-ticket.com\/en\/wp-json\/wp\/v2\/product_brand?post=67964"},{"taxonomy":"product_cat","embeddable":true,"href":"https:\/\/arena-ticket.com\/en\/wp-json\/wp\/v2\/product_cat?post=67964"},{"taxonomy":"product_tag","embeddable":true,"href":"https:\/\/arena-ticket.com\/en\/wp-json\/wp\/v2\/product_tag?post=67964"}],"curies":[{"name":"wp","href":"https:\/\/api.w.org\/{rel}","templated":true}]}}