{"id":67970,"date":"2026-02-28T14:11:11","date_gmt":"2026-02-28T13:11:11","guid":{"rendered":"https:\/\/arena-ticket.com\/?p=67970&#038;post_type=product&#038;preview_id=67970"},"modified":"2026-02-28T14:22:43","modified_gmt":"2026-02-28T13:22:43","slug":"donots-h-blockx-sommer-shows-2026-leipzig-parkbuehne-20-08-2026-1900-uhr","status":"publish","type":"product","link":"https:\/\/arena-ticket.com\/en\/product\/donots-h-blockx-sommer-shows-2026-leipzig-parkbuehne-20-08-2026-1900-uhr\/","title":{"rendered":"Donots & H-Blockx  - Sommer Shows 2026"},"content":{"rendered":"<p>Die westf\u00e4lische Punkrocker-Institution DONOTS und die Crossover-Helden H-BLOCKX gehen im Sommer 2026 gemeinsam auf Festival-Tour in der Republik. Nach \u00fcber 30 Jahren Freundschaft und als zwei der einflussreichsten und besten Live-Bands der Republik zelebrieren die beiden M\u00fcnsterl\u00e4nder Sportgitarren-Legenden alte Klassiker und neue Songs auf ausgew\u00e4hlten Open Airs \u2013 darunter auch das Konzert am 20.08.2026 in der Parkb\u00fchne Leipzig.<\/p>","protected":false},"excerpt":{"rendered":"<p>Secure your tickets!<\/p>","protected":false},"featured_media":67973,"template":"","meta":{"_acf_changed":false,"inline_featured_image":false},"product_brand":[],"product_cat":[31,69,86,35,347,6745,21,58],"product_tag":[7167,941,942,943,944,966,6801,6452,947,948],"class_list":{"0":"post-67970","1":"product","2":"type-product","3":"status-publish","4":"has-post-thumbnail","6":"product_cat-events","7":"product_cat-konzert","8":"product_cat-leipzig","9":"product_cat-orte","10":"product_cat-parkbuehne-leipzig","11":"product_cat-punk-punkrock","12":"product_cat-ticket","13":"product_cat-veranstaltung","14":"product_tag-donots-h-blockx","15":"product_tag-events","16":"product_tag-konzert","17":"product_tag-leipzig","18":"product_tag-orte","19":"product_tag-parkbuehne-leipzig","20":"product_tag-punk-punkrock","21":"product_tag-sommer-shows-2026","22":"product_tag-ticket","23":"product_tag-veranstaltung","24":"product_shipping_class-nur_paketversand","25":"pa_discount-inklusive-begleitperson","26":"pa_discount-normalpreis","27":"pa_preiskategorie-rollstuhlfahrer","28":"pa_preiskategorie-stehplatz","30":"first","31":"instock","32":"taxable","33":"shipping-taxable","34":"purchasable","35":"product-type-variable"},"group_of_quantity":0,"min_quantity":0,"max_quantity":"","exclude_order_quantity_value_rules":"no","exclude_category_quantity_rules":"no","combine_variations":"no","acf":[],"_links":{"self":[{"href":"https:\/\/arena-ticket.com\/en\/wp-json\/wp\/v2\/product\/67970","targetHints":{"allow":["GET"]}}],"collection":[{"href":"https:\/\/arena-ticket.com\/en\/wp-json\/wp\/v2\/product"}],"about":[{"href":"https:\/\/arena-ticket.com\/en\/wp-json\/wp\/v2\/types\/product"}],"wp:featuredmedia":[{"embeddable":true,"href":"https:\/\/arena-ticket.com\/en\/wp-json\/wp\/v2\/media\/67973"}],"wp:attachment":[{"href":"https:\/\/arena-ticket.com\/en\/wp-json\/wp\/v2\/media?parent=67970"}],"wp:term":[{"taxonomy":"product_brand","embeddable":true,"href":"https:\/\/arena-ticket.com\/en\/wp-json\/wp\/v2\/product_brand?post=67970"},{"taxonomy":"product_cat","embeddable":true,"href":"https:\/\/arena-ticket.com\/en\/wp-json\/wp\/v2\/product_cat?post=67970"},{"taxonomy":"product_tag","embeddable":true,"href":"https:\/\/arena-ticket.com\/en\/wp-json\/wp\/v2\/product_tag?post=67970"}],"curies":[{"name":"wp","href":"https:\/\/api.w.org\/{rel}","templated":true}]}}