{"id":67975,"date":"2026-02-28T14:17:53","date_gmt":"2026-02-28T13:17:53","guid":{"rendered":"https:\/\/arena-ticket.com\/?p=67975&#038;post_type=product&#038;preview_id=67975"},"modified":"2026-02-28T14:23:03","modified_gmt":"2026-02-28T13:23:03","slug":"black-label-society-uk-eu-tour-2026-leipzig-parkbuehne-14-08-2026-1845-uhr","status":"publish","type":"product","link":"https:\/\/arena-ticket.com\/en\/product\/black-label-society-uk-eu-tour-2026-leipzig-parkbuehne-14-08-2026-1845-uhr\/","title":{"rendered":"Black Label Society  - UK \/ EU TOUR 2026"},"content":{"rendered":"<p>Zakk Wylde, Bandleader der Black Label Society, schwingt seine Gitarre wie eine Wikingerwaffe, h\u00e4mmert dicke Riffs heraus und quetscht ausdrucksstarke Kreischlaute heraus, als hinge der Ruhm seiner Berserker-Bruderschaft von jeder einzelnen Note ab \u2013 was nat\u00fcrlich auch der Fall ist.<\/p>\n<p>&nbsp;<\/p>\n<p>Als charismatisches Tier und vollendeter Showman zeigt Wylde sein gro\u00dfes Herz und seine aufrichtige Seele mit ungez\u00fcgelter, entfesselter, animalischer Leidenschaft in der Black Label Society, egal ob es sich um einen erdr\u00fcckend schweren Blues-Rock-Kracher oder eine pianogetriebene Ode an einen gefallenen Bruder handelt. Jedes Album der Black Label Society ist eine weitere Gelegenheit, das vorherige zu \u00fcbertreffen, aber wie AC\/DC oder die Rolling Stones ist BLS nicht hier, um das Rad neu zu erfinden. Was nicht kaputt ist, muss man nicht reparieren. Es ist eine Marke, der wir vertrauen k\u00f6nnen. M\u00e4chtige Songs wie \u201eDamn the Flood\u201d, \u201eIn This River\u201d, \u201eStillborn\u201d, \u201eMy Dying Time\u201d, \u201eQueen of Sorrow\u201d und \u201eBlood Is Thicker Than Water\u201d haben Millionen von Downloads und Streams erzielt. Sie sind der Soundtrack zu schwei\u00dftreibenden Festen, ausgelassenen Abenden, die in verwirrende Morgenstunden m\u00fcnden, und adrenalingeladenen Sportarten. Mit \u201eGrimmest Hits\u201c, dem zehnten Studioalbum der Band und Nachfolger der Billboard Top 5-Alben \u201eCatacombs of the Black Vatican (Deluxe)\u201c und \u201eOrder Of The Black\u201c, pr\u00e4sentiert Black Label Society seinen treuen Fans neue Hymnen wie \u201eRoom of Nightmares\u201c, das bluesige \u201eSeasons Of Falter\u201c und das s\u00fcdstaatlich angehauchte \u201eThe Day That Heaven Had Gone Away\u201c \u2013 12 unaufhaltsame Tracks, die den Soundtrack zu diesem Lebensstil erg\u00e4nzen.<\/p>","protected":false},"excerpt":{"rendered":"<p>Secure your tickets!<\/p>","protected":false},"featured_media":67978,"template":"","meta":{"_acf_changed":false,"inline_featured_image":false},"product_brand":[],"product_cat":[31,69,86,6736,35,347,21,58],"product_tag":[7168,941,942,943,6819,944,966,947,7169,948],"class_list":{"0":"post-67975","1":"product","2":"type-product","3":"status-publish","4":"has-post-thumbnail","6":"product_cat-events","7":"product_cat-konzert","8":"product_cat-leipzig","9":"product_cat-metal-metalcore","10":"product_cat-orte","11":"product_cat-parkbuehne-leipzig","12":"product_cat-ticket","13":"product_cat-veranstaltung","14":"product_tag-black-label-society","15":"product_tag-events","16":"product_tag-konzert","17":"product_tag-leipzig","18":"product_tag-metal-metalcore","19":"product_tag-orte","20":"product_tag-parkbuehne-leipzig","21":"product_tag-ticket","22":"product_tag-uk-eu-tour-2026","23":"product_tag-veranstaltung","24":"product_shipping_class-nur_paketversand","25":"pa_discount-inklusive-begleitperson","26":"pa_discount-normalpreis","27":"pa_preiskategorie-rollstuhlfahrer","28":"pa_preiskategorie-stehplatz","30":"first","31":"instock","32":"taxable","33":"shipping-taxable","34":"purchasable","35":"product-type-variable"},"group_of_quantity":0,"min_quantity":0,"max_quantity":"","exclude_order_quantity_value_rules":"no","exclude_category_quantity_rules":"no","combine_variations":"no","acf":[],"_links":{"self":[{"href":"https:\/\/arena-ticket.com\/en\/wp-json\/wp\/v2\/product\/67975","targetHints":{"allow":["GET"]}}],"collection":[{"href":"https:\/\/arena-ticket.com\/en\/wp-json\/wp\/v2\/product"}],"about":[{"href":"https:\/\/arena-ticket.com\/en\/wp-json\/wp\/v2\/types\/product"}],"wp:featuredmedia":[{"embeddable":true,"href":"https:\/\/arena-ticket.com\/en\/wp-json\/wp\/v2\/media\/67978"}],"wp:attachment":[{"href":"https:\/\/arena-ticket.com\/en\/wp-json\/wp\/v2\/media?parent=67975"}],"wp:term":[{"taxonomy":"product_brand","embeddable":true,"href":"https:\/\/arena-ticket.com\/en\/wp-json\/wp\/v2\/product_brand?post=67975"},{"taxonomy":"product_cat","embeddable":true,"href":"https:\/\/arena-ticket.com\/en\/wp-json\/wp\/v2\/product_cat?post=67975"},{"taxonomy":"product_tag","embeddable":true,"href":"https:\/\/arena-ticket.com\/en\/wp-json\/wp\/v2\/product_tag?post=67975"}],"curies":[{"name":"wp","href":"https:\/\/api.w.org\/{rel}","templated":true}]}}