{"id":67980,"date":"2026-02-28T14:25:39","date_gmt":"2026-02-28T13:25:39","guid":{"rendered":"https:\/\/arena-ticket.com\/?p=67980&#038;post_type=product&#038;preview_id=67980"},"modified":"2026-03-12T11:09:06","modified_gmt":"2026-03-12T10:09:06","slug":"the-wombats-leipzig-parkbuehne-31-07-2026-1900-uhr","status":"publish","type":"product","link":"https:\/\/arena-ticket.com\/en\/product\/the-wombats-leipzig-parkbuehne-31-07-2026-1900-uhr\/","title":{"rendered":"The Wombats - 2026"},"content":{"rendered":"<p data-start=\"417\" data-end=\"820\">Nach einem Rekordjahr voller ausverkaufter Shows, Chart-Erfolge und einer begeisternden Festival-Saison setzen\u00a0<strong data-start=\"528\" data-end=\"543\">The Wombats<\/strong>\u00a02026 ihren weltweiten Triumphzug fort. Mit der Extended Edition des gefeierten Albums\u00a0<strong data-start=\"630\" data-end=\"649\">\u201eOh! The Ocean\u201c<\/strong>im Gep\u00e4ck k\u00fcndigt die Band f\u00fcr 2026 eine neue Tour an \u2013 mit Shows, die ihre energiegeladenen Indie-Hymnen in noch gr\u00f6\u00dferen Hallen und auf neuen B\u00fchnen zum Leben erwecken.<\/p>\n<p data-start=\"822\" data-end=\"1278\">Mit ihrem Mix aus druckvollem Gitarrenpop, bitters\u00fc\u00dfen Melodien und extremer Live-Euphorie bleibt das Trio eines der best\u00e4ndigsten, \u00fcberraschendsten und popkulturell relevantesten Indie-Ph\u00e4nomene der Gegenwart. Tracks wie\u00a0<strong data-start=\"1044\" data-end=\"1063\">\u201eGreek Tragedy\u201c<\/strong>,\u00a0<strong data-start=\"1065\" data-end=\"1093\">\u201eLemon to a Knife Fight\u201c<\/strong>\u00a0oder die neue Single\u00a0<strong data-start=\"1115\" data-end=\"1131\">\u201eHoly Sugar\u201c<\/strong>, die bereits als \u201eHottest Record\u201c auf BBC Radio 1 gefeiert wird, liefern den Soundtrack einer Generation \u2013 und finden seit Jahren immer neue Fans.<\/p>\n<h3 data-start=\"1280\" data-end=\"1321\">Eine Band auf konstantem H\u00f6henflug<\/h3>\n<p data-start=\"1322\" data-end=\"1722\">Seit dem Deb\u00fct\u00a0<strong data-start=\"1337\" data-end=\"1385\">\u201eA Guide to Love, Loss &amp; Desperation\u201c (2007)<\/strong>\u00a0hat sich das Trio aus Liverpool zu einem globalen Headliner entwickelt. Mit\u00a0<strong data-start=\"1462\" data-end=\"1493\">\u00fcber 2,5 Milliarden Streams<\/strong>, viralen Erfolgen auf TikTok und einem\u00a0<strong data-start=\"1533\" data-end=\"1554\">Nr.-1-Album in UK<\/strong>(<em data-start=\"1556\" data-end=\"1585\">Fix Yourself, Not the World<\/em>) beweisen The Wombats, dass ihr ikonischer Sound 20 Jahre nach ihrem Start relevanter denn je ist.<\/p>\n<h3 data-start=\"1724\" data-end=\"1763\">Neue Live-Energie \u2013 neue Songs<\/h3>\n<p data-start=\"1764\" data-end=\"2094\">Die angek\u00fcndigten Shows 2026 pr\u00e4sentieren die The Wombats in Bestform:<br data-start=\"1834\" data-end=\"1837\" \/>voller knackiger Hooks, tanzbarer Indie-Hymnen und frischer Tracks aus der erweiterten Albumversion von\u00a0<strong data-start=\"1941\" data-end=\"1960\">\u201eOh! The Ocean\u201c<\/strong>, inklusive neuer Songs, die gemeinsam mit\u00a0<strong data-start=\"2003\" data-end=\"2021\">John Congleton<\/strong>\u00a0and\u00a0<strong data-start=\"2026\" data-end=\"2039\">Mark Crew<\/strong>\u00a0entstanden sind.<\/p>\n<p data-start=\"1322\" data-end=\"1722\">","protected":false},"excerpt":{"rendered":"<p>Secure your tickets!<\/p>","protected":false},"featured_media":67983,"template":"","meta":{"_acf_changed":false,"inline_featured_image":false},"product_brand":[],"product_cat":[31,6748,69,86,35,347,21,58],"product_tag":[4206,941,6827,942,943,944,966,7170,947,948],"class_list":{"0":"post-67980","1":"product","2":"type-product","3":"status-publish","4":"has-post-thumbnail","6":"product_cat-events","7":"product_cat-indie","8":"product_cat-konzert","9":"product_cat-leipzig","10":"product_cat-orte","11":"product_cat-parkbuehne-leipzig","12":"product_cat-ticket","13":"product_cat-veranstaltung","14":"product_tag-4206","15":"product_tag-events","16":"product_tag-indie","17":"product_tag-konzert","18":"product_tag-leipzig","19":"product_tag-orte","20":"product_tag-parkbuehne-leipzig","21":"product_tag-the-wombats","22":"product_tag-ticket","23":"product_tag-veranstaltung","24":"product_shipping_class-nur_paketversand","25":"pa_discount-inklusive-begleitperson","26":"pa_discount-normalpreis","27":"pa_preiskategorie-rollstuhlfahrer","28":"pa_preiskategorie-stehplatz","30":"first","31":"instock","32":"taxable","33":"shipping-taxable","34":"purchasable","35":"product-type-variable"},"group_of_quantity":0,"min_quantity":0,"max_quantity":"","exclude_order_quantity_value_rules":"no","exclude_category_quantity_rules":"no","combine_variations":"no","acf":[],"_links":{"self":[{"href":"https:\/\/arena-ticket.com\/en\/wp-json\/wp\/v2\/product\/67980","targetHints":{"allow":["GET"]}}],"collection":[{"href":"https:\/\/arena-ticket.com\/en\/wp-json\/wp\/v2\/product"}],"about":[{"href":"https:\/\/arena-ticket.com\/en\/wp-json\/wp\/v2\/types\/product"}],"wp:featuredmedia":[{"embeddable":true,"href":"https:\/\/arena-ticket.com\/en\/wp-json\/wp\/v2\/media\/67983"}],"wp:attachment":[{"href":"https:\/\/arena-ticket.com\/en\/wp-json\/wp\/v2\/media?parent=67980"}],"wp:term":[{"taxonomy":"product_brand","embeddable":true,"href":"https:\/\/arena-ticket.com\/en\/wp-json\/wp\/v2\/product_brand?post=67980"},{"taxonomy":"product_cat","embeddable":true,"href":"https:\/\/arena-ticket.com\/en\/wp-json\/wp\/v2\/product_cat?post=67980"},{"taxonomy":"product_tag","embeddable":true,"href":"https:\/\/arena-ticket.com\/en\/wp-json\/wp\/v2\/product_tag?post=67980"}],"curies":[{"name":"wp","href":"https:\/\/api.w.org\/{rel}","templated":true}]}}