{"id":67985,"date":"2026-02-28T14:32:20","date_gmt":"2026-02-28T13:32:20","guid":{"rendered":"https:\/\/arena-ticket.com\/?p=67985&#038;post_type=product&#038;preview_id=67985"},"modified":"2026-02-28T14:43:19","modified_gmt":"2026-02-28T13:43:19","slug":"uriah-heep-live-2026-leipzig-parkbuehne-17-07-2026-1900-uhr","status":"publish","type":"product","link":"https:\/\/arena-ticket.com\/en\/product\/uriah-heep-live-2026-leipzig-parkbuehne-17-07-2026-1900-uhr\/","title":{"rendered":"Uriah Heep  - Live 2026"},"content":{"rendered":"<p><strong>Die Rock-Ikonen Uriah Heep kommen 2026 nach Deutschland zur\u00fcck f\u00fcr zwei Konzerte!<\/strong><\/p>\n<p>Uriah Heep geh\u00f6ren seit den sp\u00e4ten 1960er-Jahren zu den pr\u00e4genden britischen Rockinstitutionen. Zusammen mit Bands wie Led Zeppelin, Black Sabbath und Deep Purple halfen sie, eine eigenst\u00e4ndige, melodisch gepr\u00e4gte Form des Hard Rock und fr\u00fchen Heavy Metal zu entwickeln. Bereits das Deb\u00fct Very \u2019Eavy, Very \u2019Umble markierte 1970 einen wichtigen Schritt in der Entstehung des Genres. Songs wie \u201eGypsy\u201c, \u201eBird of Prey\u201c oder \u201eWalking in Your Shadow\u201c machten die Band schnell international bekannt.<\/p>\n<p>&nbsp;<\/p>\n<p>Ihre gr\u00f6\u00dften Erfolge feierte die Band Anfang der 1970er-Jahre mit den Alben Demons and Wizards, The Magician\u2019s Birthday und Sweet Freedom, die in den USA Goldstatus erreichten. Charakteristisch f\u00fcr Uriah Heep waren die vielstimmigen Ges\u00e4nge, die ihnen den Spitznamen \u201eBeach Boys des Heavy Metal\u201c einbrachten, sowie der markante Einsatz von Hammond-Orgel und Mick Box\u2019 wah-wah-getr\u00e4nkter Gitarre. Weltweit verkaufte die Band rund 40 Millionen Tontr\u00e4ger und etablierte sich durch unerm\u00fcdliches Touren besonders in Deutschland, Skandinavien, Japan, Osteuropa und Russland, wo sie 1987 als erste westliche Rockband in Moskau spielten.<\/p>\n<p>\u00dcber f\u00fcnf Jahrzehnte nach ihrer Gr\u00fcndung sind Uriah Heep eine der wenigen klassischen Rockbands, die weiterhin weltweit touren und regelm\u00e4\u00dfig neue Musik ver\u00f6ffentlichen. F\u00fcr Mick Box und seine Mitstreiter ist die Band kein Nostalgieprojekt, sondern ein lebendiges, kreatives Kraftzentrum \u2013 getragen von Energie, Positivit\u00e4t und einer treuen internationalen Fangemeinde. Uriah Heep sind auch heute so leidenschaftlich und kraftvoll wie eh und je.<\/p>","protected":false},"excerpt":{"rendered":"<p>Secure your tickets!<\/p>","protected":false},"featured_media":67988,"template":"","meta":{"_acf_changed":false,"inline_featured_image":false},"product_brand":[],"product_cat":[31,69,86,35,347,6732,21,58],"product_tag":[941,942,943,4819,944,966,6804,947,4914,948],"class_list":{"0":"post-67985","1":"product","2":"type-product","3":"status-publish","4":"has-post-thumbnail","6":"product_cat-events","7":"product_cat-konzert","8":"product_cat-leipzig","9":"product_cat-orte","10":"product_cat-parkbuehne-leipzig","11":"product_cat-rock-hard-rock","12":"product_cat-ticket","13":"product_cat-veranstaltung","14":"product_tag-events","15":"product_tag-konzert","16":"product_tag-leipzig","17":"product_tag-live-2026","18":"product_tag-orte","19":"product_tag-parkbuehne-leipzig","20":"product_tag-rock-hard-rock","21":"product_tag-ticket","22":"product_tag-uriah-heep","23":"product_tag-veranstaltung","24":"product_shipping_class-nur_paketversand","25":"pa_discount-inklusive-begleitperson","26":"pa_discount-normalpreis","27":"pa_preiskategorie-rollstuhlfahrer","28":"pa_preiskategorie-stehplatz","30":"first","31":"instock","32":"taxable","33":"shipping-taxable","34":"purchasable","35":"product-type-variable"},"group_of_quantity":0,"min_quantity":0,"max_quantity":"","exclude_order_quantity_value_rules":"no","exclude_category_quantity_rules":"no","combine_variations":"no","acf":[],"_links":{"self":[{"href":"https:\/\/arena-ticket.com\/en\/wp-json\/wp\/v2\/product\/67985","targetHints":{"allow":["GET"]}}],"collection":[{"href":"https:\/\/arena-ticket.com\/en\/wp-json\/wp\/v2\/product"}],"about":[{"href":"https:\/\/arena-ticket.com\/en\/wp-json\/wp\/v2\/types\/product"}],"wp:featuredmedia":[{"embeddable":true,"href":"https:\/\/arena-ticket.com\/en\/wp-json\/wp\/v2\/media\/67988"}],"wp:attachment":[{"href":"https:\/\/arena-ticket.com\/en\/wp-json\/wp\/v2\/media?parent=67985"}],"wp:term":[{"taxonomy":"product_brand","embeddable":true,"href":"https:\/\/arena-ticket.com\/en\/wp-json\/wp\/v2\/product_brand?post=67985"},{"taxonomy":"product_cat","embeddable":true,"href":"https:\/\/arena-ticket.com\/en\/wp-json\/wp\/v2\/product_cat?post=67985"},{"taxonomy":"product_tag","embeddable":true,"href":"https:\/\/arena-ticket.com\/en\/wp-json\/wp\/v2\/product_tag?post=67985"}],"curies":[{"name":"wp","href":"https:\/\/api.w.org\/{rel}","templated":true}]}}