{"id":67990,"date":"2026-02-28T14:45:24","date_gmt":"2026-02-28T13:45:24","guid":{"rendered":"https:\/\/arena-ticket.com\/?p=67990&#038;post_type=product&#038;preview_id=67990"},"modified":"2026-02-28T15:30:31","modified_gmt":"2026-02-28T14:30:31","slug":"alin-coen-du-bedeutest-mir-die-welt-tour-leipzig-parkbuehne-16-07-2026-2000-uhr","status":"publish","type":"product","link":"https:\/\/arena-ticket.com\/en\/product\/alin-coen-du-bedeutest-mir-die-welt-tour-leipzig-parkbuehne-16-07-2026-2000-uhr\/","title":{"rendered":"Alin Coen  - \u201eDu bedeutest mir die Welt\u201c-Tour"},"content":{"rendered":"<p>Achtsamkeit und Heilung, N\u00e4he und Verantwortung, eine Musik, die vom Ohr direkt ins Herz dringt. Die Songpoetin Alin Coen besingt die feinen F\u00e4den, die Menschen verbinden \u2013 Eltern und Kinder, Liebende und Freunde. Und scheut auch die dunkleren Noten nicht: Entt\u00e4uschung, Abschied und Zweifel finden ihren Platz. Doch jedes Lied h\u00e4lt am Ende Lichtfunken bereit. Mit ber\u00fchrender Offenheit erz\u00e4hlen die neuen Lieder im ganz Kleinen und im ganz Gro\u00dfen vom Beginn des Lebens. Von der Geburt eines Kindes bis hin zur Geburt des Universums.<\/p>\n<p>&nbsp;<\/p>\n<p>Alin Coen greift nach den Sternen. \u201eAlles beginnt im All\u201d und \u201eMond und Erde\u201d verleihen dem Album galaktische Dimensionen. Denn sich in den Nachthimmel hineinzuh\u00f6ren, bedeutet Neues zu wagen. Das Weltall wird zum Traumflugziel f\u00fcr Aufbruch und Ver\u00e4nderung \u2013 f\u00fcr den Mut, Grenzen hinter sich zu lassen und einen Neuanfang zu wagen. Diese poetische Weite tritt in den spannenden Kontrast zur sanften, unmittelbaren W\u00e4rme der anderen Lieder, die ganz nah am Boden, am Herzen des Allt\u00e4glichen bleiben.<\/p>\n<p>&nbsp;<\/p>\n<p><strong>Ihre Worte. Ihre Welt. Ihre Musik.<\/strong><\/p>\n<p>&nbsp;<\/p>\n<p>So f\u00fcgen sich Facetten von \u201eDu bedeutest mir die Welt\u201d zu einem Ganzen. Mal fl\u00fcsternd und zerbrechlich, mal erz\u00e4hlerisch und augenzwinkernd, mal melodisch verspielt. Jede Zeile atmet ihre unverkennbare Mischung aus Verletzlichkeit und St\u00e4rke. Das Sch\u00f6ne ist, dass man sp\u00fcrt: Hier singt ein Mensch, der mit der Welt hadert. Wie du und ich! Aber sie gleichzeitig kr\u00e4ftig umarmt. Lass uns das auch tun!<\/p>\n<p>&nbsp;<\/p>\n<p>Alin Coens Musik ist eine klingende Ladestation f\u00fcr Positivit\u00e4t. Eine Welt voller N\u00e4he, in der jedes Wort z\u00e4hlt und jede Stille spricht. Wenn man Alin Coen mit ihrer warmen Stimme und akustischen Gitarre erlebt, entsteht augenblicklich eine Atmosph\u00e4re von Geborgenheit. Auf Augenh\u00f6he. Im Dialog. Es entfaltet sich eine gemeinsame Reise durch Emotionen und Melodien. Wenn einem nur immer im Leben, wie beim H\u00f6ren von Alin Coen, bewusst w\u00e4re, dass Verletzlichkeit keine Schw\u00e4che ist, sondern eine Einladung, zusammen zu wachsen.<\/p>\n<p>&nbsp;<\/p>\n<p>Nun geht Alin Coen mit \u201eDu bedeutest mir die Welt\u201d auf Tour: In ausgew\u00e4hlten Konzertst\u00e4tten und Theaters\u00e4len wird sie den Zauber ihres Albums deutschlandweit auf die B\u00fchnen bringen. Begleitet von ihrer einf\u00fchlsamen Band, kn\u00fcpft sie an die Magie der vergangenen Konzerte an und schl\u00e4gt zugleich ein neues bedeutsames Kapitel auf. Sie l\u00e4dt dich ein, diese Klangreise live mitzuerleben \u2013 einer Reise, die mit dem Erscheinen des neuen Albums \u201eDu bedeutest mir die Welt\u201c ihren strahlenden H\u00f6hepunkt findet.<\/p>","protected":false},"excerpt":{"rendered":"<p>Ein Leuchten. Eine Umarmung. Alin Coen ist zur\u00fcck auf Klangreise, zur\u00fcck mit neuen Liedern und einem Album \u2013 eine Liebeserkl\u00e4rung, die schon mit dem Titel beginnt: \u201eDu bedeutest mir die Welt\u201d<\/p>","protected":false},"featured_media":67993,"template":"","meta":{"_acf_changed":false,"inline_featured_image":false},"product_brand":[],"product_cat":[31,69,86,35,347,6746,21,58],"product_tag":[7172,7171,941,942,943,944,966,6814,947,948],"class_list":{"0":"post-67990","1":"product","2":"type-product","3":"status-publish","4":"has-post-thumbnail","6":"product_cat-events","7":"product_cat-konzert","8":"product_cat-leipzig","9":"product_cat-orte","10":"product_cat-parkbuehne-leipzig","11":"product_cat-singer-songwriter","12":"product_cat-ticket","13":"product_cat-veranstaltung","14":"product_tag-du-bedeutest-mir-die-welt-tour","15":"product_tag-alin-coen","16":"product_tag-events","17":"product_tag-konzert","18":"product_tag-leipzig","19":"product_tag-orte","20":"product_tag-parkbuehne-leipzig","21":"product_tag-singer-songwriter","22":"product_tag-ticket","23":"product_tag-veranstaltung","24":"product_shipping_class-nur_paketversand","25":"pa_discount-inklusive-begleitperson","26":"pa_discount-normalpreis","27":"pa_preiskategorie-rollstuhlfahrer","28":"pa_preiskategorie-stehplatz","30":"first","31":"instock","32":"taxable","33":"shipping-taxable","34":"purchasable","35":"product-type-variable"},"group_of_quantity":0,"min_quantity":0,"max_quantity":"","exclude_order_quantity_value_rules":"no","exclude_category_quantity_rules":"no","combine_variations":"no","acf":[],"_links":{"self":[{"href":"https:\/\/arena-ticket.com\/en\/wp-json\/wp\/v2\/product\/67990","targetHints":{"allow":["GET"]}}],"collection":[{"href":"https:\/\/arena-ticket.com\/en\/wp-json\/wp\/v2\/product"}],"about":[{"href":"https:\/\/arena-ticket.com\/en\/wp-json\/wp\/v2\/types\/product"}],"wp:featuredmedia":[{"embeddable":true,"href":"https:\/\/arena-ticket.com\/en\/wp-json\/wp\/v2\/media\/67993"}],"wp:attachment":[{"href":"https:\/\/arena-ticket.com\/en\/wp-json\/wp\/v2\/media?parent=67990"}],"wp:term":[{"taxonomy":"product_brand","embeddable":true,"href":"https:\/\/arena-ticket.com\/en\/wp-json\/wp\/v2\/product_brand?post=67990"},{"taxonomy":"product_cat","embeddable":true,"href":"https:\/\/arena-ticket.com\/en\/wp-json\/wp\/v2\/product_cat?post=67990"},{"taxonomy":"product_tag","embeddable":true,"href":"https:\/\/arena-ticket.com\/en\/wp-json\/wp\/v2\/product_tag?post=67990"}],"curies":[{"name":"wp","href":"https:\/\/api.w.org\/{rel}","templated":true}]}}