{"id":67995,"date":"2026-02-28T15:29:28","date_gmt":"2026-02-28T14:29:28","guid":{"rendered":"https:\/\/arena-ticket.com\/?p=67995&#038;post_type=product&#038;preview_id=67995"},"modified":"2026-04-14T12:59:37","modified_gmt":"2026-04-14T10:59:37","slug":"joss-stone-uk-europe-summer-2026-leipzig-parkbuehne-14-06-2026-1900-uhr","status":"publish","type":"product","link":"https:\/\/arena-ticket.com\/en\/product\/joss-stone-uk-europe-summer-2026-leipzig-parkbuehne-14-06-2026-1900-uhr\/","title":{"rendered":"Joss Stone  - UK & Europe Summer 2026"},"content":{"rendered":"<p>Joss Stone k\u00fcndigt weitere Termine ihrer neuen UK &amp; Europa-Tournee an. Die gefeierte Grammy- und Brit-Awards-Gewinnerin kehrt im Sommer 2026 endlich wieder nach Deutschland zur\u00fcck. Mit ihrer unverwechselbaren Soul-Stimme begeistert die britische S\u00e4ngerin seit \u00fcber zwei Jahrzehnten ein weltweites Publikum. Der Startschuss der Deutschlandtour f\u00e4llt am 14. Juni in Leipzig, bevor es f\u00fcr sie in die Zitadelle nach Mainz und abschlie\u00dfend zu einem Auftritt auf dem Tollwood in M\u00fcnchen mit Special Guest Emeli Sand\u00e9 geht.<\/p>\n<p>Ihren internationalen Durchbruch feierte Joss Stone im Jahr 2003 mit dem Deb\u00fctalbum \u201eThe Soul Sessions\u201c \u2013 ver\u00f6ffentlicht im Alter von nur 16 Jahren. Seitdem tourt die heute 38-J\u00e4hrige mit bislang acht Studioalben durch die ganze Welt. Im Jahr 2014 schrieb sie mit ihrer \u201eTotal World Tour\u201c Musikgeschichte: In enger Zusammenar-beit mit lokalen K\u00fcnstler:innen und Wohlt\u00e4tigkeitsorganisationen trat Joss Stone in jedem Land der Erde auf.<\/p>\n<p>2023 feierte sie ihr 20-j\u00e4hriges B\u00fchnenjubil\u00e4um mit der \u201e20 Years of Soul\u201c-Tour und nahm dabei zugleich ihr erstes Live-Album auf. Ein besonderer H\u00f6hepunkt war das restlos ausverkaufte Konzert in der Royal Albert Hall, das beim Publikum wie auch bei der internationalen Presse f\u00fcr Begeisterung sorgte. Nach der erfolgreichen \u201eEllipsis Tour\u201c 2024, gemeinsamen Shows mit Melissa Etheridge sowie ihrer \u201eLess is More\u201c Tour durch Nord- und S\u00fcdamerika, kommt Joss Stone nun endlich im Sommer Deutschland.<\/p>\n<p>In ihrer beeindruckenden Karriere stand Joss Stone bereits mit zahlreichen Musiklegenden auf der B\u00fchne, da-runter James Brown, Burt Bacharach, Stevie Wonder, Gladys Knight, Sting, Van Morrison, Jeff Beck, Mick Jagger und Damien Marley. Parallel zur Tour arbeitet die vierfache Mutter aktuell an ihrem neunten Studioalbum, das f\u00fcr 2027 geplant ist, sowie an ihrem erfolgreichen Podcast \u201eA Cuppa Love\u201c. Erste musikalische Einblicke in ihr neues Werk d\u00fcrfen Fans voraussichtlich schon bei den Konzerten 2026 erwarten.<\/p>","protected":false},"excerpt":{"rendered":"<p>Joss Stone feiert den Sommer in Europa mit ihrer UK &amp; Europe Summer Tour 2026.<\/p>","protected":false},"featured_media":67998,"template":"","meta":{"_acf_changed":false,"inline_featured_image":false},"product_brand":[],"product_cat":[31,69,86,35,347,6749,21,58],"product_tag":[941,7173,942,943,944,966,6779,947,7174,948],"class_list":{"0":"post-67995","1":"product","2":"type-product","3":"status-publish","4":"has-post-thumbnail","6":"product_cat-events","7":"product_cat-konzert","8":"product_cat-leipzig","9":"product_cat-orte","10":"product_cat-parkbuehne-leipzig","11":"product_cat-sonstiges_konzert","12":"product_cat-ticket","13":"product_cat-veranstaltung","14":"product_tag-events","15":"product_tag-joss-stone","16":"product_tag-konzert","17":"product_tag-leipzig","18":"product_tag-orte","19":"product_tag-parkbuehne-leipzig","20":"product_tag-sonstiges","21":"product_tag-ticket","22":"product_tag-uk-europe-summer-2026","23":"product_tag-veranstaltung","24":"product_shipping_class-nur_paketversand","25":"pa_discount-inklusive-begleitperson","26":"pa_discount-normalpreis","27":"pa_preiskategorie-rollstuhlfahrer","28":"pa_preiskategorie-stehplatz","30":"first","31":"instock","32":"taxable","33":"shipping-taxable","34":"purchasable","35":"product-type-variable"},"group_of_quantity":0,"min_quantity":0,"max_quantity":"","exclude_order_quantity_value_rules":"no","exclude_category_quantity_rules":"no","combine_variations":"no","acf":[],"_links":{"self":[{"href":"https:\/\/arena-ticket.com\/en\/wp-json\/wp\/v2\/product\/67995","targetHints":{"allow":["GET"]}}],"collection":[{"href":"https:\/\/arena-ticket.com\/en\/wp-json\/wp\/v2\/product"}],"about":[{"href":"https:\/\/arena-ticket.com\/en\/wp-json\/wp\/v2\/types\/product"}],"wp:featuredmedia":[{"embeddable":true,"href":"https:\/\/arena-ticket.com\/en\/wp-json\/wp\/v2\/media\/67998"}],"wp:attachment":[{"href":"https:\/\/arena-ticket.com\/en\/wp-json\/wp\/v2\/media?parent=67995"}],"wp:term":[{"taxonomy":"product_brand","embeddable":true,"href":"https:\/\/arena-ticket.com\/en\/wp-json\/wp\/v2\/product_brand?post=67995"},{"taxonomy":"product_cat","embeddable":true,"href":"https:\/\/arena-ticket.com\/en\/wp-json\/wp\/v2\/product_cat?post=67995"},{"taxonomy":"product_tag","embeddable":true,"href":"https:\/\/arena-ticket.com\/en\/wp-json\/wp\/v2\/product_tag?post=67995"}],"curies":[{"name":"wp","href":"https:\/\/api.w.org\/{rel}","templated":true}]}}