{"id":68131,"date":"2026-03-03T15:23:39","date_gmt":"2026-03-03T14:23:39","guid":{"rendered":"https:\/\/arena-ticket.com\/?p=68131&#038;post_type=product&#038;preview_id=68131"},"modified":"2026-03-05T09:36:53","modified_gmt":"2026-03-05T08:36:53","slug":"elena-uhlig-und-fritz-karl-die-ehe-eine-feindliche-uebernahme-leipzig-haus-leipzig-03-04-2027-2000-uhr","status":"publish","type":"product","link":"https:\/\/arena-ticket.com\/en\/product\/elena-uhlig-und-fritz-karl-die-ehe-eine-feindliche-uebernahme-leipzig-haus-leipzig-03-04-2027-2000-uhr\/","title":{"rendered":"ELENA UHLIG &amp; FRITZ KARL  - Die Ehe: eine feindliche \u00dcbernahme"},"content":{"rendered":"<h2><\/h2>\n<p>&nbsp;<\/p>\n<p>Die beiden aus Film und Fernsehen bekannten Schauspieler pr\u00e4sentieren ein ebenso witziges wie pointiertes Programm \u00fcber die gro\u00dfen und kleinen Dramen des Zusammenlebens. Mit viel Literatur, Selbstironie und Schlagfertigkeit lesen, spielen und zitieren sie aus ber\u00fchmten Texten, werfen eigene Beobachtungen in den Ring und schaffen einen Abend voller Wiedererkennungsmomente.<\/p>\n<p>Eine temperamentvolle, kluge und herrlich ehrliche Lesung \u00fcber die unz\u00e4hligen Facetten der Liebe \u2013 mal wild, mal ber\u00fchrend, immer treffsicher.<\/p>\n<p>Cast: Elena Uhlig, Fritz Karl<\/p>\n<p>&nbsp;<\/p>","protected":false},"excerpt":{"rendered":"<p class=\"mt0\">Nach ihrem gefeierten Erfolgsprogramm \u201eBeziehungsstatus: erledigt\u201c kehren Elena Uhlig und Fritz Karl endlich mit dem lang ersehnten neuen B\u00fchnenabend zur\u00fcck: \u201eDie Ehe \u2013 eine feindliche \u00dcbernahme\u201c.<\/p>","protected":false},"featured_media":68136,"template":"","meta":{"_acf_changed":false,"inline_featured_image":false},"product_brand":[],"product_cat":[31,349,95,6726,922,86,6764,35,21,58],"product_tag":[3474,7176,3473,941,955,6774,960,951,943,1691,944,947,948],"class_list":{"0":"post-68131","1":"product","2":"type-product","3":"status-publish","4":"has-post-thumbnail","6":"product_cat-events","7":"product_cat-haus-leipzig","8":"product_cat-humor","9":"product_cat-kabarett","10":"product_cat-kultur","11":"product_cat-leipzig","12":"product_cat-lesung","13":"product_cat-orte","14":"product_cat-ticket","15":"product_cat-veranstaltung","16":"product_tag-beziehungsstatus-erledigt","17":"product_tag-die-ehe-eine-feindliche-uebernahme","18":"product_tag-elena-uhlig-fritz-karl","19":"product_tag-events","20":"product_tag-haus-leipzig","21":"product_tag-humor","22":"product_tag-kabarett","23":"product_tag-kultur","24":"product_tag-leipzig","25":"product_tag-lesung","26":"product_tag-orte","27":"product_tag-ticket","28":"product_tag-veranstaltung","29":"product_shipping_class-nur_paketversand","30":"pa_discount-normalpreis","31":"pa_preiskategorie-pk-i","32":"pa_preiskategorie-pk-ii","33":"pa_preiskategorie-pk-iii","35":"first","36":"outofstock","37":"taxable","38":"shipping-taxable","39":"purchasable","40":"product-type-variable"},"group_of_quantity":0,"min_quantity":0,"max_quantity":"","exclude_order_quantity_value_rules":"no","exclude_category_quantity_rules":"no","combine_variations":"no","acf":[],"_links":{"self":[{"href":"https:\/\/arena-ticket.com\/en\/wp-json\/wp\/v2\/product\/68131","targetHints":{"allow":["GET"]}}],"collection":[{"href":"https:\/\/arena-ticket.com\/en\/wp-json\/wp\/v2\/product"}],"about":[{"href":"https:\/\/arena-ticket.com\/en\/wp-json\/wp\/v2\/types\/product"}],"wp:featuredmedia":[{"embeddable":true,"href":"https:\/\/arena-ticket.com\/en\/wp-json\/wp\/v2\/media\/68136"}],"wp:attachment":[{"href":"https:\/\/arena-ticket.com\/en\/wp-json\/wp\/v2\/media?parent=68131"}],"wp:term":[{"taxonomy":"product_brand","embeddable":true,"href":"https:\/\/arena-ticket.com\/en\/wp-json\/wp\/v2\/product_brand?post=68131"},{"taxonomy":"product_cat","embeddable":true,"href":"https:\/\/arena-ticket.com\/en\/wp-json\/wp\/v2\/product_cat?post=68131"},{"taxonomy":"product_tag","embeddable":true,"href":"https:\/\/arena-ticket.com\/en\/wp-json\/wp\/v2\/product_tag?post=68131"}],"curies":[{"name":"wp","href":"https:\/\/api.w.org\/{rel}","templated":true}]}}