{"id":68149,"date":"2026-03-04T10:21:22","date_gmt":"2026-03-04T09:21:22","guid":{"rendered":"https:\/\/arena-ticket.com\/?p=68149&#038;post_type=product&#038;preview_id=68149"},"modified":"2026-03-04T11:28:16","modified_gmt":"2026-03-04T10:28:16","slug":"leipzig-liest-goldfarb-goldfarb-13-woelfe-live-survivaltraining-fuer-paare-20-03-2026-1930-uhr-academixer-keller-kabarett","status":"publish","type":"product","link":"https:\/\/arena-ticket.com\/en\/product\/leipzig-liest-goldfarb-goldfarb-13-woelfe-live-survivaltraining-fuer-paare-20-03-2026-1930-uhr-academixer-keller-kabarett\/","title":{"rendered":"Goldfarb & Goldfarb: 13 W\u00f6lfe - Live-Survivaltraining f\u00fcr Paare"},"content":{"rendered":"<p>Wenn man doch nur die Zeit h\u00e4tte, sich um seine Beziehungen zu k\u00fcmmern! Aber eine Paartherapie ist teuer, Pl\u00e4tze sind rar und irgendetwas kommt sowieso immer dazwischen. Au\u00dferdem ist Beziehungsarbeit hart und unangenehm, das h\u00f6rt man schon im Wort. Trotzdem: Man kann sich in eine langj\u00e4hrige Beziehung nicht hineinlegen wie in eine Badewanne. Denn dann wird das Wasser irgendwann kalt. Hier kommt \u00bb13 W\u00f6lfe \u2013 das Live-Survivaltraining f\u00fcr Paare\u00ab ins Spiel: Ein Abend mit hoher Pointendichte, skurrilen Figuren und messerscharfem Witz, der gleichzeitig mit wissenschaftlich fundierten Erkenntnissen und handfesten \u00dcbungen aus der Praxis hilft, Beziehungen zu verbessern.<\/p>\n<p>Ein Abend f\u00fcr Verliebte, f\u00fcr Verletzte, f\u00fcr Jung und Alt und alle dazwischen mit dem Berliner Paartherapeutenpaar Laura und Tobias Goldfarb \u2013 sie ist Kabarettistin, Schauspielerin und systemische Therapeutin, er ist Spiegel-Bestsellerautor und Regisseur. Laura und Tobias stammen aus sehr unterschiedlichen Familien (einer j\u00fcdisch-argentinischen Gro\u00dffamilie, in der immer alle durcheinander reden und einer katholisch-deutschen Kleinfamilie, in der der Gro\u00dfteil der Konversation zwischen den Zeilen passiert).<\/p>\n<p>In \u00bb13 W\u00f6lfe\u00ab haben sie nicht nur die langj\u00e4hrige Erfahrung in ihrer Praxis, sondern auch ganz pers\u00f6nliche Facetten einflie\u00dfen lassen.<\/p>","protected":false},"excerpt":{"rendered":"<p>Ein bissig-ehrlicher Abend \u00fcber Paaralltag und Therapie mit messerscharfem Witz, praktischen \u00dcbungen und pers\u00f6nlichen Einsichten von Laura und Tobias Goldfarb.<\/p>","protected":false},"featured_media":68152,"template":"","meta":{"_acf_changed":false,"inline_featured_image":false},"product_brand":[],"product_cat":[351,31,922,86,6764,35,21,58],"product_tag":[3304,941,7177,951,943,1691,7178,944,947,948],"class_list":{"0":"post-68149","1":"product","2":"type-product","3":"status-publish","4":"has-post-thumbnail","6":"product_cat-academixer-keller","7":"product_cat-events","8":"product_cat-kultur","9":"product_cat-leipzig","10":"product_cat-lesung","11":"product_cat-orte","12":"product_cat-ticket","13":"product_cat-veranstaltung","14":"product_tag-academixer-keller","15":"product_tag-events","16":"product_tag-goldfarb-goldfarb-13-woelfe","17":"product_tag-kultur","18":"product_tag-leipzig","19":"product_tag-lesung","20":"product_tag-live-survivaltraining-fuer-paare","21":"product_tag-orte","22":"product_tag-ticket","23":"product_tag-veranstaltung","24":"product_shipping_class-nur_paketversand","25":"pa_discount-normalpreis","26":"pa_discount-schwerbeschaedigt-inkl-begleitperson","27":"pa_preiskategorie-pk-i","28":"pa_preiskategorie-pk-ii","30":"first","31":"instock","32":"taxable","33":"shipping-taxable","34":"purchasable","35":"product-type-variable"},"group_of_quantity":0,"min_quantity":0,"max_quantity":"","exclude_order_quantity_value_rules":"no","exclude_category_quantity_rules":"no","combine_variations":"no","acf":[],"_links":{"self":[{"href":"https:\/\/arena-ticket.com\/en\/wp-json\/wp\/v2\/product\/68149","targetHints":{"allow":["GET"]}}],"collection":[{"href":"https:\/\/arena-ticket.com\/en\/wp-json\/wp\/v2\/product"}],"about":[{"href":"https:\/\/arena-ticket.com\/en\/wp-json\/wp\/v2\/types\/product"}],"wp:featuredmedia":[{"embeddable":true,"href":"https:\/\/arena-ticket.com\/en\/wp-json\/wp\/v2\/media\/68152"}],"wp:attachment":[{"href":"https:\/\/arena-ticket.com\/en\/wp-json\/wp\/v2\/media?parent=68149"}],"wp:term":[{"taxonomy":"product_brand","embeddable":true,"href":"https:\/\/arena-ticket.com\/en\/wp-json\/wp\/v2\/product_brand?post=68149"},{"taxonomy":"product_cat","embeddable":true,"href":"https:\/\/arena-ticket.com\/en\/wp-json\/wp\/v2\/product_cat?post=68149"},{"taxonomy":"product_tag","embeddable":true,"href":"https:\/\/arena-ticket.com\/en\/wp-json\/wp\/v2\/product_tag?post=68149"}],"curies":[{"name":"wp","href":"https:\/\/api.w.org\/{rel}","templated":true}]}}